{"id":8245,"date":"2024-07-03T13:09:02","date_gmt":"2024-07-03T17:09:02","guid":{"rendered":"https:\/\/wpengine-dev.prevu3d-int.com\/soutien\/"},"modified":"2026-02-17T08:22:52","modified_gmt":"2026-02-17T13:22:52","slug":"soutien","status":"publish","type":"page","link":"https:\/\/www.prevu3d.com\/fr\/soutien\/","title":{"rendered":"Aide et assistance"},"content":{"rendered":"","protected":false},"excerpt":{"rendered":"<p>Trouvez des r\u00e9ponses dans l&rsquo;aide et le support de Prevu3D. Acc\u00e9dez \u00e0 des guides, des conseils de d\u00e9pannage et des ressources pour tirer le meilleur parti de vos flux de travail de jumeaux num\u00e9riques. <\/p>\n","protected":false},"author":24,"featured_media":7559,"parent":0,"menu_order":0,"comment_status":"closed","ping_status":"closed","template":"","meta":{"_acf_changed":false,"content-type":"","inline_featured_image":false,"footnotes":""},"class_list":["post-8245","page","type-page","status-publish","has-post-thumbnail","hentry"],"acf":[],"aioseo_notices":[],"aioseo_head":"\n\t\t<!-- All in One SEO Pro 4.9.6.2 - aioseo.com -->\n\t<meta name=\"description\" content=\"Trouvez des r\u00e9ponses dans l&#039;aide et le support de Prevu3D. Acc\u00e9dez \u00e0 des guides, des conseils de d\u00e9pannage et des ressources pour tirer le meilleur parti de vos flux de travail de jumeaux num\u00e9riques.\" \/>\n\t<meta name=\"robots\" content=\"max-image-preview:large\" \/>\n\t<meta name=\"google-site-verification\" content=\"1aaBOTbZDn3PC1QZfiAz4ZTsGnMlm2ayWpksfw3hWIA\" \/>\n\t<link rel=\"canonical\" href=\"https:\/\/www.prevu3d.com\/fr\/soutien\/\" \/>\n\t<meta name=\"generator\" content=\"All in One SEO Pro (AIOSEO) 4.9.6.2\" \/>\n\t\t<meta property=\"og:locale\" content=\"fr_FR\" \/>\n\t\t<meta property=\"og:site_name\" content=\"Prevu3D | Meet your digital twin\" \/>\n\t\t<meta property=\"og:type\" content=\"article\" \/>\n\t\t<meta property=\"og:title\" content=\"Aide et assistance | Prevu3D\" \/>\n\t\t<meta property=\"og:description\" content=\"Trouvez des r\u00e9ponses dans l&#039;aide et le support de Prevu3D. Acc\u00e9dez \u00e0 des guides, des conseils de d\u00e9pannage et des ressources pour tirer le meilleur parti de vos flux de travail de jumeaux num\u00e9riques.\" \/>\n\t\t<meta property=\"og:url\" content=\"https:\/\/www.prevu3d.com\/fr\/soutien\/\" \/>\n\t\t<meta property=\"og:image\" content=\"https:\/\/www.prevu3d.com\/wp-content\/uploads\/2024\/01\/Site-management.png\" \/>\n\t\t<meta property=\"og:image:secure_url\" content=\"https:\/\/www.prevu3d.com\/wp-content\/uploads\/2024\/01\/Site-management.png\" \/>\n\t\t<meta property=\"og:image:width\" content=\"800\" \/>\n\t\t<meta property=\"og:image:height\" content=\"515\" \/>\n\t\t<meta property=\"article:published_time\" content=\"2024-07-03T17:09:02+00:00\" \/>\n\t\t<meta property=\"article:modified_time\" content=\"2026-02-17T13:22:52+00:00\" \/>\n\t\t<meta name=\"twitter:card\" content=\"summary_large_image\" \/>\n\t\t<meta name=\"twitter:title\" content=\"Aide et assistance | Prevu3D\" \/>\n\t\t<meta name=\"twitter:description\" content=\"Trouvez des r\u00e9ponses dans l&#039;aide et le support de Prevu3D. Acc\u00e9dez \u00e0 des guides, des conseils de d\u00e9pannage et des ressources pour tirer le meilleur parti de vos flux de travail de jumeaux num\u00e9riques.\" \/>\n\t\t<meta name=\"twitter:image\" content=\"https:\/\/www.prevu3d.com\/wp-content\/uploads\/2024\/01\/Site-management.png\" \/>\n\t\t<script type=\"application\/ld+json\" class=\"aioseo-schema\">\n\t\t\t{\"@context\":\"https:\\\/\\\/schema.org\",\"@graph\":[{\"@type\":\"BreadcrumbList\",\"@id\":\"https:\\\/\\\/www.prevu3d.com\\\/fr\\\/soutien\\\/#breadcrumblist\",\"itemListElement\":[{\"@type\":\"ListItem\",\"@id\":\"https:\\\/\\\/www.prevu3d.com\\\/fr\\\/#listItem\",\"position\":1,\"name\":\"Home\",\"item\":\"https:\\\/\\\/www.prevu3d.com\\\/fr\\\/\",\"nextItem\":{\"@type\":\"ListItem\",\"@id\":\"https:\\\/\\\/www.prevu3d.com\\\/fr\\\/soutien\\\/#listItem\",\"name\":\"Aide et assistance\"}},{\"@type\":\"ListItem\",\"@id\":\"https:\\\/\\\/www.prevu3d.com\\\/fr\\\/soutien\\\/#listItem\",\"position\":2,\"name\":\"Aide et assistance\",\"previousItem\":{\"@type\":\"ListItem\",\"@id\":\"https:\\\/\\\/www.prevu3d.com\\\/fr\\\/#listItem\",\"name\":\"Home\"}}]},{\"@type\":\"Organization\",\"@id\":\"https:\\\/\\\/www.prevu3d.com\\\/fr\\\/#organization\",\"name\":\"Prevu3D\",\"description\":\"Enterprise 3D Digital Twin Software Solutions\",\"url\":\"https:\\\/\\\/www.prevu3d.com\\\/fr\\\/\",\"logo\":{\"@type\":\"ImageObject\",\"url\":\"https:\\\/\\\/www.prevu3d.com\\\/wp-content\\\/uploads\\\/2026\\\/02\\\/prevu3d_logo.png\",\"@id\":\"https:\\\/\\\/www.prevu3d.com\\\/fr\\\/soutien\\\/#organizationLogo\",\"width\":1200,\"height\":630},\"image\":{\"@id\":\"https:\\\/\\\/www.prevu3d.com\\\/fr\\\/soutien\\\/#organizationLogo\"},\"sameAs\":[\"https:\\\/\\\/www.linkedin.com\\\/company\\\/prevu3d\"]},{\"@type\":\"WebPage\",\"@id\":\"https:\\\/\\\/www.prevu3d.com\\\/fr\\\/soutien\\\/#webpage\",\"url\":\"https:\\\/\\\/www.prevu3d.com\\\/fr\\\/soutien\\\/\",\"name\":\"Aide et assistance | Prevu3D\",\"description\":\"Trouvez des r\\u00e9ponses dans l'aide et le support de Prevu3D. Acc\\u00e9dez \\u00e0 des guides, des conseils de d\\u00e9pannage et des ressources pour tirer le meilleur parti de vos flux de travail de jumeaux num\\u00e9riques.\",\"inLanguage\":\"fr-FR\",\"isPartOf\":{\"@id\":\"https:\\\/\\\/www.prevu3d.com\\\/fr\\\/#website\"},\"breadcrumb\":{\"@id\":\"https:\\\/\\\/www.prevu3d.com\\\/fr\\\/soutien\\\/#breadcrumblist\"},\"image\":{\"@type\":\"ImageObject\",\"url\":\"https:\\\/\\\/www.prevu3d.com\\\/wp-content\\\/uploads\\\/2024\\\/01\\\/Site-management.png\",\"@id\":\"https:\\\/\\\/www.prevu3d.com\\\/fr\\\/soutien\\\/#mainImage\",\"width\":800,\"height\":515,\"caption\":\"Acc\\u00e9der et organiser les projets de chantier de construction en utilisant la vue de gestion de site de RealityPlatform.\"},\"primaryImageOfPage\":{\"@id\":\"https:\\\/\\\/www.prevu3d.com\\\/fr\\\/soutien\\\/#mainImage\"},\"datePublished\":\"2024-07-03T13:09:02-04:00\",\"dateModified\":\"2026-02-17T08:22:52-05:00\"},{\"@type\":\"WebSite\",\"@id\":\"https:\\\/\\\/www.prevu3d.com\\\/fr\\\/#website\",\"url\":\"https:\\\/\\\/www.prevu3d.com\\\/fr\\\/\",\"name\":\"Prevu3D\",\"description\":\"Meet your digital twin\",\"inLanguage\":\"fr-FR\",\"publisher\":{\"@id\":\"https:\\\/\\\/www.prevu3d.com\\\/fr\\\/#organization\"}}]}\n\t\t<\/script>\n\t\t<!-- All in One SEO Pro -->\r\n\t\t<title>Aide et assistance | Prevu3D<\/title>\n\n","aioseo_head_json":{"title":"Aide et assistance | Prevu3D","description":"Trouvez des r\u00e9ponses dans l'aide et le support de Prevu3D. Acc\u00e9dez \u00e0 des guides, des conseils de d\u00e9pannage et des ressources pour tirer le meilleur parti de vos flux de travail de jumeaux num\u00e9riques.","canonical_url":"https:\/\/www.prevu3d.com\/fr\/soutien\/","robots":"max-image-preview:large","keywords":"","webmasterTools":{"google-site-verification":"1aaBOTbZDn3PC1QZfiAz4ZTsGnMlm2ayWpksfw3hWIA","miscellaneous":""},"schema":{"@context":"https:\/\/schema.org","@graph":[{"@type":"BreadcrumbList","@id":"https:\/\/www.prevu3d.com\/fr\/soutien\/#breadcrumblist","itemListElement":[{"@type":"ListItem","@id":"https:\/\/www.prevu3d.com\/fr\/#listItem","position":1,"name":"Home","item":"https:\/\/www.prevu3d.com\/fr\/","nextItem":{"@type":"ListItem","@id":"https:\/\/www.prevu3d.com\/fr\/soutien\/#listItem","name":"Aide et assistance"}},{"@type":"ListItem","@id":"https:\/\/www.prevu3d.com\/fr\/soutien\/#listItem","position":2,"name":"Aide et assistance","previousItem":{"@type":"ListItem","@id":"https:\/\/www.prevu3d.com\/fr\/#listItem","name":"Home"}}]},{"@type":"Organization","@id":"https:\/\/www.prevu3d.com\/fr\/#organization","name":"Prevu3D","description":"Enterprise 3D Digital Twin Software Solutions","url":"https:\/\/www.prevu3d.com\/fr\/","logo":{"@type":"ImageObject","url":"https:\/\/www.prevu3d.com\/wp-content\/uploads\/2026\/02\/prevu3d_logo.png","@id":"https:\/\/www.prevu3d.com\/fr\/soutien\/#organizationLogo","width":1200,"height":630},"image":{"@id":"https:\/\/www.prevu3d.com\/fr\/soutien\/#organizationLogo"},"sameAs":["https:\/\/www.linkedin.com\/company\/prevu3d"]},{"@type":"WebPage","@id":"https:\/\/www.prevu3d.com\/fr\/soutien\/#webpage","url":"https:\/\/www.prevu3d.com\/fr\/soutien\/","name":"Aide et assistance | Prevu3D","description":"Trouvez des r\u00e9ponses dans l'aide et le support de Prevu3D. Acc\u00e9dez \u00e0 des guides, des conseils de d\u00e9pannage et des ressources pour tirer le meilleur parti de vos flux de travail de jumeaux num\u00e9riques.","inLanguage":"fr-FR","isPartOf":{"@id":"https:\/\/www.prevu3d.com\/fr\/#website"},"breadcrumb":{"@id":"https:\/\/www.prevu3d.com\/fr\/soutien\/#breadcrumblist"},"image":{"@type":"ImageObject","url":"https:\/\/www.prevu3d.com\/wp-content\/uploads\/2024\/01\/Site-management.png","@id":"https:\/\/www.prevu3d.com\/fr\/soutien\/#mainImage","width":800,"height":515,"caption":"Acc\u00e9der et organiser les projets de chantier de construction en utilisant la vue de gestion de site de RealityPlatform."},"primaryImageOfPage":{"@id":"https:\/\/www.prevu3d.com\/fr\/soutien\/#mainImage"},"datePublished":"2024-07-03T13:09:02-04:00","dateModified":"2026-02-17T08:22:52-05:00"},{"@type":"WebSite","@id":"https:\/\/www.prevu3d.com\/fr\/#website","url":"https:\/\/www.prevu3d.com\/fr\/","name":"Prevu3D","description":"Meet your digital twin","inLanguage":"fr-FR","publisher":{"@id":"https:\/\/www.prevu3d.com\/fr\/#organization"}}]},"og:locale":"fr_FR","og:site_name":"Prevu3D | Meet your digital twin","og:type":"article","og:title":"Aide et assistance | Prevu3D","og:description":"Trouvez des r\u00e9ponses dans l'aide et le support de Prevu3D. Acc\u00e9dez \u00e0 des guides, des conseils de d\u00e9pannage et des ressources pour tirer le meilleur parti de vos flux de travail de jumeaux num\u00e9riques.","og:url":"https:\/\/www.prevu3d.com\/fr\/soutien\/","og:image":"https:\/\/www.prevu3d.com\/wp-content\/uploads\/2024\/01\/Site-management.png","og:image:secure_url":"https:\/\/www.prevu3d.com\/wp-content\/uploads\/2024\/01\/Site-management.png","og:image:width":800,"og:image:height":515,"article:published_time":"2024-07-03T17:09:02+00:00","article:modified_time":"2026-02-17T13:22:52+00:00","twitter:card":"summary_large_image","twitter:title":"Aide et assistance | Prevu3D","twitter:description":"Trouvez des r\u00e9ponses dans l'aide et le support de Prevu3D. Acc\u00e9dez \u00e0 des guides, des conseils de d\u00e9pannage et des ressources pour tirer le meilleur parti de vos flux de travail de jumeaux num\u00e9riques.","twitter:image":"https:\/\/www.prevu3d.com\/wp-content\/uploads\/2024\/01\/Site-management.png"},"aioseo_meta_data":{"post_id":"8245","title":null,"description":null,"keywords":null,"keyphrases":{"focus":{"keyphrase":"Help & Support","score":58,"analysis":{"keyphraseInTitle":{"score":9,"maxScore":9,"error":0},"keyphraseInDescription":{"score":9,"maxScore":9,"error":0},"keyphraseLength":{"score":9,"maxScore":9,"error":0,"length":2},"keyphraseInURL":{"score":1,"maxScore":5,"error":1},"keyphraseInIntroduction":{"score":3,"maxScore":9,"error":1},"keyphraseInSubHeadings":{"score":3,"maxScore":9,"error":1},"keyphraseInImageAlt":[],"keywordDensity":{"score":0,"type":"low","maxScore":9,"error":1}}},"additional":[{"keyphrase":"Support","score":75,"analysis":{"keyphraseInDescription":{"score":9,"maxScore":9,"error":0},"keyphraseLength":{"score":9,"maxScore":9,"error":0,"length":1},"keyphraseInIntroduction":{"score":9,"maxScore":9,"error":0},"keyphraseInImageAlt":[],"keywordDensity":{"type":"high","score":0,"maxScore":9,"error":1}}}]},"primary_term":null,"canonical_url":null,"og_title":null,"og_description":null,"og_object_type":"default","og_image_type":"default","og_image_url":null,"og_image_width":null,"og_image_height":null,"og_image_custom_url":null,"og_image_custom_fields":null,"og_video":"","og_custom_url":null,"og_article_section":null,"og_article_tags":null,"twitter_use_og":false,"twitter_card":"default","twitter_image_type":"default","twitter_image_url":null,"twitter_image_custom_url":null,"twitter_image_custom_fields":null,"twitter_title":null,"twitter_description":null,"schema":{"blockGraphs":[],"customGraphs":[],"default":{"data":{"Article":[],"Course":[],"Dataset":[],"FAQPage":[],"Movie":[],"Person":[],"Product":[],"ProductReview":[],"Car":[],"Recipe":[],"Service":[],"SoftwareApplication":[],"WebPage":[]},"graphName":"WebPage","isEnabled":true},"graphs":[]},"schema_type":"default","schema_type_options":null,"pillar_content":false,"robots_default":true,"robots_noindex":false,"robots_noarchive":false,"robots_nosnippet":false,"robots_nofollow":false,"robots_noimageindex":false,"robots_noodp":false,"robots_notranslate":false,"robots_max_snippet":"-1","robots_max_videopreview":"-1","robots_max_imagepreview":"large","priority":null,"frequency":"default","local_seo":null,"seo_analyzer_scan_date":"2026-02-17 13:28:26","breadcrumb_settings":null,"limit_modified_date":false,"reviewed_by":"0","open_ai":null,"ai":{"faqs":[],"keyPoints":[],"titles":[],"descriptions":[],"socialPosts":{"email":[],"linkedin":[],"twitter":[],"facebook":[],"instagram":[]}},"created":"2025-05-01 17:32:10","updated":"2026-02-17 13:34:54"},"aioseo_breadcrumb":"<div class=\"aioseo-breadcrumbs\"><span class=\"aioseo-breadcrumb\">\n\t<a href=\"https:\/\/www.prevu3d.com\/fr\/\" title=\"Home\">Home<\/a>\n<\/span><span class=\"aioseo-breadcrumb-separator\">|<\/span><span class=\"aioseo-breadcrumb\">\n\tAide et assistance\n<\/span><\/div>","aioseo_breadcrumb_json":[{"label":"Home","link":"https:\/\/www.prevu3d.com\/fr\/"},{"label":"Aide et assistance","link":"https:\/\/www.prevu3d.com\/fr\/soutien\/"}],"_links":{"self":[{"href":"https:\/\/www.prevu3d.com\/fr\/wp-json\/wp\/v2\/pages\/8245","targetHints":{"allow":["GET"]}}],"collection":[{"href":"https:\/\/www.prevu3d.com\/fr\/wp-json\/wp\/v2\/pages"}],"about":[{"href":"https:\/\/www.prevu3d.com\/fr\/wp-json\/wp\/v2\/types\/page"}],"author":[{"embeddable":true,"href":"https:\/\/www.prevu3d.com\/fr\/wp-json\/wp\/v2\/users\/24"}],"replies":[{"embeddable":true,"href":"https:\/\/www.prevu3d.com\/fr\/wp-json\/wp\/v2\/comments?post=8245"}],"version-history":[{"count":0,"href":"https:\/\/www.prevu3d.com\/fr\/wp-json\/wp\/v2\/pages\/8245\/revisions"}],"wp:featuredmedia":[{"embeddable":true,"href":"https:\/\/www.prevu3d.com\/fr\/wp-json\/wp\/v2\/media\/7559"}],"wp:attachment":[{"href":"https:\/\/www.prevu3d.com\/fr\/wp-json\/wp\/v2\/media?parent=8245"}],"curies":[{"name":"wp","href":"https:\/\/api.w.org\/{rel}","templated":true}]}}