{"id":6351,"date":"2024-01-25T10:56:46","date_gmt":"2024-01-25T15:56:46","guid":{"rendered":"https:\/\/wpengine-dev.prevu3d-int.com\/en-avant-premiere\/"},"modified":"2026-03-11T12:23:35","modified_gmt":"2026-03-11T16:23:35","slug":"get-preview","status":"publish","type":"page","link":"https:\/\/www.prevu3d.com\/fr\/get-preview\/","title":{"rendered":"Pr\u00e9visualisez"},"content":{"rendered":"","protected":false},"excerpt":{"rendered":"<p>R\u00e9servez une d\u00e9monstration en direct avec un expert Prevu3D pour d\u00e9couvrir notre logiciel de capture de la r\u00e9alit\u00e9 en 3D. Voyez comment il rationalise la conception, la planification et la collaboration. <\/p>\n","protected":false},"author":24,"featured_media":7426,"parent":0,"menu_order":0,"comment_status":"closed","ping_status":"closed","template":"","meta":{"_acf_changed":false,"content-type":"","inline_featured_image":false,"footnotes":""},"class_list":["post-6351","page","type-page","status-publish","has-post-thumbnail","hentry"],"acf":[],"aioseo_notices":[],"aioseo_head":"\n\t\t<!-- All in One SEO Pro 4.9.5.2 - aioseo.com -->\n\t<meta name=\"description\" content=\"R\u00e9servez une d\u00e9monstration en direct avec un expert Prevu3D pour d\u00e9couvrir notre logiciel de capture de la r\u00e9alit\u00e9 en 3D. Voyez comment il rationalise la conception, la planification et la collaboration.\" \/>\n\t<meta name=\"robots\" content=\"max-image-preview:large\" \/>\n\t<meta name=\"google-site-verification\" content=\"1aaBOTbZDn3PC1QZfiAz4ZTsGnMlm2ayWpksfw3hWIA\" \/>\n\t<link rel=\"canonical\" href=\"https:\/\/www.prevu3d.com\/fr\/get-preview\/\" \/>\n\t<meta name=\"generator\" content=\"All in One SEO Pro (AIOSEO) 4.9.5.2\" \/>\n\t\t<meta property=\"og:locale\" content=\"fr_FR\" \/>\n\t\t<meta property=\"og:site_name\" content=\"Prevu3D | Meet your digital twin\" \/>\n\t\t<meta property=\"og:type\" content=\"article\" \/>\n\t\t<meta property=\"og:title\" content=\"Pr\u00e9visualisez | Prevu3D\" \/>\n\t\t<meta property=\"og:description\" content=\"R\u00e9servez une d\u00e9monstration en direct avec un expert Prevu3D pour d\u00e9couvrir notre logiciel de capture de la r\u00e9alit\u00e9 en 3D. Voyez comment il rationalise la conception, la planification et la collaboration.\" \/>\n\t\t<meta property=\"og:url\" content=\"https:\/\/www.prevu3d.com\/fr\/get-preview\/\" \/>\n\t\t<meta property=\"og:image\" content=\"https:\/\/www.prevu3d.com\/wp-content\/uploads\/2024\/05\/see-preview-thumbnail.png\" \/>\n\t\t<meta property=\"og:image:secure_url\" content=\"https:\/\/www.prevu3d.com\/wp-content\/uploads\/2024\/05\/see-preview-thumbnail.png\" \/>\n\t\t<meta property=\"og:image:width\" content=\"751\" \/>\n\t\t<meta property=\"og:image:height\" content=\"560\" \/>\n\t\t<meta property=\"article:published_time\" content=\"2024-01-25T15:56:46+00:00\" \/>\n\t\t<meta property=\"article:modified_time\" content=\"2026-03-11T16:23:35+00:00\" \/>\n\t\t<meta name=\"twitter:card\" content=\"summary_large_image\" \/>\n\t\t<meta name=\"twitter:title\" content=\"Pr\u00e9visualisez | Prevu3D\" \/>\n\t\t<meta name=\"twitter:description\" content=\"R\u00e9servez une d\u00e9monstration en direct avec un expert Prevu3D pour d\u00e9couvrir notre logiciel de capture de la r\u00e9alit\u00e9 en 3D. Voyez comment il rationalise la conception, la planification et la collaboration.\" \/>\n\t\t<meta name=\"twitter:image\" content=\"https:\/\/www.prevu3d.com\/wp-content\/uploads\/2024\/05\/see-preview-thumbnail.png\" \/>\n\t\t<script type=\"application\/ld+json\" class=\"aioseo-schema\">\n\t\t\t{\"@context\":\"https:\\\/\\\/schema.org\",\"@graph\":[{\"@type\":\"BreadcrumbList\",\"@id\":\"https:\\\/\\\/www.prevu3d.com\\\/fr\\\/get-preview\\\/#breadcrumblist\",\"itemListElement\":[{\"@type\":\"ListItem\",\"@id\":\"https:\\\/\\\/www.prevu3d.com\\\/fr\\\/#listItem\",\"position\":1,\"name\":\"Home\",\"item\":\"https:\\\/\\\/www.prevu3d.com\\\/fr\\\/\",\"nextItem\":{\"@type\":\"ListItem\",\"@id\":\"https:\\\/\\\/www.prevu3d.com\\\/fr\\\/get-preview\\\/#listItem\",\"name\":\"Pr\\u00e9visualisez\"}},{\"@type\":\"ListItem\",\"@id\":\"https:\\\/\\\/www.prevu3d.com\\\/fr\\\/get-preview\\\/#listItem\",\"position\":2,\"name\":\"Pr\\u00e9visualisez\",\"previousItem\":{\"@type\":\"ListItem\",\"@id\":\"https:\\\/\\\/www.prevu3d.com\\\/fr\\\/#listItem\",\"name\":\"Home\"}}]},{\"@type\":\"Organization\",\"@id\":\"https:\\\/\\\/www.prevu3d.com\\\/fr\\\/#organization\",\"name\":\"Prevu3D\",\"description\":\"Enterprise 3D Digital Twin Software Solutions\",\"url\":\"https:\\\/\\\/www.prevu3d.com\\\/fr\\\/\",\"logo\":{\"@type\":\"ImageObject\",\"url\":\"https:\\\/\\\/www.prevu3d.com\\\/wp-content\\\/uploads\\\/2026\\\/02\\\/prevu3d_logo.png\",\"@id\":\"https:\\\/\\\/www.prevu3d.com\\\/fr\\\/get-preview\\\/#organizationLogo\",\"width\":1200,\"height\":630},\"image\":{\"@id\":\"https:\\\/\\\/www.prevu3d.com\\\/fr\\\/get-preview\\\/#organizationLogo\"},\"sameAs\":[\"https:\\\/\\\/www.linkedin.com\\\/company\\\/prevu3d\"]},{\"@type\":\"WebPage\",\"@id\":\"https:\\\/\\\/www.prevu3d.com\\\/fr\\\/get-preview\\\/#webpage\",\"url\":\"https:\\\/\\\/www.prevu3d.com\\\/fr\\\/get-preview\\\/\",\"name\":\"Pr\\u00e9visualisez | Prevu3D\",\"description\":\"R\\u00e9servez une d\\u00e9monstration en direct avec un expert Prevu3D pour d\\u00e9couvrir notre logiciel de capture de la r\\u00e9alit\\u00e9 en 3D. Voyez comment il rationalise la conception, la planification et la collaboration.\",\"inLanguage\":\"fr-FR\",\"isPartOf\":{\"@id\":\"https:\\\/\\\/www.prevu3d.com\\\/fr\\\/#website\"},\"breadcrumb\":{\"@id\":\"https:\\\/\\\/www.prevu3d.com\\\/fr\\\/get-preview\\\/#breadcrumblist\"},\"image\":{\"@type\":\"ImageObject\",\"url\":\"https:\\\/\\\/www.prevu3d.com\\\/wp-content\\\/uploads\\\/2024\\\/05\\\/see-preview-thumbnail.png\",\"@id\":\"https:\\\/\\\/www.prevu3d.com\\\/fr\\\/get-preview\\\/#mainImage\",\"width\":751,\"height\":560},\"primaryImageOfPage\":{\"@id\":\"https:\\\/\\\/www.prevu3d.com\\\/fr\\\/get-preview\\\/#mainImage\"},\"datePublished\":\"2024-01-25T10:56:46-05:00\",\"dateModified\":\"2026-03-11T12:23:35-04:00\"},{\"@type\":\"WebSite\",\"@id\":\"https:\\\/\\\/www.prevu3d.com\\\/fr\\\/#website\",\"url\":\"https:\\\/\\\/www.prevu3d.com\\\/fr\\\/\",\"name\":\"Prevu3D\",\"description\":\"Meet your digital twin\",\"inLanguage\":\"fr-FR\",\"publisher\":{\"@id\":\"https:\\\/\\\/www.prevu3d.com\\\/fr\\\/#organization\"}}]}\n\t\t<\/script>\n\t\t<!-- All in One SEO Pro -->\r\n\t\t<title>Pr\u00e9visualisez | Prevu3D<\/title>\n\n","aioseo_head_json":{"title":"Pr\u00e9visualisez | Prevu3D","description":"R\u00e9servez une d\u00e9monstration en direct avec un expert Prevu3D pour d\u00e9couvrir notre logiciel de capture de la r\u00e9alit\u00e9 en 3D. Voyez comment il rationalise la conception, la planification et la collaboration.","canonical_url":"https:\/\/www.prevu3d.com\/fr\/get-preview\/","robots":"max-image-preview:large","keywords":"","webmasterTools":{"google-site-verification":"1aaBOTbZDn3PC1QZfiAz4ZTsGnMlm2ayWpksfw3hWIA","miscellaneous":""},"schema":{"@context":"https:\/\/schema.org","@graph":[{"@type":"BreadcrumbList","@id":"https:\/\/www.prevu3d.com\/fr\/get-preview\/#breadcrumblist","itemListElement":[{"@type":"ListItem","@id":"https:\/\/www.prevu3d.com\/fr\/#listItem","position":1,"name":"Home","item":"https:\/\/www.prevu3d.com\/fr\/","nextItem":{"@type":"ListItem","@id":"https:\/\/www.prevu3d.com\/fr\/get-preview\/#listItem","name":"Pr\u00e9visualisez"}},{"@type":"ListItem","@id":"https:\/\/www.prevu3d.com\/fr\/get-preview\/#listItem","position":2,"name":"Pr\u00e9visualisez","previousItem":{"@type":"ListItem","@id":"https:\/\/www.prevu3d.com\/fr\/#listItem","name":"Home"}}]},{"@type":"Organization","@id":"https:\/\/www.prevu3d.com\/fr\/#organization","name":"Prevu3D","description":"Enterprise 3D Digital Twin Software Solutions","url":"https:\/\/www.prevu3d.com\/fr\/","logo":{"@type":"ImageObject","url":"https:\/\/www.prevu3d.com\/wp-content\/uploads\/2026\/02\/prevu3d_logo.png","@id":"https:\/\/www.prevu3d.com\/fr\/get-preview\/#organizationLogo","width":1200,"height":630},"image":{"@id":"https:\/\/www.prevu3d.com\/fr\/get-preview\/#organizationLogo"},"sameAs":["https:\/\/www.linkedin.com\/company\/prevu3d"]},{"@type":"WebPage","@id":"https:\/\/www.prevu3d.com\/fr\/get-preview\/#webpage","url":"https:\/\/www.prevu3d.com\/fr\/get-preview\/","name":"Pr\u00e9visualisez | Prevu3D","description":"R\u00e9servez une d\u00e9monstration en direct avec un expert Prevu3D pour d\u00e9couvrir notre logiciel de capture de la r\u00e9alit\u00e9 en 3D. Voyez comment il rationalise la conception, la planification et la collaboration.","inLanguage":"fr-FR","isPartOf":{"@id":"https:\/\/www.prevu3d.com\/fr\/#website"},"breadcrumb":{"@id":"https:\/\/www.prevu3d.com\/fr\/get-preview\/#breadcrumblist"},"image":{"@type":"ImageObject","url":"https:\/\/www.prevu3d.com\/wp-content\/uploads\/2024\/05\/see-preview-thumbnail.png","@id":"https:\/\/www.prevu3d.com\/fr\/get-preview\/#mainImage","width":751,"height":560},"primaryImageOfPage":{"@id":"https:\/\/www.prevu3d.com\/fr\/get-preview\/#mainImage"},"datePublished":"2024-01-25T10:56:46-05:00","dateModified":"2026-03-11T12:23:35-04:00"},{"@type":"WebSite","@id":"https:\/\/www.prevu3d.com\/fr\/#website","url":"https:\/\/www.prevu3d.com\/fr\/","name":"Prevu3D","description":"Meet your digital twin","inLanguage":"fr-FR","publisher":{"@id":"https:\/\/www.prevu3d.com\/fr\/#organization"}}]},"og:locale":"fr_FR","og:site_name":"Prevu3D | Meet your digital twin","og:type":"article","og:title":"Pr\u00e9visualisez | Prevu3D","og:description":"R\u00e9servez une d\u00e9monstration en direct avec un expert Prevu3D pour d\u00e9couvrir notre logiciel de capture de la r\u00e9alit\u00e9 en 3D. Voyez comment il rationalise la conception, la planification et la collaboration.","og:url":"https:\/\/www.prevu3d.com\/fr\/get-preview\/","og:image":"https:\/\/www.prevu3d.com\/wp-content\/uploads\/2024\/05\/see-preview-thumbnail.png","og:image:secure_url":"https:\/\/www.prevu3d.com\/wp-content\/uploads\/2024\/05\/see-preview-thumbnail.png","og:image:width":751,"og:image:height":560,"article:published_time":"2024-01-25T15:56:46+00:00","article:modified_time":"2026-03-11T16:23:35+00:00","twitter:card":"summary_large_image","twitter:title":"Pr\u00e9visualisez | Prevu3D","twitter:description":"R\u00e9servez une d\u00e9monstration en direct avec un expert Prevu3D pour d\u00e9couvrir notre logiciel de capture de la r\u00e9alit\u00e9 en 3D. Voyez comment il rationalise la conception, la planification et la collaboration.","twitter:image":"https:\/\/www.prevu3d.com\/wp-content\/uploads\/2024\/05\/see-preview-thumbnail.png"},"aioseo_meta_data":{"post_id":"6351","title":null,"description":null,"keywords":null,"keyphrases":{"focus":{"keyphrase":"product preview","score":37,"analysis":{"keyphraseInTitle":{"score":3,"maxScore":9,"error":1},"keyphraseInDescription":{"score":3,"maxScore":9,"error":1},"keyphraseLength":{"score":9,"maxScore":9,"error":0,"length":2},"keyphraseInURL":{"score":1,"maxScore":5,"error":1},"keyphraseInIntroduction":{"score":3,"maxScore":9,"error":1},"keyphraseInSubHeadings":[],"keyphraseInImageAlt":{"score":3,"maxScore":9,"error":1},"keywordDensity":{"score":0,"type":"low","maxScore":9,"error":1}}},"additional":[]},"primary_term":null,"canonical_url":null,"og_title":null,"og_description":null,"og_object_type":"default","og_image_type":"default","og_image_url":null,"og_image_width":null,"og_image_height":null,"og_image_custom_url":null,"og_image_custom_fields":null,"og_video":"","og_custom_url":null,"og_article_section":null,"og_article_tags":null,"twitter_use_og":false,"twitter_card":"default","twitter_image_type":"default","twitter_image_url":null,"twitter_image_custom_url":null,"twitter_image_custom_fields":null,"twitter_title":null,"twitter_description":null,"schema":{"blockGraphs":[],"customGraphs":[],"default":{"data":{"Article":[],"Course":[],"Dataset":[],"FAQPage":[],"Movie":[],"Person":[],"Product":[],"ProductReview":[],"Car":[],"Recipe":[],"Service":[],"SoftwareApplication":[],"WebPage":[]},"graphName":"WebPage","isEnabled":true},"graphs":[]},"schema_type":"default","schema_type_options":null,"pillar_content":false,"robots_default":true,"robots_noindex":false,"robots_noarchive":false,"robots_nosnippet":false,"robots_nofollow":false,"robots_noimageindex":false,"robots_noodp":false,"robots_notranslate":false,"robots_max_snippet":"-1","robots_max_videopreview":"-1","robots_max_imagepreview":"large","priority":null,"frequency":"default","local_seo":null,"seo_analyzer_scan_date":"2026-02-23 19:02:37","breadcrumb_settings":null,"limit_modified_date":false,"reviewed_by":"0","open_ai":"{\"title\":{\"suggestions\":[],\"usage\":0},\"description\":{\"suggestions\":[],\"usage\":0}}","ai":{"faqs":[],"keyPoints":[],"titles":[],"descriptions":[],"socialPosts":{"email":[],"linkedin":[],"twitter":[],"facebook":[],"instagram":[]}},"created":"2025-05-01 17:32:10","updated":"2026-03-11 16:23:47"},"aioseo_breadcrumb":"<div class=\"aioseo-breadcrumbs\"><span class=\"aioseo-breadcrumb\">\n\t<a href=\"https:\/\/www.prevu3d.com\/fr\/\" title=\"Home\">Home<\/a>\n<\/span><span class=\"aioseo-breadcrumb-separator\">|<\/span><span class=\"aioseo-breadcrumb\">\n\tPr\u00e9visualisez\n<\/span><\/div>","aioseo_breadcrumb_json":[{"label":"Home","link":"https:\/\/www.prevu3d.com\/fr\/"},{"label":"Pr\u00e9visualisez","link":"https:\/\/www.prevu3d.com\/fr\/get-preview\/"}],"_links":{"self":[{"href":"https:\/\/www.prevu3d.com\/fr\/wp-json\/wp\/v2\/pages\/6351","targetHints":{"allow":["GET"]}}],"collection":[{"href":"https:\/\/www.prevu3d.com\/fr\/wp-json\/wp\/v2\/pages"}],"about":[{"href":"https:\/\/www.prevu3d.com\/fr\/wp-json\/wp\/v2\/types\/page"}],"author":[{"embeddable":true,"href":"https:\/\/www.prevu3d.com\/fr\/wp-json\/wp\/v2\/users\/24"}],"replies":[{"embeddable":true,"href":"https:\/\/www.prevu3d.com\/fr\/wp-json\/wp\/v2\/comments?post=6351"}],"version-history":[{"count":1,"href":"https:\/\/www.prevu3d.com\/fr\/wp-json\/wp\/v2\/pages\/6351\/revisions"}],"predecessor-version":[{"id":29544,"href":"https:\/\/www.prevu3d.com\/fr\/wp-json\/wp\/v2\/pages\/6351\/revisions\/29544"}],"wp:featuredmedia":[{"embeddable":true,"href":"https:\/\/www.prevu3d.com\/fr\/wp-json\/wp\/v2\/media\/7426"}],"wp:attachment":[{"href":"https:\/\/www.prevu3d.com\/fr\/wp-json\/wp\/v2\/media?parent=6351"}],"curies":[{"name":"wp","href":"https:\/\/api.w.org\/{rel}","templated":true}]}}