{"id":31219,"date":"2026-03-31T10:37:57","date_gmt":"2026-03-31T14:37:57","guid":{"rendered":"https:\/\/www.prevu3d.com\/webinars\/"},"modified":"2026-04-08T11:12:53","modified_gmt":"2026-04-08T15:12:53","slug":"webinars","status":"publish","type":"page","link":"https:\/\/www.prevu3d.com\/fr\/webinars\/","title":{"rendered":"Webinaires Digital Twin"},"content":{"rendered":"","protected":false},"excerpt":{"rendered":"<p>Explorez la s\u00e9rie Xpert de Prevu3D et les d\u00e9monstrations de produits pour d\u00e9couvrir comment les solutions de jumeaux visuels transforment la capture de la r\u00e9alit\u00e9, les flux de travail d&rsquo;ing\u00e9nierie et les op\u00e9rations industrielles.<\/p>\n","protected":false},"author":24,"featured_media":29485,"parent":0,"menu_order":0,"comment_status":"closed","ping_status":"closed","template":"","meta":{"_acf_changed":false,"content-type":"","inline_featured_image":false,"footnotes":""},"class_list":["post-31219","page","type-page","status-publish","has-post-thumbnail","hentry"],"acf":[],"aioseo_notices":[],"aioseo_head":"\n\t\t<!-- All in One SEO Pro 4.9.5.2 - aioseo.com -->\n\t<meta name=\"description\" content=\"Explorez la s\u00e9rie Xpert de Prevu3D et les d\u00e9monstrations de produits pour d\u00e9couvrir comment les solutions de jumeaux visuels transforment la capture de la r\u00e9alit\u00e9, les flux de travail d&#039;ing\u00e9nierie et les op\u00e9rations industrielles.\" \/>\n\t<meta name=\"robots\" content=\"max-image-preview:large\" \/>\n\t<meta name=\"google-site-verification\" content=\"1aaBOTbZDn3PC1QZfiAz4ZTsGnMlm2ayWpksfw3hWIA\" \/>\n\t<link rel=\"canonical\" href=\"https:\/\/www.prevu3d.com\/fr\/webinars\/\" \/>\n\t<meta name=\"generator\" content=\"All in One SEO Pro (AIOSEO) 4.9.5.2\" \/>\n\t\t<meta property=\"og:locale\" content=\"fr_FR\" \/>\n\t\t<meta property=\"og:site_name\" content=\"Prevu3D | Meet your digital twin\" \/>\n\t\t<meta property=\"og:type\" content=\"article\" \/>\n\t\t<meta property=\"og:title\" content=\"Webinaires Digital Twin | Prevu3D\" \/>\n\t\t<meta property=\"og:description\" content=\"Explorez la s\u00e9rie Xpert de Prevu3D et les d\u00e9monstrations de produits pour d\u00e9couvrir comment les solutions de jumeaux visuels transforment la capture de la r\u00e9alit\u00e9, les flux de travail d&#039;ing\u00e9nierie et les op\u00e9rations industrielles.\" \/>\n\t\t<meta property=\"og:url\" content=\"https:\/\/www.prevu3d.com\/fr\/webinars\/\" \/>\n\t\t<meta property=\"og:image\" content=\"https:\/\/www.prevu3d.com\/wp-content\/uploads\/2026\/03\/Prevu3D-splat.svg\" \/>\n\t\t<meta property=\"og:image:secure_url\" content=\"https:\/\/www.prevu3d.com\/wp-content\/uploads\/2026\/03\/Prevu3D-splat.svg\" \/>\n\t\t<meta property=\"article:published_time\" content=\"2026-03-31T14:37:57+00:00\" \/>\n\t\t<meta property=\"article:modified_time\" content=\"2026-04-08T15:12:53+00:00\" \/>\n\t\t<meta name=\"twitter:card\" content=\"summary_large_image\" \/>\n\t\t<meta name=\"twitter:title\" content=\"Webinaires Digital Twin | Prevu3D\" \/>\n\t\t<meta name=\"twitter:description\" content=\"Explorez la s\u00e9rie Xpert de Prevu3D et les d\u00e9monstrations de produits pour d\u00e9couvrir comment les solutions de jumeaux visuels transforment la capture de la r\u00e9alit\u00e9, les flux de travail d&#039;ing\u00e9nierie et les op\u00e9rations industrielles.\" \/>\n\t\t<meta name=\"twitter:image\" content=\"https:\/\/www.prevu3d.com\/wp-content\/uploads\/2026\/03\/Prevu3D-splat.svg\" \/>\n\t\t<script type=\"application\/ld+json\" class=\"aioseo-schema\">\n\t\t\t{\"@context\":\"https:\\\/\\\/schema.org\",\"@graph\":[{\"@type\":\"BreadcrumbList\",\"@id\":\"https:\\\/\\\/www.prevu3d.com\\\/fr\\\/webinars\\\/#breadcrumblist\",\"itemListElement\":[{\"@type\":\"ListItem\",\"@id\":\"https:\\\/\\\/www.prevu3d.com\\\/fr\\\/#listItem\",\"position\":1,\"name\":\"Home\",\"item\":\"https:\\\/\\\/www.prevu3d.com\\\/fr\\\/\",\"nextItem\":{\"@type\":\"ListItem\",\"@id\":\"https:\\\/\\\/www.prevu3d.com\\\/fr\\\/webinars\\\/#listItem\",\"name\":\"Webinaires Digital Twin\"}},{\"@type\":\"ListItem\",\"@id\":\"https:\\\/\\\/www.prevu3d.com\\\/fr\\\/webinars\\\/#listItem\",\"position\":2,\"name\":\"Webinaires Digital Twin\",\"previousItem\":{\"@type\":\"ListItem\",\"@id\":\"https:\\\/\\\/www.prevu3d.com\\\/fr\\\/#listItem\",\"name\":\"Home\"}}]},{\"@type\":\"Organization\",\"@id\":\"https:\\\/\\\/www.prevu3d.com\\\/fr\\\/#organization\",\"name\":\"Prevu3D\",\"description\":\"Enterprise 3D Digital Twin Software Solutions\",\"url\":\"https:\\\/\\\/www.prevu3d.com\\\/fr\\\/\",\"logo\":{\"@type\":\"ImageObject\",\"url\":\"https:\\\/\\\/www.prevu3d.com\\\/wp-content\\\/uploads\\\/2026\\\/02\\\/prevu3d_logo.png\",\"@id\":\"https:\\\/\\\/www.prevu3d.com\\\/fr\\\/webinars\\\/#organizationLogo\",\"width\":1200,\"height\":630},\"image\":{\"@id\":\"https:\\\/\\\/www.prevu3d.com\\\/fr\\\/webinars\\\/#organizationLogo\"},\"sameAs\":[\"https:\\\/\\\/www.linkedin.com\\\/company\\\/prevu3d\"]},{\"@type\":\"WebPage\",\"@id\":\"https:\\\/\\\/www.prevu3d.com\\\/fr\\\/webinars\\\/#webpage\",\"url\":\"https:\\\/\\\/www.prevu3d.com\\\/fr\\\/webinars\\\/\",\"name\":\"Webinaires Digital Twin | Prevu3D\",\"description\":\"Explorez la s\\u00e9rie Xpert de Prevu3D et les d\\u00e9monstrations de produits pour d\\u00e9couvrir comment les solutions de jumeaux visuels transforment la capture de la r\\u00e9alit\\u00e9, les flux de travail d'ing\\u00e9nierie et les op\\u00e9rations industrielles.\",\"inLanguage\":\"fr-FR\",\"isPartOf\":{\"@id\":\"https:\\\/\\\/www.prevu3d.com\\\/fr\\\/#website\"},\"breadcrumb\":{\"@id\":\"https:\\\/\\\/www.prevu3d.com\\\/fr\\\/webinars\\\/#breadcrumblist\"},\"image\":{\"@type\":\"ImageObject\",\"url\":\"https:\\\/\\\/www.prevu3d.com\\\/wp-content\\\/uploads\\\/2026\\\/03\\\/Prevu3D-splat.svg\",\"@id\":\"https:\\\/\\\/www.prevu3d.com\\\/fr\\\/webinars\\\/#mainImage\"},\"primaryImageOfPage\":{\"@id\":\"https:\\\/\\\/www.prevu3d.com\\\/fr\\\/webinars\\\/#mainImage\"},\"datePublished\":\"2026-03-31T10:37:57-04:00\",\"dateModified\":\"2026-04-08T11:12:53-04:00\"},{\"@type\":\"WebSite\",\"@id\":\"https:\\\/\\\/www.prevu3d.com\\\/fr\\\/#website\",\"url\":\"https:\\\/\\\/www.prevu3d.com\\\/fr\\\/\",\"name\":\"Prevu3D\",\"description\":\"Meet your digital twin\",\"inLanguage\":\"fr-FR\",\"publisher\":{\"@id\":\"https:\\\/\\\/www.prevu3d.com\\\/fr\\\/#organization\"}}]}\n\t\t<\/script>\n\t\t<!-- All in One SEO Pro -->\r\n\t\t<title>Webinaires Digital Twin | Prevu3D<\/title>\n\n","aioseo_head_json":{"title":"Webinaires Digital Twin | Prevu3D","description":"Explorez la s\u00e9rie Xpert de Prevu3D et les d\u00e9monstrations de produits pour d\u00e9couvrir comment les solutions de jumeaux visuels transforment la capture de la r\u00e9alit\u00e9, les flux de travail d'ing\u00e9nierie et les op\u00e9rations industrielles.","canonical_url":"https:\/\/www.prevu3d.com\/fr\/webinars\/","robots":"max-image-preview:large","keywords":"","webmasterTools":{"google-site-verification":"1aaBOTbZDn3PC1QZfiAz4ZTsGnMlm2ayWpksfw3hWIA","miscellaneous":""},"schema":{"@context":"https:\/\/schema.org","@graph":[{"@type":"BreadcrumbList","@id":"https:\/\/www.prevu3d.com\/fr\/webinars\/#breadcrumblist","itemListElement":[{"@type":"ListItem","@id":"https:\/\/www.prevu3d.com\/fr\/#listItem","position":1,"name":"Home","item":"https:\/\/www.prevu3d.com\/fr\/","nextItem":{"@type":"ListItem","@id":"https:\/\/www.prevu3d.com\/fr\/webinars\/#listItem","name":"Webinaires Digital Twin"}},{"@type":"ListItem","@id":"https:\/\/www.prevu3d.com\/fr\/webinars\/#listItem","position":2,"name":"Webinaires Digital Twin","previousItem":{"@type":"ListItem","@id":"https:\/\/www.prevu3d.com\/fr\/#listItem","name":"Home"}}]},{"@type":"Organization","@id":"https:\/\/www.prevu3d.com\/fr\/#organization","name":"Prevu3D","description":"Enterprise 3D Digital Twin Software Solutions","url":"https:\/\/www.prevu3d.com\/fr\/","logo":{"@type":"ImageObject","url":"https:\/\/www.prevu3d.com\/wp-content\/uploads\/2026\/02\/prevu3d_logo.png","@id":"https:\/\/www.prevu3d.com\/fr\/webinars\/#organizationLogo","width":1200,"height":630},"image":{"@id":"https:\/\/www.prevu3d.com\/fr\/webinars\/#organizationLogo"},"sameAs":["https:\/\/www.linkedin.com\/company\/prevu3d"]},{"@type":"WebPage","@id":"https:\/\/www.prevu3d.com\/fr\/webinars\/#webpage","url":"https:\/\/www.prevu3d.com\/fr\/webinars\/","name":"Webinaires Digital Twin | Prevu3D","description":"Explorez la s\u00e9rie Xpert de Prevu3D et les d\u00e9monstrations de produits pour d\u00e9couvrir comment les solutions de jumeaux visuels transforment la capture de la r\u00e9alit\u00e9, les flux de travail d'ing\u00e9nierie et les op\u00e9rations industrielles.","inLanguage":"fr-FR","isPartOf":{"@id":"https:\/\/www.prevu3d.com\/fr\/#website"},"breadcrumb":{"@id":"https:\/\/www.prevu3d.com\/fr\/webinars\/#breadcrumblist"},"image":{"@type":"ImageObject","url":"https:\/\/www.prevu3d.com\/wp-content\/uploads\/2026\/03\/Prevu3D-splat.svg","@id":"https:\/\/www.prevu3d.com\/fr\/webinars\/#mainImage"},"primaryImageOfPage":{"@id":"https:\/\/www.prevu3d.com\/fr\/webinars\/#mainImage"},"datePublished":"2026-03-31T10:37:57-04:00","dateModified":"2026-04-08T11:12:53-04:00"},{"@type":"WebSite","@id":"https:\/\/www.prevu3d.com\/fr\/#website","url":"https:\/\/www.prevu3d.com\/fr\/","name":"Prevu3D","description":"Meet your digital twin","inLanguage":"fr-FR","publisher":{"@id":"https:\/\/www.prevu3d.com\/fr\/#organization"}}]},"og:locale":"fr_FR","og:site_name":"Prevu3D | Meet your digital twin","og:type":"article","og:title":"Webinaires Digital Twin | Prevu3D","og:description":"Explorez la s\u00e9rie Xpert de Prevu3D et les d\u00e9monstrations de produits pour d\u00e9couvrir comment les solutions de jumeaux visuels transforment la capture de la r\u00e9alit\u00e9, les flux de travail d'ing\u00e9nierie et les op\u00e9rations industrielles.","og:url":"https:\/\/www.prevu3d.com\/fr\/webinars\/","og:image":"https:\/\/www.prevu3d.com\/wp-content\/uploads\/2026\/03\/Prevu3D-splat.svg","og:image:secure_url":"https:\/\/www.prevu3d.com\/wp-content\/uploads\/2026\/03\/Prevu3D-splat.svg","article:published_time":"2026-03-31T14:37:57+00:00","article:modified_time":"2026-04-08T15:12:53+00:00","twitter:card":"summary_large_image","twitter:title":"Webinaires Digital Twin | Prevu3D","twitter:description":"Explorez la s\u00e9rie Xpert de Prevu3D et les d\u00e9monstrations de produits pour d\u00e9couvrir comment les solutions de jumeaux visuels transforment la capture de la r\u00e9alit\u00e9, les flux de travail d'ing\u00e9nierie et les op\u00e9rations industrielles.","twitter:image":"https:\/\/www.prevu3d.com\/wp-content\/uploads\/2026\/03\/Prevu3D-splat.svg"},"aioseo_meta_data":{"post_id":"31219","title":null,"description":null,"keywords":null,"keyphrases":{"focus":{"keyphrase":"","score":0,"analysis":{"keyphraseInTitle":{"score":0,"maxScore":9,"error":1}}},"additional":[]},"primary_term":null,"canonical_url":null,"og_title":null,"og_description":null,"og_object_type":"default","og_image_type":"default","og_image_url":null,"og_image_width":null,"og_image_height":null,"og_image_custom_url":null,"og_image_custom_fields":null,"og_video":"","og_custom_url":null,"og_article_section":null,"og_article_tags":null,"twitter_use_og":false,"twitter_card":"default","twitter_image_type":"default","twitter_image_url":null,"twitter_image_custom_url":null,"twitter_image_custom_fields":null,"twitter_title":null,"twitter_description":null,"schema":{"blockGraphs":[],"customGraphs":[],"default":{"data":{"Article":[],"Course":[],"Dataset":[],"FAQPage":[],"Movie":[],"Person":[],"Product":[],"ProductReview":[],"Car":[],"Recipe":[],"Service":[],"SoftwareApplication":[],"WebPage":[]},"graphName":"WebPage","isEnabled":true},"graphs":[]},"schema_type":"default","schema_type_options":null,"pillar_content":false,"robots_default":true,"robots_noindex":false,"robots_noarchive":false,"robots_nosnippet":false,"robots_nofollow":false,"robots_noimageindex":false,"robots_noodp":false,"robots_notranslate":false,"robots_max_snippet":"-1","robots_max_videopreview":"-1","robots_max_imagepreview":"large","priority":null,"frequency":"default","local_seo":null,"seo_analyzer_scan_date":"2026-04-08 10:04:50","breadcrumb_settings":null,"limit_modified_date":false,"reviewed_by":"0","open_ai":null,"ai":{"faqs":[],"keyPoints":[],"titles":[],"descriptions":[],"socialPosts":{"email":[],"linkedin":[],"twitter":[],"facebook":[],"instagram":[]}},"created":"2026-04-07 18:33:24","updated":"2026-04-08 16:08:05"},"aioseo_breadcrumb":"<div class=\"aioseo-breadcrumbs\"><span class=\"aioseo-breadcrumb\">\n\t<a href=\"https:\/\/www.prevu3d.com\/fr\/\" title=\"Home\">Home<\/a>\n<\/span><span class=\"aioseo-breadcrumb-separator\">|<\/span><span class=\"aioseo-breadcrumb\">\n\tWebinaires Digital Twin\n<\/span><\/div>","aioseo_breadcrumb_json":[{"label":"Home","link":"https:\/\/www.prevu3d.com\/fr\/"},{"label":"Webinaires Digital Twin","link":"https:\/\/www.prevu3d.com\/fr\/webinars\/"}],"_links":{"self":[{"href":"https:\/\/www.prevu3d.com\/fr\/wp-json\/wp\/v2\/pages\/31219","targetHints":{"allow":["GET"]}}],"collection":[{"href":"https:\/\/www.prevu3d.com\/fr\/wp-json\/wp\/v2\/pages"}],"about":[{"href":"https:\/\/www.prevu3d.com\/fr\/wp-json\/wp\/v2\/types\/page"}],"author":[{"embeddable":true,"href":"https:\/\/www.prevu3d.com\/fr\/wp-json\/wp\/v2\/users\/24"}],"replies":[{"embeddable":true,"href":"https:\/\/www.prevu3d.com\/fr\/wp-json\/wp\/v2\/comments?post=31219"}],"version-history":[{"count":0,"href":"https:\/\/www.prevu3d.com\/fr\/wp-json\/wp\/v2\/pages\/31219\/revisions"}],"wp:featuredmedia":[{"embeddable":true,"href":"https:\/\/www.prevu3d.com\/fr\/wp-json\/wp\/v2\/media\/29485"}],"wp:attachment":[{"href":"https:\/\/www.prevu3d.com\/fr\/wp-json\/wp\/v2\/media?parent=31219"}],"curies":[{"name":"wp","href":"https:\/\/api.w.org\/{rel}","templated":true}]}}