{"id":29528,"date":"2026-03-10T09:19:06","date_gmt":"2026-03-10T13:19:06","guid":{"rendered":"https:\/\/www.prevu3d.com\/digital-twins-for-operations-maintenance\/"},"modified":"2026-04-09T09:59:48","modified_gmt":"2026-04-09T13:59:48","slug":"jumeaux-numeriques-pour-operations-maintenance-industrielle","status":"publish","type":"page","link":"https:\/\/www.prevu3d.com\/fr\/jumeaux-numeriques-pour-operations-maintenance-industrielle\/","title":{"rendered":"Jumeaux num\u00e9riques pour les op\u00e9rations et la maintenance"},"content":{"rendered":"","protected":false},"excerpt":{"rendered":"<p>Le jumeau num\u00e9rique des op\u00e9rations et de la maintenance de Prevu3D permet \u00e0 vos installations d&rsquo;\u00eatre pr\u00e9cises, pr\u00eates \u00e0 \u00eatre inspect\u00e9es et connect\u00e9es \u00e0 vos syst\u00e8mes d&rsquo;enregistrement.<\/p>\n","protected":false},"author":24,"featured_media":7900,"parent":0,"menu_order":0,"comment_status":"closed","ping_status":"closed","template":"","meta":{"_acf_changed":false,"content-type":"","inline_featured_image":false,"footnotes":""},"class_list":["post-29528","page","type-page","status-publish","has-post-thumbnail","hentry"],"acf":[],"aioseo_notices":[],"aioseo_head":"\n\t\t<!-- All in One SEO Pro 4.9.5.2 - aioseo.com -->\n\t<meta name=\"description\" content=\"Le jumeau num\u00e9rique des op\u00e9rations et de la maintenance de Prevu3D permet \u00e0 vos installations d&#039;\u00eatre pr\u00e9cises, pr\u00eates \u00e0 \u00eatre inspect\u00e9es et connect\u00e9es \u00e0 vos syst\u00e8mes d&#039;enregistrement.\" \/>\n\t<meta name=\"robots\" content=\"max-image-preview:large\" \/>\n\t<meta name=\"google-site-verification\" content=\"1aaBOTbZDn3PC1QZfiAz4ZTsGnMlm2ayWpksfw3hWIA\" \/>\n\t<link rel=\"canonical\" href=\"https:\/\/www.prevu3d.com\/fr\/jumeaux-numeriques-pour-operations-maintenance-industrielle\/\" \/>\n\t<meta name=\"generator\" content=\"All in One SEO Pro (AIOSEO) 4.9.5.2\" \/>\n\t\t<meta property=\"og:locale\" content=\"fr_FR\" \/>\n\t\t<meta property=\"og:site_name\" content=\"Prevu3D | Meet your digital twin\" \/>\n\t\t<meta property=\"og:type\" content=\"article\" \/>\n\t\t<meta property=\"og:title\" content=\"Jumeaux num\u00e9riques pour les op\u00e9rations et la maintenance | Prevu3D\" \/>\n\t\t<meta property=\"og:description\" content=\"Le jumeau num\u00e9rique des op\u00e9rations et de la maintenance de Prevu3D permet \u00e0 vos installations d&#039;\u00eatre pr\u00e9cises, pr\u00eates \u00e0 \u00eatre inspect\u00e9es et connect\u00e9es \u00e0 vos syst\u00e8mes d&#039;enregistrement.\" \/>\n\t\t<meta property=\"og:url\" content=\"https:\/\/www.prevu3d.com\/fr\/jumeaux-numeriques-pour-operations-maintenance-industrielle\/\" \/>\n\t\t<meta property=\"og:image\" content=\"https:\/\/www.prevu3d.com\/wp-content\/uploads\/2024\/05\/see-preview-thumbnail-1.png\" \/>\n\t\t<meta property=\"og:image:secure_url\" content=\"https:\/\/www.prevu3d.com\/wp-content\/uploads\/2024\/05\/see-preview-thumbnail-1.png\" \/>\n\t\t<meta property=\"og:image:width\" content=\"751\" \/>\n\t\t<meta property=\"og:image:height\" content=\"515\" \/>\n\t\t<meta property=\"article:published_time\" content=\"2026-03-10T13:19:06+00:00\" \/>\n\t\t<meta property=\"article:modified_time\" content=\"2026-04-09T13:59:48+00:00\" \/>\n\t\t<meta name=\"twitter:card\" content=\"summary_large_image\" \/>\n\t\t<meta name=\"twitter:title\" content=\"Jumeaux num\u00e9riques pour les op\u00e9rations et la maintenance | Prevu3D\" \/>\n\t\t<meta name=\"twitter:description\" content=\"Le jumeau num\u00e9rique des op\u00e9rations et de la maintenance de Prevu3D permet \u00e0 vos installations d&#039;\u00eatre pr\u00e9cises, pr\u00eates \u00e0 \u00eatre inspect\u00e9es et connect\u00e9es \u00e0 vos syst\u00e8mes d&#039;enregistrement.\" \/>\n\t\t<meta name=\"twitter:image\" content=\"https:\/\/www.prevu3d.com\/wp-content\/uploads\/2024\/05\/see-preview-thumbnail-1.png\" \/>\n\t\t<script type=\"application\/ld+json\" class=\"aioseo-schema\">\n\t\t\t{\"@context\":\"https:\\\/\\\/schema.org\",\"@graph\":[{\"@type\":\"BreadcrumbList\",\"@id\":\"https:\\\/\\\/www.prevu3d.com\\\/fr\\\/jumeaux-numeriques-pour-operations-maintenance-industrielle\\\/#breadcrumblist\",\"itemListElement\":[{\"@type\":\"ListItem\",\"@id\":\"https:\\\/\\\/www.prevu3d.com\\\/fr\\\/#listItem\",\"position\":1,\"name\":\"Home\",\"item\":\"https:\\\/\\\/www.prevu3d.com\\\/fr\\\/\",\"nextItem\":{\"@type\":\"ListItem\",\"@id\":\"https:\\\/\\\/www.prevu3d.com\\\/fr\\\/jumeaux-numeriques-pour-operations-maintenance-industrielle\\\/#listItem\",\"name\":\"Jumeaux num\\u00e9riques pour les op\\u00e9rations et la maintenance\"}},{\"@type\":\"ListItem\",\"@id\":\"https:\\\/\\\/www.prevu3d.com\\\/fr\\\/jumeaux-numeriques-pour-operations-maintenance-industrielle\\\/#listItem\",\"position\":2,\"name\":\"Jumeaux num\\u00e9riques pour les op\\u00e9rations et la maintenance\",\"previousItem\":{\"@type\":\"ListItem\",\"@id\":\"https:\\\/\\\/www.prevu3d.com\\\/fr\\\/#listItem\",\"name\":\"Home\"}}]},{\"@type\":\"Organization\",\"@id\":\"https:\\\/\\\/www.prevu3d.com\\\/fr\\\/#organization\",\"name\":\"Prevu3D\",\"description\":\"Enterprise 3D Digital Twin Software Solutions\",\"url\":\"https:\\\/\\\/www.prevu3d.com\\\/fr\\\/\",\"logo\":{\"@type\":\"ImageObject\",\"url\":\"https:\\\/\\\/www.prevu3d.com\\\/wp-content\\\/uploads\\\/2026\\\/02\\\/prevu3d_logo.png\",\"@id\":\"https:\\\/\\\/www.prevu3d.com\\\/fr\\\/jumeaux-numeriques-pour-operations-maintenance-industrielle\\\/#organizationLogo\",\"width\":1200,\"height\":630},\"image\":{\"@id\":\"https:\\\/\\\/www.prevu3d.com\\\/fr\\\/jumeaux-numeriques-pour-operations-maintenance-industrielle\\\/#organizationLogo\"},\"sameAs\":[\"https:\\\/\\\/www.linkedin.com\\\/company\\\/prevu3d\"]},{\"@type\":\"WebPage\",\"@id\":\"https:\\\/\\\/www.prevu3d.com\\\/fr\\\/jumeaux-numeriques-pour-operations-maintenance-industrielle\\\/#webpage\",\"url\":\"https:\\\/\\\/www.prevu3d.com\\\/fr\\\/jumeaux-numeriques-pour-operations-maintenance-industrielle\\\/\",\"name\":\"Jumeaux num\\u00e9riques pour les op\\u00e9rations et la maintenance | Prevu3D\",\"description\":\"Le jumeau num\\u00e9rique des op\\u00e9rations et de la maintenance de Prevu3D permet \\u00e0 vos installations d'\\u00eatre pr\\u00e9cises, pr\\u00eates \\u00e0 \\u00eatre inspect\\u00e9es et connect\\u00e9es \\u00e0 vos syst\\u00e8mes d'enregistrement.\",\"inLanguage\":\"fr-FR\",\"isPartOf\":{\"@id\":\"https:\\\/\\\/www.prevu3d.com\\\/fr\\\/#website\"},\"breadcrumb\":{\"@id\":\"https:\\\/\\\/www.prevu3d.com\\\/fr\\\/jumeaux-numeriques-pour-operations-maintenance-industrielle\\\/#breadcrumblist\"},\"image\":{\"@type\":\"ImageObject\",\"url\":\"https:\\\/\\\/www.prevu3d.com\\\/wp-content\\\/uploads\\\/2024\\\/05\\\/see-preview-thumbnail-1.png\",\"@id\":\"https:\\\/\\\/www.prevu3d.com\\\/fr\\\/jumeaux-numeriques-pour-operations-maintenance-industrielle\\\/#mainImage\",\"width\":751,\"height\":515,\"caption\":\"Un utilisateur explore un scan de jumeau num\\u00e9rique tr\\u00e8s d\\u00e9taill\\u00e9 \\u00e0 l'aide de la RealityPlatform\\u2122 de Prevu3D, permettant un examen spatial pr\\u00e9cis et une documentation des actifs.\"},\"primaryImageOfPage\":{\"@id\":\"https:\\\/\\\/www.prevu3d.com\\\/fr\\\/jumeaux-numeriques-pour-operations-maintenance-industrielle\\\/#mainImage\"},\"datePublished\":\"2026-03-10T09:19:06-04:00\",\"dateModified\":\"2026-04-09T09:59:48-04:00\"},{\"@type\":\"WebSite\",\"@id\":\"https:\\\/\\\/www.prevu3d.com\\\/fr\\\/#website\",\"url\":\"https:\\\/\\\/www.prevu3d.com\\\/fr\\\/\",\"name\":\"Prevu3D\",\"description\":\"Meet your digital twin\",\"inLanguage\":\"fr-FR\",\"publisher\":{\"@id\":\"https:\\\/\\\/www.prevu3d.com\\\/fr\\\/#organization\"}}]}\n\t\t<\/script>\n\t\t<!-- All in One SEO Pro -->\r\n\t\t<title>Jumeaux num\u00e9riques pour les op\u00e9rations et la maintenance | Prevu3D<\/title>\n\n","aioseo_head_json":{"title":"Jumeaux num\u00e9riques pour les op\u00e9rations et la maintenance | Prevu3D","description":"Le jumeau num\u00e9rique des op\u00e9rations et de la maintenance de Prevu3D permet \u00e0 vos installations d'\u00eatre pr\u00e9cises, pr\u00eates \u00e0 \u00eatre inspect\u00e9es et connect\u00e9es \u00e0 vos syst\u00e8mes d'enregistrement.","canonical_url":"https:\/\/www.prevu3d.com\/fr\/jumeaux-numeriques-pour-operations-maintenance-industrielle\/","robots":"max-image-preview:large","keywords":"","webmasterTools":{"google-site-verification":"1aaBOTbZDn3PC1QZfiAz4ZTsGnMlm2ayWpksfw3hWIA","miscellaneous":""},"schema":{"@context":"https:\/\/schema.org","@graph":[{"@type":"BreadcrumbList","@id":"https:\/\/www.prevu3d.com\/fr\/jumeaux-numeriques-pour-operations-maintenance-industrielle\/#breadcrumblist","itemListElement":[{"@type":"ListItem","@id":"https:\/\/www.prevu3d.com\/fr\/#listItem","position":1,"name":"Home","item":"https:\/\/www.prevu3d.com\/fr\/","nextItem":{"@type":"ListItem","@id":"https:\/\/www.prevu3d.com\/fr\/jumeaux-numeriques-pour-operations-maintenance-industrielle\/#listItem","name":"Jumeaux num\u00e9riques pour les op\u00e9rations et la maintenance"}},{"@type":"ListItem","@id":"https:\/\/www.prevu3d.com\/fr\/jumeaux-numeriques-pour-operations-maintenance-industrielle\/#listItem","position":2,"name":"Jumeaux num\u00e9riques pour les op\u00e9rations et la maintenance","previousItem":{"@type":"ListItem","@id":"https:\/\/www.prevu3d.com\/fr\/#listItem","name":"Home"}}]},{"@type":"Organization","@id":"https:\/\/www.prevu3d.com\/fr\/#organization","name":"Prevu3D","description":"Enterprise 3D Digital Twin Software Solutions","url":"https:\/\/www.prevu3d.com\/fr\/","logo":{"@type":"ImageObject","url":"https:\/\/www.prevu3d.com\/wp-content\/uploads\/2026\/02\/prevu3d_logo.png","@id":"https:\/\/www.prevu3d.com\/fr\/jumeaux-numeriques-pour-operations-maintenance-industrielle\/#organizationLogo","width":1200,"height":630},"image":{"@id":"https:\/\/www.prevu3d.com\/fr\/jumeaux-numeriques-pour-operations-maintenance-industrielle\/#organizationLogo"},"sameAs":["https:\/\/www.linkedin.com\/company\/prevu3d"]},{"@type":"WebPage","@id":"https:\/\/www.prevu3d.com\/fr\/jumeaux-numeriques-pour-operations-maintenance-industrielle\/#webpage","url":"https:\/\/www.prevu3d.com\/fr\/jumeaux-numeriques-pour-operations-maintenance-industrielle\/","name":"Jumeaux num\u00e9riques pour les op\u00e9rations et la maintenance | Prevu3D","description":"Le jumeau num\u00e9rique des op\u00e9rations et de la maintenance de Prevu3D permet \u00e0 vos installations d'\u00eatre pr\u00e9cises, pr\u00eates \u00e0 \u00eatre inspect\u00e9es et connect\u00e9es \u00e0 vos syst\u00e8mes d'enregistrement.","inLanguage":"fr-FR","isPartOf":{"@id":"https:\/\/www.prevu3d.com\/fr\/#website"},"breadcrumb":{"@id":"https:\/\/www.prevu3d.com\/fr\/jumeaux-numeriques-pour-operations-maintenance-industrielle\/#breadcrumblist"},"image":{"@type":"ImageObject","url":"https:\/\/www.prevu3d.com\/wp-content\/uploads\/2024\/05\/see-preview-thumbnail-1.png","@id":"https:\/\/www.prevu3d.com\/fr\/jumeaux-numeriques-pour-operations-maintenance-industrielle\/#mainImage","width":751,"height":515,"caption":"Un utilisateur explore un scan de jumeau num\u00e9rique tr\u00e8s d\u00e9taill\u00e9 \u00e0 l'aide de la RealityPlatform\u2122 de Prevu3D, permettant un examen spatial pr\u00e9cis et une documentation des actifs."},"primaryImageOfPage":{"@id":"https:\/\/www.prevu3d.com\/fr\/jumeaux-numeriques-pour-operations-maintenance-industrielle\/#mainImage"},"datePublished":"2026-03-10T09:19:06-04:00","dateModified":"2026-04-09T09:59:48-04:00"},{"@type":"WebSite","@id":"https:\/\/www.prevu3d.com\/fr\/#website","url":"https:\/\/www.prevu3d.com\/fr\/","name":"Prevu3D","description":"Meet your digital twin","inLanguage":"fr-FR","publisher":{"@id":"https:\/\/www.prevu3d.com\/fr\/#organization"}}]},"og:locale":"fr_FR","og:site_name":"Prevu3D | Meet your digital twin","og:type":"article","og:title":"Jumeaux num\u00e9riques pour les op\u00e9rations et la maintenance | Prevu3D","og:description":"Le jumeau num\u00e9rique des op\u00e9rations et de la maintenance de Prevu3D permet \u00e0 vos installations d'\u00eatre pr\u00e9cises, pr\u00eates \u00e0 \u00eatre inspect\u00e9es et connect\u00e9es \u00e0 vos syst\u00e8mes d'enregistrement.","og:url":"https:\/\/www.prevu3d.com\/fr\/jumeaux-numeriques-pour-operations-maintenance-industrielle\/","og:image":"https:\/\/www.prevu3d.com\/wp-content\/uploads\/2024\/05\/see-preview-thumbnail-1.png","og:image:secure_url":"https:\/\/www.prevu3d.com\/wp-content\/uploads\/2024\/05\/see-preview-thumbnail-1.png","og:image:width":751,"og:image:height":515,"article:published_time":"2026-03-10T13:19:06+00:00","article:modified_time":"2026-04-09T13:59:48+00:00","twitter:card":"summary_large_image","twitter:title":"Jumeaux num\u00e9riques pour les op\u00e9rations et la maintenance | Prevu3D","twitter:description":"Le jumeau num\u00e9rique des op\u00e9rations et de la maintenance de Prevu3D permet \u00e0 vos installations d'\u00eatre pr\u00e9cises, pr\u00eates \u00e0 \u00eatre inspect\u00e9es et connect\u00e9es \u00e0 vos syst\u00e8mes d'enregistrement.","twitter:image":"https:\/\/www.prevu3d.com\/wp-content\/uploads\/2024\/05\/see-preview-thumbnail-1.png"},"aioseo_meta_data":{"post_id":"29528","title":null,"description":null,"keywords":null,"keyphrases":{"focus":{"keyphrase":"operations and maintenance digital twin","score":41,"analysis":{"keyphraseInTitle":{"score":3,"maxScore":9,"error":1},"keyphraseInDescription":{"score":9,"maxScore":9,"error":0},"keyphraseLength":{"score":6,"maxScore":9,"error":1,"length":5},"keyphraseInURL":{"score":1,"maxScore":5,"error":1},"keyphraseInIntroduction":{"score":3,"maxScore":9,"error":1},"keyphraseInSubHeadings":{"score":3,"maxScore":9,"error":1},"keyphraseInImageAlt":{"score":3,"maxScore":9,"error":1},"keywordDensity":{"score":0,"type":"low","maxScore":9,"error":1}}},"additional":[{"keyphrase":"facility operations management","score":40,"analysis":{"keyphraseInDescription":{"score":3,"maxScore":9,"error":1},"keyphraseLength":{"score":9,"maxScore":9,"error":0,"length":3},"keyphraseInIntroduction":{"score":3,"maxScore":9,"error":1},"keyphraseInImageAlt":{"score":3,"maxScore":9,"error":1},"keywordDensity":{"score":0,"type":"low","maxScore":9,"error":1}}},{"keyphrase":"digital twin facility management","score":40,"analysis":{"keyphraseInDescription":{"score":3,"maxScore":9,"error":1},"keyphraseLength":{"score":9,"maxScore":9,"error":0,"length":4},"keyphraseInIntroduction":{"score":3,"maxScore":9,"error":1},"keyphraseInImageAlt":{"score":3,"maxScore":9,"error":1},"keywordDensity":{"score":0,"type":"low","maxScore":9,"error":1}}},{"keyphrase":"inspection planning software","score":40,"analysis":{"keyphraseInDescription":{"score":3,"maxScore":9,"error":1},"keyphraseLength":{"score":9,"maxScore":9,"error":0,"length":3},"keyphraseInIntroduction":{"score":3,"maxScore":9,"error":1},"keyphraseInImageAlt":{"score":3,"maxScore":9,"error":1},"keywordDensity":{"score":0,"type":"low","maxScore":9,"error":1}}},{"keyphrase":"visual twin for plant managers","score":33,"analysis":{"keyphraseInDescription":{"score":3,"maxScore":9,"error":1},"keyphraseLength":{"score":6,"maxScore":9,"error":1,"length":5},"keyphraseInIntroduction":{"score":3,"maxScore":9,"error":1},"keyphraseInImageAlt":{"score":3,"maxScore":9,"error":1},"keywordDensity":{"score":0,"type":"low","maxScore":9,"error":1}}},{"keyphrase":"as-built facility maintenance","score":40,"analysis":{"keyphraseInDescription":{"score":3,"maxScore":9,"error":1},"keyphraseLength":{"score":9,"maxScore":9,"error":0,"length":3},"keyphraseInIntroduction":{"score":3,"maxScore":9,"error":1},"keyphraseInImageAlt":{"score":3,"maxScore":9,"error":1},"keywordDensity":{"score":0,"type":"low","maxScore":9,"error":1}}}]},"primary_term":null,"canonical_url":null,"og_title":null,"og_description":null,"og_object_type":"default","og_image_type":"default","og_image_url":null,"og_image_width":null,"og_image_height":null,"og_image_custom_url":null,"og_image_custom_fields":null,"og_video":"","og_custom_url":null,"og_article_section":null,"og_article_tags":null,"twitter_use_og":false,"twitter_card":"default","twitter_image_type":"default","twitter_image_url":null,"twitter_image_custom_url":null,"twitter_image_custom_fields":null,"twitter_title":null,"twitter_description":null,"schema":{"blockGraphs":[],"customGraphs":[],"default":{"data":{"Article":[],"Course":[],"Dataset":[],"FAQPage":[],"Movie":[],"Person":[],"Product":[],"ProductReview":[],"Car":[],"Recipe":[],"Service":[],"SoftwareApplication":[],"WebPage":[]},"graphName":"WebPage","isEnabled":true},"graphs":[]},"schema_type":"default","schema_type_options":null,"pillar_content":false,"robots_default":true,"robots_noindex":false,"robots_noarchive":false,"robots_nosnippet":false,"robots_nofollow":false,"robots_noimageindex":false,"robots_noodp":false,"robots_notranslate":false,"robots_max_snippet":"-1","robots_max_videopreview":"-1","robots_max_imagepreview":"large","priority":null,"frequency":"default","local_seo":null,"seo_analyzer_scan_date":"2026-04-09 13:30:48","breadcrumb_settings":null,"limit_modified_date":false,"reviewed_by":"0","open_ai":null,"ai":{"faqs":[],"keyPoints":[],"titles":[],"descriptions":[],"socialPosts":{"email":[],"linkedin":[],"twitter":[],"facebook":[],"instagram":[]}},"created":"2026-03-10 15:08:25","updated":"2026-04-09 14:47:40"},"aioseo_breadcrumb":"<div class=\"aioseo-breadcrumbs\"><span class=\"aioseo-breadcrumb\">\n\t<a href=\"https:\/\/www.prevu3d.com\/fr\/\" title=\"Home\">Home<\/a>\n<\/span><span class=\"aioseo-breadcrumb-separator\">|<\/span><span class=\"aioseo-breadcrumb\">\n\tJumeaux num\u00e9riques pour les op\u00e9rations et la maintenance\n<\/span><\/div>","aioseo_breadcrumb_json":[{"label":"Home","link":"https:\/\/www.prevu3d.com\/fr\/"},{"label":"Jumeaux num\u00e9riques pour les op\u00e9rations et la maintenance","link":"https:\/\/www.prevu3d.com\/fr\/jumeaux-numeriques-pour-operations-maintenance-industrielle\/"}],"_links":{"self":[{"href":"https:\/\/www.prevu3d.com\/fr\/wp-json\/wp\/v2\/pages\/29528","targetHints":{"allow":["GET"]}}],"collection":[{"href":"https:\/\/www.prevu3d.com\/fr\/wp-json\/wp\/v2\/pages"}],"about":[{"href":"https:\/\/www.prevu3d.com\/fr\/wp-json\/wp\/v2\/types\/page"}],"author":[{"embeddable":true,"href":"https:\/\/www.prevu3d.com\/fr\/wp-json\/wp\/v2\/users\/24"}],"replies":[{"embeddable":true,"href":"https:\/\/www.prevu3d.com\/fr\/wp-json\/wp\/v2\/comments?post=29528"}],"version-history":[{"count":0,"href":"https:\/\/www.prevu3d.com\/fr\/wp-json\/wp\/v2\/pages\/29528\/revisions"}],"wp:featuredmedia":[{"embeddable":true,"href":"https:\/\/www.prevu3d.com\/fr\/wp-json\/wp\/v2\/media\/7900"}],"wp:attachment":[{"href":"https:\/\/www.prevu3d.com\/fr\/wp-json\/wp\/v2\/media?parent=29528"}],"curies":[{"name":"wp","href":"https:\/\/api.w.org\/{rel}","templated":true}]}}