{"id":28877,"date":"2026-03-04T10:29:16","date_gmt":"2026-03-04T15:29:16","guid":{"rendered":"https:\/\/www.prevu3d.com\/digital-twins-industrial-digital-transformation\/"},"modified":"2026-04-08T11:13:01","modified_gmt":"2026-04-08T15:13:01","slug":"jumeaux-numeriques-transformation-industrielle","status":"publish","type":"page","link":"https:\/\/www.prevu3d.com\/fr\/jumeaux-numeriques-transformation-industrielle\/","title":{"rendered":"Des jumeaux num\u00e9riques pour la transformation num\u00e9rique de l&rsquo;industrie"},"content":{"rendered":"","protected":false},"excerpt":{"rendered":"<p>Favorisez la transformation num\u00e9rique gr\u00e2ce \u00e0 une base visuelle \u00e0 l&rsquo;\u00e9chelle de l&rsquo;entreprise qui relie l&rsquo;ing\u00e9nierie, les op\u00e9rations et l&rsquo;informatique sur une seule version de la v\u00e9rit\u00e9.<\/p>\n","protected":false},"author":24,"featured_media":10132,"parent":0,"menu_order":0,"comment_status":"closed","ping_status":"closed","template":"","meta":{"_acf_changed":false,"content-type":"","inline_featured_image":false,"footnotes":""},"class_list":["post-28877","page","type-page","status-publish","has-post-thumbnail","hentry"],"acf":[],"aioseo_notices":[],"aioseo_head":"\n\t\t<!-- All in One SEO Pro 4.9.5.2 - aioseo.com -->\n\t<meta name=\"description\" content=\"Favorisez la transformation num\u00e9rique gr\u00e2ce \u00e0 une base visuelle \u00e0 l&#039;\u00e9chelle de l&#039;entreprise qui relie l&#039;ing\u00e9nierie, les op\u00e9rations et l&#039;informatique sur une seule version de la v\u00e9rit\u00e9.\" \/>\n\t<meta name=\"robots\" content=\"max-image-preview:large\" \/>\n\t<meta name=\"google-site-verification\" content=\"1aaBOTbZDn3PC1QZfiAz4ZTsGnMlm2ayWpksfw3hWIA\" \/>\n\t<link rel=\"canonical\" href=\"https:\/\/www.prevu3d.com\/fr\/jumeaux-numeriques-transformation-industrielle\/\" \/>\n\t<meta name=\"generator\" content=\"All in One SEO Pro (AIOSEO) 4.9.5.2\" \/>\n\t\t<meta property=\"og:locale\" content=\"fr_FR\" \/>\n\t\t<meta property=\"og:site_name\" content=\"Prevu3D | Meet your digital twin\" \/>\n\t\t<meta property=\"og:type\" content=\"article\" \/>\n\t\t<meta property=\"og:title\" content=\"Des jumeaux num\u00e9riques pour la transformation num\u00e9rique de l\u2019industrie | Prevu3D\" \/>\n\t\t<meta property=\"og:description\" content=\"Favorisez la transformation num\u00e9rique gr\u00e2ce \u00e0 une base visuelle \u00e0 l&#039;\u00e9chelle de l&#039;entreprise qui relie l&#039;ing\u00e9nierie, les op\u00e9rations et l&#039;informatique sur une seule version de la v\u00e9rit\u00e9.\" \/>\n\t\t<meta property=\"og:url\" content=\"https:\/\/www.prevu3d.com\/fr\/jumeaux-numeriques-transformation-industrielle\/\" \/>\n\t\t<meta property=\"og:image\" content=\"https:\/\/www.prevu3d.com\/wp-content\/uploads\/2025\/01\/Digital-Twin-article-tile.png\" \/>\n\t\t<meta property=\"og:image:secure_url\" content=\"https:\/\/www.prevu3d.com\/wp-content\/uploads\/2025\/01\/Digital-Twin-article-tile.png\" \/>\n\t\t<meta property=\"og:image:width\" content=\"751\" \/>\n\t\t<meta property=\"og:image:height\" content=\"560\" \/>\n\t\t<meta property=\"article:published_time\" content=\"2026-03-04T15:29:16+00:00\" \/>\n\t\t<meta property=\"article:modified_time\" content=\"2026-04-08T15:13:01+00:00\" \/>\n\t\t<meta name=\"twitter:card\" content=\"summary_large_image\" \/>\n\t\t<meta name=\"twitter:title\" content=\"Des jumeaux num\u00e9riques pour la transformation num\u00e9rique de l\u2019industrie | Prevu3D\" \/>\n\t\t<meta name=\"twitter:description\" content=\"Favorisez la transformation num\u00e9rique gr\u00e2ce \u00e0 une base visuelle \u00e0 l&#039;\u00e9chelle de l&#039;entreprise qui relie l&#039;ing\u00e9nierie, les op\u00e9rations et l&#039;informatique sur une seule version de la v\u00e9rit\u00e9.\" \/>\n\t\t<meta name=\"twitter:image\" content=\"https:\/\/www.prevu3d.com\/wp-content\/uploads\/2025\/01\/Digital-Twin-article-tile.png\" \/>\n\t\t<script type=\"application\/ld+json\" class=\"aioseo-schema\">\n\t\t\t{\"@context\":\"https:\\\/\\\/schema.org\",\"@graph\":[{\"@type\":\"BreadcrumbList\",\"@id\":\"https:\\\/\\\/www.prevu3d.com\\\/fr\\\/jumeaux-numeriques-transformation-industrielle\\\/#breadcrumblist\",\"itemListElement\":[{\"@type\":\"ListItem\",\"@id\":\"https:\\\/\\\/www.prevu3d.com\\\/fr\\\/#listItem\",\"position\":1,\"name\":\"Home\",\"item\":\"https:\\\/\\\/www.prevu3d.com\\\/fr\\\/\",\"nextItem\":{\"@type\":\"ListItem\",\"@id\":\"https:\\\/\\\/www.prevu3d.com\\\/fr\\\/jumeaux-numeriques-transformation-industrielle\\\/#listItem\",\"name\":\"Des jumeaux num\\u00e9riques pour la transformation num\\u00e9rique de l&rsquo;industrie\"}},{\"@type\":\"ListItem\",\"@id\":\"https:\\\/\\\/www.prevu3d.com\\\/fr\\\/jumeaux-numeriques-transformation-industrielle\\\/#listItem\",\"position\":2,\"name\":\"Des jumeaux num\\u00e9riques pour la transformation num\\u00e9rique de l&rsquo;industrie\",\"previousItem\":{\"@type\":\"ListItem\",\"@id\":\"https:\\\/\\\/www.prevu3d.com\\\/fr\\\/#listItem\",\"name\":\"Home\"}}]},{\"@type\":\"Organization\",\"@id\":\"https:\\\/\\\/www.prevu3d.com\\\/fr\\\/#organization\",\"name\":\"Prevu3D\",\"description\":\"Enterprise 3D Digital Twin Software Solutions\",\"url\":\"https:\\\/\\\/www.prevu3d.com\\\/fr\\\/\",\"logo\":{\"@type\":\"ImageObject\",\"url\":\"https:\\\/\\\/www.prevu3d.com\\\/wp-content\\\/uploads\\\/2026\\\/02\\\/prevu3d_logo.png\",\"@id\":\"https:\\\/\\\/www.prevu3d.com\\\/fr\\\/jumeaux-numeriques-transformation-industrielle\\\/#organizationLogo\",\"width\":1200,\"height\":630},\"image\":{\"@id\":\"https:\\\/\\\/www.prevu3d.com\\\/fr\\\/jumeaux-numeriques-transformation-industrielle\\\/#organizationLogo\"},\"sameAs\":[\"https:\\\/\\\/www.linkedin.com\\\/company\\\/prevu3d\"]},{\"@type\":\"WebPage\",\"@id\":\"https:\\\/\\\/www.prevu3d.com\\\/fr\\\/jumeaux-numeriques-transformation-industrielle\\\/#webpage\",\"url\":\"https:\\\/\\\/www.prevu3d.com\\\/fr\\\/jumeaux-numeriques-transformation-industrielle\\\/\",\"name\":\"Des jumeaux num\\u00e9riques pour la transformation num\\u00e9rique de l\\u2019industrie | Prevu3D\",\"description\":\"Favorisez la transformation num\\u00e9rique gr\\u00e2ce \\u00e0 une base visuelle \\u00e0 l'\\u00e9chelle de l'entreprise qui relie l'ing\\u00e9nierie, les op\\u00e9rations et l'informatique sur une seule version de la v\\u00e9rit\\u00e9.\",\"inLanguage\":\"fr-FR\",\"isPartOf\":{\"@id\":\"https:\\\/\\\/www.prevu3d.com\\\/fr\\\/#website\"},\"breadcrumb\":{\"@id\":\"https:\\\/\\\/www.prevu3d.com\\\/fr\\\/jumeaux-numeriques-transformation-industrielle\\\/#breadcrumblist\"},\"image\":{\"@type\":\"ImageObject\",\"url\":\"https:\\\/\\\/www.prevu3d.com\\\/wp-content\\\/uploads\\\/2025\\\/01\\\/Digital-Twin-article-tile.png\",\"@id\":\"https:\\\/\\\/www.prevu3d.com\\\/fr\\\/jumeaux-numeriques-transformation-industrielle\\\/#mainImage\",\"width\":751,\"height\":560,\"caption\":\"Un technicien d'usine utilise un ordinateur portable pour superviser des syst\\u00e8mes robotiques pilot\\u00e9s par l'IA, symbolisant l'int\\u00e9gration des technologies de l'industrie 4.0 dans la fabrication.\"},\"primaryImageOfPage\":{\"@id\":\"https:\\\/\\\/www.prevu3d.com\\\/fr\\\/jumeaux-numeriques-transformation-industrielle\\\/#mainImage\"},\"datePublished\":\"2026-03-04T10:29:16-05:00\",\"dateModified\":\"2026-04-08T11:13:01-04:00\"},{\"@type\":\"WebSite\",\"@id\":\"https:\\\/\\\/www.prevu3d.com\\\/fr\\\/#website\",\"url\":\"https:\\\/\\\/www.prevu3d.com\\\/fr\\\/\",\"name\":\"Prevu3D\",\"description\":\"Meet your digital twin\",\"inLanguage\":\"fr-FR\",\"publisher\":{\"@id\":\"https:\\\/\\\/www.prevu3d.com\\\/fr\\\/#organization\"}}]}\n\t\t<\/script>\n\t\t<!-- All in One SEO Pro -->\r\n\t\t<title>Des jumeaux num\u00e9riques pour la transformation num\u00e9rique de l\u2019industrie | Prevu3D<\/title>\n\n","aioseo_head_json":{"title":"Des jumeaux num\u00e9riques pour la transformation num\u00e9rique de l\u2019industrie | Prevu3D","description":"Favorisez la transformation num\u00e9rique gr\u00e2ce \u00e0 une base visuelle \u00e0 l'\u00e9chelle de l'entreprise qui relie l'ing\u00e9nierie, les op\u00e9rations et l'informatique sur une seule version de la v\u00e9rit\u00e9.","canonical_url":"https:\/\/www.prevu3d.com\/fr\/jumeaux-numeriques-transformation-industrielle\/","robots":"max-image-preview:large","keywords":"","webmasterTools":{"google-site-verification":"1aaBOTbZDn3PC1QZfiAz4ZTsGnMlm2ayWpksfw3hWIA","miscellaneous":""},"schema":{"@context":"https:\/\/schema.org","@graph":[{"@type":"BreadcrumbList","@id":"https:\/\/www.prevu3d.com\/fr\/jumeaux-numeriques-transformation-industrielle\/#breadcrumblist","itemListElement":[{"@type":"ListItem","@id":"https:\/\/www.prevu3d.com\/fr\/#listItem","position":1,"name":"Home","item":"https:\/\/www.prevu3d.com\/fr\/","nextItem":{"@type":"ListItem","@id":"https:\/\/www.prevu3d.com\/fr\/jumeaux-numeriques-transformation-industrielle\/#listItem","name":"Des jumeaux num\u00e9riques pour la transformation num\u00e9rique de l&rsquo;industrie"}},{"@type":"ListItem","@id":"https:\/\/www.prevu3d.com\/fr\/jumeaux-numeriques-transformation-industrielle\/#listItem","position":2,"name":"Des jumeaux num\u00e9riques pour la transformation num\u00e9rique de l&rsquo;industrie","previousItem":{"@type":"ListItem","@id":"https:\/\/www.prevu3d.com\/fr\/#listItem","name":"Home"}}]},{"@type":"Organization","@id":"https:\/\/www.prevu3d.com\/fr\/#organization","name":"Prevu3D","description":"Enterprise 3D Digital Twin Software Solutions","url":"https:\/\/www.prevu3d.com\/fr\/","logo":{"@type":"ImageObject","url":"https:\/\/www.prevu3d.com\/wp-content\/uploads\/2026\/02\/prevu3d_logo.png","@id":"https:\/\/www.prevu3d.com\/fr\/jumeaux-numeriques-transformation-industrielle\/#organizationLogo","width":1200,"height":630},"image":{"@id":"https:\/\/www.prevu3d.com\/fr\/jumeaux-numeriques-transformation-industrielle\/#organizationLogo"},"sameAs":["https:\/\/www.linkedin.com\/company\/prevu3d"]},{"@type":"WebPage","@id":"https:\/\/www.prevu3d.com\/fr\/jumeaux-numeriques-transformation-industrielle\/#webpage","url":"https:\/\/www.prevu3d.com\/fr\/jumeaux-numeriques-transformation-industrielle\/","name":"Des jumeaux num\u00e9riques pour la transformation num\u00e9rique de l\u2019industrie | Prevu3D","description":"Favorisez la transformation num\u00e9rique gr\u00e2ce \u00e0 une base visuelle \u00e0 l'\u00e9chelle de l'entreprise qui relie l'ing\u00e9nierie, les op\u00e9rations et l'informatique sur une seule version de la v\u00e9rit\u00e9.","inLanguage":"fr-FR","isPartOf":{"@id":"https:\/\/www.prevu3d.com\/fr\/#website"},"breadcrumb":{"@id":"https:\/\/www.prevu3d.com\/fr\/jumeaux-numeriques-transformation-industrielle\/#breadcrumblist"},"image":{"@type":"ImageObject","url":"https:\/\/www.prevu3d.com\/wp-content\/uploads\/2025\/01\/Digital-Twin-article-tile.png","@id":"https:\/\/www.prevu3d.com\/fr\/jumeaux-numeriques-transformation-industrielle\/#mainImage","width":751,"height":560,"caption":"Un technicien d'usine utilise un ordinateur portable pour superviser des syst\u00e8mes robotiques pilot\u00e9s par l'IA, symbolisant l'int\u00e9gration des technologies de l'industrie 4.0 dans la fabrication."},"primaryImageOfPage":{"@id":"https:\/\/www.prevu3d.com\/fr\/jumeaux-numeriques-transformation-industrielle\/#mainImage"},"datePublished":"2026-03-04T10:29:16-05:00","dateModified":"2026-04-08T11:13:01-04:00"},{"@type":"WebSite","@id":"https:\/\/www.prevu3d.com\/fr\/#website","url":"https:\/\/www.prevu3d.com\/fr\/","name":"Prevu3D","description":"Meet your digital twin","inLanguage":"fr-FR","publisher":{"@id":"https:\/\/www.prevu3d.com\/fr\/#organization"}}]},"og:locale":"fr_FR","og:site_name":"Prevu3D | Meet your digital twin","og:type":"article","og:title":"Des jumeaux num\u00e9riques pour la transformation num\u00e9rique de l\u2019industrie | Prevu3D","og:description":"Favorisez la transformation num\u00e9rique gr\u00e2ce \u00e0 une base visuelle \u00e0 l'\u00e9chelle de l'entreprise qui relie l'ing\u00e9nierie, les op\u00e9rations et l'informatique sur une seule version de la v\u00e9rit\u00e9.","og:url":"https:\/\/www.prevu3d.com\/fr\/jumeaux-numeriques-transformation-industrielle\/","og:image":"https:\/\/www.prevu3d.com\/wp-content\/uploads\/2025\/01\/Digital-Twin-article-tile.png","og:image:secure_url":"https:\/\/www.prevu3d.com\/wp-content\/uploads\/2025\/01\/Digital-Twin-article-tile.png","og:image:width":751,"og:image:height":560,"article:published_time":"2026-03-04T15:29:16+00:00","article:modified_time":"2026-04-08T15:13:01+00:00","twitter:card":"summary_large_image","twitter:title":"Des jumeaux num\u00e9riques pour la transformation num\u00e9rique de l\u2019industrie | Prevu3D","twitter:description":"Favorisez la transformation num\u00e9rique gr\u00e2ce \u00e0 une base visuelle \u00e0 l'\u00e9chelle de l'entreprise qui relie l'ing\u00e9nierie, les op\u00e9rations et l'informatique sur une seule version de la v\u00e9rit\u00e9.","twitter:image":"https:\/\/www.prevu3d.com\/wp-content\/uploads\/2025\/01\/Digital-Twin-article-tile.png"},"aioseo_meta_data":{"post_id":"28877","title":null,"description":null,"keywords":null,"keyphrases":{"focus":{"keyphrase":"digital twins industrial digital transformation","score":38,"analysis":{"keyphraseInTitle":{"score":3,"maxScore":9,"error":1},"keyphraseInDescription":{"score":3,"maxScore":9,"error":1},"keyphraseLength":{"score":6,"maxScore":9,"error":1,"length":5},"keyphraseInURL":{"score":5,"maxScore":5,"error":0},"keyphraseInIntroduction":{"score":3,"maxScore":9,"error":1},"keyphraseInSubHeadings":{"score":3,"maxScore":9,"error":1},"keyphraseInImageAlt":{"score":3,"maxScore":9,"error":1},"keywordDensity":{"score":0,"type":"low","maxScore":9,"error":1}}},"additional":[]},"primary_term":null,"canonical_url":null,"og_title":null,"og_description":null,"og_object_type":"default","og_image_type":"default","og_image_url":null,"og_image_width":null,"og_image_height":null,"og_image_custom_url":null,"og_image_custom_fields":null,"og_video":"","og_custom_url":null,"og_article_section":null,"og_article_tags":null,"twitter_use_og":false,"twitter_card":"default","twitter_image_type":"default","twitter_image_url":null,"twitter_image_custom_url":null,"twitter_image_custom_fields":null,"twitter_title":null,"twitter_description":null,"schema":{"blockGraphs":[],"customGraphs":[],"default":{"data":{"Article":[],"Course":[],"Dataset":[],"FAQPage":[],"Movie":[],"Person":[],"Product":[],"ProductReview":[],"Car":[],"Recipe":[],"Service":[],"SoftwareApplication":[],"WebPage":[]},"graphName":"WebPage","isEnabled":true},"graphs":[]},"schema_type":"default","schema_type_options":null,"pillar_content":false,"robots_default":true,"robots_noindex":false,"robots_noarchive":false,"robots_nosnippet":false,"robots_nofollow":false,"robots_noimageindex":false,"robots_noodp":false,"robots_notranslate":false,"robots_max_snippet":"-1","robots_max_videopreview":"-1","robots_max_imagepreview":"large","priority":null,"frequency":"default","local_seo":null,"seo_analyzer_scan_date":"2026-04-08 08:53:06","breadcrumb_settings":null,"limit_modified_date":false,"reviewed_by":"0","open_ai":null,"ai":{"faqs":[],"keyPoints":[],"titles":[],"descriptions":[],"socialPosts":{"email":[],"linkedin":[],"twitter":[],"facebook":[],"instagram":[]}},"created":"2026-03-05 13:05:39","updated":"2026-04-08 16:08:05"},"aioseo_breadcrumb":"<div class=\"aioseo-breadcrumbs\"><span class=\"aioseo-breadcrumb\">\n\t<a href=\"https:\/\/www.prevu3d.com\/fr\/\" title=\"Home\">Home<\/a>\n<\/span><span class=\"aioseo-breadcrumb-separator\">|<\/span><span class=\"aioseo-breadcrumb\">\n\tDes jumeaux num\u00e9riques pour la transformation num\u00e9rique de l\u2019industrie\n<\/span><\/div>","aioseo_breadcrumb_json":[{"label":"Home","link":"https:\/\/www.prevu3d.com\/fr\/"},{"label":"Des jumeaux num\u00e9riques pour la transformation num\u00e9rique de l&rsquo;industrie","link":"https:\/\/www.prevu3d.com\/fr\/jumeaux-numeriques-transformation-industrielle\/"}],"_links":{"self":[{"href":"https:\/\/www.prevu3d.com\/fr\/wp-json\/wp\/v2\/pages\/28877","targetHints":{"allow":["GET"]}}],"collection":[{"href":"https:\/\/www.prevu3d.com\/fr\/wp-json\/wp\/v2\/pages"}],"about":[{"href":"https:\/\/www.prevu3d.com\/fr\/wp-json\/wp\/v2\/types\/page"}],"author":[{"embeddable":true,"href":"https:\/\/www.prevu3d.com\/fr\/wp-json\/wp\/v2\/users\/24"}],"replies":[{"embeddable":true,"href":"https:\/\/www.prevu3d.com\/fr\/wp-json\/wp\/v2\/comments?post=28877"}],"version-history":[{"count":0,"href":"https:\/\/www.prevu3d.com\/fr\/wp-json\/wp\/v2\/pages\/28877\/revisions"}],"wp:featuredmedia":[{"embeddable":true,"href":"https:\/\/www.prevu3d.com\/fr\/wp-json\/wp\/v2\/media\/10132"}],"wp:attachment":[{"href":"https:\/\/www.prevu3d.com\/fr\/wp-json\/wp\/v2\/media?parent=28877"}],"curies":[{"name":"wp","href":"https:\/\/api.w.org\/{rel}","templated":true}]}}