{"id":28876,"date":"2026-03-04T09:35:39","date_gmt":"2026-03-04T14:35:39","guid":{"rendered":"https:\/\/www.prevu3d.com\/digital-twins-engineering-aec\/"},"modified":"2026-04-09T09:31:41","modified_gmt":"2026-04-09T13:31:41","slug":"jumeaux-numeriques-ingenieurs-architectes-aec","status":"publish","type":"page","link":"https:\/\/www.prevu3d.com\/fr\/jumeaux-numeriques-ingenieurs-architectes-aec\/","title":{"rendered":"Jumeaux num\u00e9riques pour les \u00e9quipes d&rsquo;ing\u00e9nieurs et d&rsquo;architectes"},"content":{"rendered":"","protected":false},"excerpt":{"rendered":"<p>L&rsquo;ing\u00e9nierie des jumeaux num\u00e9riques valide les d\u00e9cisions de modernisation et d&rsquo;agencement par rapport aux conditions r\u00e9elles du site, ce qui r\u00e9duit les cycles de reconception et les travaux co\u00fbteux sur le terrain.<\/p>\n","protected":false},"author":24,"featured_media":25412,"parent":0,"menu_order":0,"comment_status":"closed","ping_status":"closed","template":"","meta":{"_acf_changed":false,"content-type":"","inline_featured_image":false,"footnotes":""},"class_list":["post-28876","page","type-page","status-publish","has-post-thumbnail","hentry"],"acf":[],"aioseo_notices":[],"aioseo_head":"\n\t\t<!-- All in One SEO Pro 4.9.5.2 - aioseo.com -->\n\t<meta name=\"description\" content=\"L&#039;ing\u00e9nierie des jumeaux num\u00e9riques valide les d\u00e9cisions de modernisation et d&#039;agencement par rapport aux conditions r\u00e9elles du site, ce qui r\u00e9duit les cycles de reconception et les travaux co\u00fbteux sur le terrain.\" \/>\n\t<meta name=\"robots\" content=\"max-image-preview:large\" \/>\n\t<meta name=\"google-site-verification\" content=\"1aaBOTbZDn3PC1QZfiAz4ZTsGnMlm2ayWpksfw3hWIA\" \/>\n\t<link rel=\"canonical\" href=\"https:\/\/www.prevu3d.com\/fr\/jumeaux-numeriques-ingenieurs-architectes-aec\/\" \/>\n\t<meta name=\"generator\" content=\"All in One SEO Pro (AIOSEO) 4.9.5.2\" \/>\n\t\t<meta property=\"og:locale\" content=\"fr_FR\" \/>\n\t\t<meta property=\"og:site_name\" content=\"Prevu3D | Meet your digital twin\" \/>\n\t\t<meta property=\"og:type\" content=\"article\" \/>\n\t\t<meta property=\"og:title\" content=\"Jumeaux num\u00e9riques pour les \u00e9quipes d\u2019ing\u00e9nieurs et d\u2019architectes | Prevu3D\" \/>\n\t\t<meta property=\"og:description\" content=\"L&#039;ing\u00e9nierie des jumeaux num\u00e9riques valide les d\u00e9cisions de modernisation et d&#039;agencement par rapport aux conditions r\u00e9elles du site, ce qui r\u00e9duit les cycles de reconception et les travaux co\u00fbteux sur le terrain.\" \/>\n\t\t<meta property=\"og:url\" content=\"https:\/\/www.prevu3d.com\/fr\/jumeaux-numeriques-ingenieurs-architectes-aec\/\" \/>\n\t\t<meta property=\"og:image\" content=\"https:\/\/www.prevu3d.com\/wp-content\/uploads\/2023\/08\/Prevu3D-Engineer-solutions.png\" \/>\n\t\t<meta property=\"og:image:secure_url\" content=\"https:\/\/www.prevu3d.com\/wp-content\/uploads\/2023\/08\/Prevu3D-Engineer-solutions.png\" \/>\n\t\t<meta property=\"og:image:width\" content=\"600\" \/>\n\t\t<meta property=\"og:image:height\" content=\"386\" \/>\n\t\t<meta property=\"article:published_time\" content=\"2026-03-04T14:35:39+00:00\" \/>\n\t\t<meta property=\"article:modified_time\" content=\"2026-04-09T13:31:41+00:00\" \/>\n\t\t<meta name=\"twitter:card\" content=\"summary_large_image\" \/>\n\t\t<meta name=\"twitter:title\" content=\"Jumeaux num\u00e9riques pour les \u00e9quipes d\u2019ing\u00e9nieurs et d\u2019architectes | Prevu3D\" \/>\n\t\t<meta name=\"twitter:description\" content=\"L&#039;ing\u00e9nierie des jumeaux num\u00e9riques valide les d\u00e9cisions de modernisation et d&#039;agencement par rapport aux conditions r\u00e9elles du site, ce qui r\u00e9duit les cycles de reconception et les travaux co\u00fbteux sur le terrain.\" \/>\n\t\t<meta name=\"twitter:image\" content=\"https:\/\/www.prevu3d.com\/wp-content\/uploads\/2023\/08\/Prevu3D-Engineer-solutions.png\" \/>\n\t\t<script type=\"application\/ld+json\" class=\"aioseo-schema\">\n\t\t\t{\"@context\":\"https:\\\/\\\/schema.org\",\"@graph\":[{\"@type\":\"BreadcrumbList\",\"@id\":\"https:\\\/\\\/www.prevu3d.com\\\/fr\\\/jumeaux-numeriques-ingenieurs-architectes-aec\\\/#breadcrumblist\",\"itemListElement\":[{\"@type\":\"ListItem\",\"@id\":\"https:\\\/\\\/www.prevu3d.com\\\/fr\\\/#listItem\",\"position\":1,\"name\":\"Home\",\"item\":\"https:\\\/\\\/www.prevu3d.com\\\/fr\\\/\",\"nextItem\":{\"@type\":\"ListItem\",\"@id\":\"https:\\\/\\\/www.prevu3d.com\\\/fr\\\/jumeaux-numeriques-ingenieurs-architectes-aec\\\/#listItem\",\"name\":\"Jumeaux num\\u00e9riques pour les \\u00e9quipes d&rsquo;ing\\u00e9nieurs et d&rsquo;architectes\"}},{\"@type\":\"ListItem\",\"@id\":\"https:\\\/\\\/www.prevu3d.com\\\/fr\\\/jumeaux-numeriques-ingenieurs-architectes-aec\\\/#listItem\",\"position\":2,\"name\":\"Jumeaux num\\u00e9riques pour les \\u00e9quipes d&rsquo;ing\\u00e9nieurs et d&rsquo;architectes\",\"previousItem\":{\"@type\":\"ListItem\",\"@id\":\"https:\\\/\\\/www.prevu3d.com\\\/fr\\\/#listItem\",\"name\":\"Home\"}}]},{\"@type\":\"Organization\",\"@id\":\"https:\\\/\\\/www.prevu3d.com\\\/fr\\\/#organization\",\"name\":\"Prevu3D\",\"description\":\"Enterprise 3D Digital Twin Software Solutions\",\"url\":\"https:\\\/\\\/www.prevu3d.com\\\/fr\\\/\",\"logo\":{\"@type\":\"ImageObject\",\"url\":\"https:\\\/\\\/www.prevu3d.com\\\/wp-content\\\/uploads\\\/2026\\\/02\\\/prevu3d_logo.png\",\"@id\":\"https:\\\/\\\/www.prevu3d.com\\\/fr\\\/jumeaux-numeriques-ingenieurs-architectes-aec\\\/#organizationLogo\",\"width\":1200,\"height\":630},\"image\":{\"@id\":\"https:\\\/\\\/www.prevu3d.com\\\/fr\\\/jumeaux-numeriques-ingenieurs-architectes-aec\\\/#organizationLogo\"},\"sameAs\":[\"https:\\\/\\\/www.linkedin.com\\\/company\\\/prevu3d\"]},{\"@type\":\"WebPage\",\"@id\":\"https:\\\/\\\/www.prevu3d.com\\\/fr\\\/jumeaux-numeriques-ingenieurs-architectes-aec\\\/#webpage\",\"url\":\"https:\\\/\\\/www.prevu3d.com\\\/fr\\\/jumeaux-numeriques-ingenieurs-architectes-aec\\\/\",\"name\":\"Jumeaux num\\u00e9riques pour les \\u00e9quipes d\\u2019ing\\u00e9nieurs et d\\u2019architectes | Prevu3D\",\"description\":\"L'ing\\u00e9nierie des jumeaux num\\u00e9riques valide les d\\u00e9cisions de modernisation et d'agencement par rapport aux conditions r\\u00e9elles du site, ce qui r\\u00e9duit les cycles de reconception et les travaux co\\u00fbteux sur le terrain.\",\"inLanguage\":\"fr-FR\",\"isPartOf\":{\"@id\":\"https:\\\/\\\/www.prevu3d.com\\\/fr\\\/#website\"},\"breadcrumb\":{\"@id\":\"https:\\\/\\\/www.prevu3d.com\\\/fr\\\/jumeaux-numeriques-ingenieurs-architectes-aec\\\/#breadcrumblist\"},\"image\":{\"@type\":\"ImageObject\",\"url\":\"https:\\\/\\\/www.prevu3d.com\\\/wp-content\\\/uploads\\\/2023\\\/08\\\/Prevu3D-Engineer-solutions.png\",\"@id\":\"https:\\\/\\\/www.prevu3d.com\\\/fr\\\/jumeaux-numeriques-ingenieurs-architectes-aec\\\/#mainImage\",\"width\":600,\"height\":386,\"caption\":\"Ing\\u00e9nieur inspectant le logiciel Prevu3D\"},\"primaryImageOfPage\":{\"@id\":\"https:\\\/\\\/www.prevu3d.com\\\/fr\\\/jumeaux-numeriques-ingenieurs-architectes-aec\\\/#mainImage\"},\"datePublished\":\"2026-03-04T09:35:39-05:00\",\"dateModified\":\"2026-04-09T09:31:41-04:00\"},{\"@type\":\"WebSite\",\"@id\":\"https:\\\/\\\/www.prevu3d.com\\\/fr\\\/#website\",\"url\":\"https:\\\/\\\/www.prevu3d.com\\\/fr\\\/\",\"name\":\"Prevu3D\",\"description\":\"Meet your digital twin\",\"inLanguage\":\"fr-FR\",\"publisher\":{\"@id\":\"https:\\\/\\\/www.prevu3d.com\\\/fr\\\/#organization\"}}]}\n\t\t<\/script>\n\t\t<!-- All in One SEO Pro -->\r\n\t\t<title>Jumeaux num\u00e9riques pour les \u00e9quipes d\u2019ing\u00e9nieurs et d\u2019architectes | Prevu3D<\/title>\n\n","aioseo_head_json":{"title":"Jumeaux num\u00e9riques pour les \u00e9quipes d\u2019ing\u00e9nieurs et d\u2019architectes | Prevu3D","description":"L'ing\u00e9nierie des jumeaux num\u00e9riques valide les d\u00e9cisions de modernisation et d'agencement par rapport aux conditions r\u00e9elles du site, ce qui r\u00e9duit les cycles de reconception et les travaux co\u00fbteux sur le terrain.","canonical_url":"https:\/\/www.prevu3d.com\/fr\/jumeaux-numeriques-ingenieurs-architectes-aec\/","robots":"max-image-preview:large","keywords":"","webmasterTools":{"google-site-verification":"1aaBOTbZDn3PC1QZfiAz4ZTsGnMlm2ayWpksfw3hWIA","miscellaneous":""},"schema":{"@context":"https:\/\/schema.org","@graph":[{"@type":"BreadcrumbList","@id":"https:\/\/www.prevu3d.com\/fr\/jumeaux-numeriques-ingenieurs-architectes-aec\/#breadcrumblist","itemListElement":[{"@type":"ListItem","@id":"https:\/\/www.prevu3d.com\/fr\/#listItem","position":1,"name":"Home","item":"https:\/\/www.prevu3d.com\/fr\/","nextItem":{"@type":"ListItem","@id":"https:\/\/www.prevu3d.com\/fr\/jumeaux-numeriques-ingenieurs-architectes-aec\/#listItem","name":"Jumeaux num\u00e9riques pour les \u00e9quipes d&rsquo;ing\u00e9nieurs et d&rsquo;architectes"}},{"@type":"ListItem","@id":"https:\/\/www.prevu3d.com\/fr\/jumeaux-numeriques-ingenieurs-architectes-aec\/#listItem","position":2,"name":"Jumeaux num\u00e9riques pour les \u00e9quipes d&rsquo;ing\u00e9nieurs et d&rsquo;architectes","previousItem":{"@type":"ListItem","@id":"https:\/\/www.prevu3d.com\/fr\/#listItem","name":"Home"}}]},{"@type":"Organization","@id":"https:\/\/www.prevu3d.com\/fr\/#organization","name":"Prevu3D","description":"Enterprise 3D Digital Twin Software Solutions","url":"https:\/\/www.prevu3d.com\/fr\/","logo":{"@type":"ImageObject","url":"https:\/\/www.prevu3d.com\/wp-content\/uploads\/2026\/02\/prevu3d_logo.png","@id":"https:\/\/www.prevu3d.com\/fr\/jumeaux-numeriques-ingenieurs-architectes-aec\/#organizationLogo","width":1200,"height":630},"image":{"@id":"https:\/\/www.prevu3d.com\/fr\/jumeaux-numeriques-ingenieurs-architectes-aec\/#organizationLogo"},"sameAs":["https:\/\/www.linkedin.com\/company\/prevu3d"]},{"@type":"WebPage","@id":"https:\/\/www.prevu3d.com\/fr\/jumeaux-numeriques-ingenieurs-architectes-aec\/#webpage","url":"https:\/\/www.prevu3d.com\/fr\/jumeaux-numeriques-ingenieurs-architectes-aec\/","name":"Jumeaux num\u00e9riques pour les \u00e9quipes d\u2019ing\u00e9nieurs et d\u2019architectes | Prevu3D","description":"L'ing\u00e9nierie des jumeaux num\u00e9riques valide les d\u00e9cisions de modernisation et d'agencement par rapport aux conditions r\u00e9elles du site, ce qui r\u00e9duit les cycles de reconception et les travaux co\u00fbteux sur le terrain.","inLanguage":"fr-FR","isPartOf":{"@id":"https:\/\/www.prevu3d.com\/fr\/#website"},"breadcrumb":{"@id":"https:\/\/www.prevu3d.com\/fr\/jumeaux-numeriques-ingenieurs-architectes-aec\/#breadcrumblist"},"image":{"@type":"ImageObject","url":"https:\/\/www.prevu3d.com\/wp-content\/uploads\/2023\/08\/Prevu3D-Engineer-solutions.png","@id":"https:\/\/www.prevu3d.com\/fr\/jumeaux-numeriques-ingenieurs-architectes-aec\/#mainImage","width":600,"height":386,"caption":"Ing\u00e9nieur inspectant le logiciel Prevu3D"},"primaryImageOfPage":{"@id":"https:\/\/www.prevu3d.com\/fr\/jumeaux-numeriques-ingenieurs-architectes-aec\/#mainImage"},"datePublished":"2026-03-04T09:35:39-05:00","dateModified":"2026-04-09T09:31:41-04:00"},{"@type":"WebSite","@id":"https:\/\/www.prevu3d.com\/fr\/#website","url":"https:\/\/www.prevu3d.com\/fr\/","name":"Prevu3D","description":"Meet your digital twin","inLanguage":"fr-FR","publisher":{"@id":"https:\/\/www.prevu3d.com\/fr\/#organization"}}]},"og:locale":"fr_FR","og:site_name":"Prevu3D | Meet your digital twin","og:type":"article","og:title":"Jumeaux num\u00e9riques pour les \u00e9quipes d\u2019ing\u00e9nieurs et d\u2019architectes | Prevu3D","og:description":"L'ing\u00e9nierie des jumeaux num\u00e9riques valide les d\u00e9cisions de modernisation et d'agencement par rapport aux conditions r\u00e9elles du site, ce qui r\u00e9duit les cycles de reconception et les travaux co\u00fbteux sur le terrain.","og:url":"https:\/\/www.prevu3d.com\/fr\/jumeaux-numeriques-ingenieurs-architectes-aec\/","og:image":"https:\/\/www.prevu3d.com\/wp-content\/uploads\/2023\/08\/Prevu3D-Engineer-solutions.png","og:image:secure_url":"https:\/\/www.prevu3d.com\/wp-content\/uploads\/2023\/08\/Prevu3D-Engineer-solutions.png","og:image:width":600,"og:image:height":386,"article:published_time":"2026-03-04T14:35:39+00:00","article:modified_time":"2026-04-09T13:31:41+00:00","twitter:card":"summary_large_image","twitter:title":"Jumeaux num\u00e9riques pour les \u00e9quipes d\u2019ing\u00e9nieurs et d\u2019architectes | Prevu3D","twitter:description":"L'ing\u00e9nierie des jumeaux num\u00e9riques valide les d\u00e9cisions de modernisation et d'agencement par rapport aux conditions r\u00e9elles du site, ce qui r\u00e9duit les cycles de reconception et les travaux co\u00fbteux sur le terrain.","twitter:image":"https:\/\/www.prevu3d.com\/wp-content\/uploads\/2023\/08\/Prevu3D-Engineer-solutions.png"},"aioseo_meta_data":{"post_id":"28876","title":null,"description":null,"keywords":null,"keyphrases":{"focus":{"keyphrase":"digital twins engineering","score":43,"analysis":{"keyphraseInTitle":{"score":3,"maxScore":9,"error":1},"keyphraseInDescription":{"score":3,"maxScore":9,"error":1},"keyphraseLength":{"score":9,"maxScore":9,"error":0,"length":3},"keyphraseInURL":{"score":5,"maxScore":5,"error":0},"keyphraseInIntroduction":{"score":3,"maxScore":9,"error":1},"keyphraseInSubHeadings":{"score":3,"maxScore":9,"error":1},"keyphraseInImageAlt":{"score":3,"maxScore":9,"error":1},"keywordDensity":{"score":0,"type":"low","maxScore":9,"error":1}}},"additional":[{"keyphrase":"brownfield retrofit engineering","score":40,"analysis":{"keyphraseInDescription":{"score":3,"maxScore":9,"error":1},"keyphraseLength":{"score":9,"maxScore":9,"error":0,"length":3},"keyphraseInIntroduction":{"score":3,"maxScore":9,"error":1},"keyphraseInImageAlt":{"score":3,"maxScore":9,"error":1},"keywordDensity":{"score":0,"type":"low","maxScore":9,"error":1}}},{"keyphrase":"retrofit design validation","score":40,"analysis":{"keyphraseInDescription":{"score":3,"maxScore":9,"error":1},"keyphraseLength":{"score":9,"maxScore":9,"error":0,"length":3},"keyphraseInIntroduction":{"score":3,"maxScore":9,"error":1},"keyphraseInImageAlt":{"score":3,"maxScore":9,"error":1},"keywordDensity":{"score":0,"type":"low","maxScore":9,"error":1}}},{"keyphrase":"existing conditions validation","score":40,"analysis":{"keyphraseInDescription":{"score":3,"maxScore":9,"error":1},"keyphraseLength":{"score":9,"maxScore":9,"error":0,"length":3},"keyphraseInIntroduction":{"score":3,"maxScore":9,"error":1},"keyphraseInImageAlt":{"score":3,"maxScore":9,"error":1},"keywordDensity":{"score":0,"type":"low","maxScore":9,"error":1}}},{"keyphrase":"reality-based clash detection","score":40,"analysis":{"keyphraseInDescription":{"score":3,"maxScore":9,"error":1},"keyphraseLength":{"score":9,"maxScore":9,"error":0,"length":3},"keyphraseInIntroduction":{"score":3,"maxScore":9,"error":1},"keyphraseInImageAlt":{"score":3,"maxScore":9,"error":1},"keywordDensity":{"score":0,"type":"low","maxScore":9,"error":1}}},{"keyphrase":"piping layout validation","score":53,"analysis":{"keyphraseInDescription":{"score":3,"maxScore":9,"error":1},"keyphraseLength":{"score":9,"maxScore":9,"error":0,"length":3},"keyphraseInIntroduction":{"score":3,"maxScore":9,"error":1},"keyphraseInImageAlt":{"score":9,"maxScore":9,"error":0},"keywordDensity":{"score":0,"type":"low","maxScore":9,"error":1}}},{"keyphrase":"equipment layout validation","score":40,"analysis":{"keyphraseInDescription":{"score":3,"maxScore":9,"error":1},"keyphraseLength":{"score":9,"maxScore":9,"error":0,"length":3},"keyphraseInIntroduction":{"score":3,"maxScore":9,"error":1},"keyphraseInImageAlt":{"score":3,"maxScore":9,"error":1},"keywordDensity":{"score":0,"type":"low","maxScore":9,"error":1}}},{"keyphrase":"as-built engineering validation","score":40,"analysis":{"keyphraseInDescription":{"score":3,"maxScore":9,"error":1},"keyphraseLength":{"score":9,"maxScore":9,"error":0,"length":3},"keyphraseInIntroduction":{"score":3,"maxScore":9,"error":1},"keyphraseInImageAlt":{"score":3,"maxScore":9,"error":1},"keywordDensity":{"score":0,"type":"low","maxScore":9,"error":1}}}]},"primary_term":null,"canonical_url":null,"og_title":null,"og_description":null,"og_object_type":"default","og_image_type":"default","og_image_url":null,"og_image_width":null,"og_image_height":null,"og_image_custom_url":null,"og_image_custom_fields":null,"og_video":"","og_custom_url":null,"og_article_section":null,"og_article_tags":null,"twitter_use_og":false,"twitter_card":"default","twitter_image_type":"default","twitter_image_url":null,"twitter_image_custom_url":null,"twitter_image_custom_fields":null,"twitter_title":null,"twitter_description":null,"schema":{"blockGraphs":[],"customGraphs":[],"default":{"data":{"Article":[],"Course":[],"Dataset":[],"FAQPage":[],"Movie":[],"Person":[],"Product":[],"ProductReview":[],"Car":[],"Recipe":[],"Service":[],"SoftwareApplication":[],"WebPage":[]},"graphName":"WebPage","isEnabled":true},"graphs":[]},"schema_type":"default","schema_type_options":null,"pillar_content":false,"robots_default":true,"robots_noindex":false,"robots_noarchive":false,"robots_nosnippet":false,"robots_nofollow":false,"robots_noimageindex":false,"robots_noodp":false,"robots_notranslate":false,"robots_max_snippet":"-1","robots_max_videopreview":"-1","robots_max_imagepreview":"large","priority":null,"frequency":"default","local_seo":null,"seo_analyzer_scan_date":"2026-04-09 13:29:40","breadcrumb_settings":null,"limit_modified_date":false,"reviewed_by":"0","open_ai":null,"ai":{"faqs":[],"keyPoints":[],"titles":[],"descriptions":[],"socialPosts":{"email":[],"linkedin":[],"twitter":[],"facebook":[],"instagram":[]}},"created":"2026-03-05 13:05:38","updated":"2026-04-09 14:23:39"},"aioseo_breadcrumb":"<div class=\"aioseo-breadcrumbs\"><span class=\"aioseo-breadcrumb\">\n\t<a href=\"https:\/\/www.prevu3d.com\/fr\/\" title=\"Home\">Home<\/a>\n<\/span><span class=\"aioseo-breadcrumb-separator\">|<\/span><span class=\"aioseo-breadcrumb\">\n\tJumeaux num\u00e9riques pour les \u00e9quipes d\u2019ing\u00e9nieurs et d\u2019architectes\n<\/span><\/div>","aioseo_breadcrumb_json":[{"label":"Home","link":"https:\/\/www.prevu3d.com\/fr\/"},{"label":"Jumeaux num\u00e9riques pour les \u00e9quipes d&rsquo;ing\u00e9nieurs et d&rsquo;architectes","link":"https:\/\/www.prevu3d.com\/fr\/jumeaux-numeriques-ingenieurs-architectes-aec\/"}],"_links":{"self":[{"href":"https:\/\/www.prevu3d.com\/fr\/wp-json\/wp\/v2\/pages\/28876","targetHints":{"allow":["GET"]}}],"collection":[{"href":"https:\/\/www.prevu3d.com\/fr\/wp-json\/wp\/v2\/pages"}],"about":[{"href":"https:\/\/www.prevu3d.com\/fr\/wp-json\/wp\/v2\/types\/page"}],"author":[{"embeddable":true,"href":"https:\/\/www.prevu3d.com\/fr\/wp-json\/wp\/v2\/users\/24"}],"replies":[{"embeddable":true,"href":"https:\/\/www.prevu3d.com\/fr\/wp-json\/wp\/v2\/comments?post=28876"}],"version-history":[{"count":0,"href":"https:\/\/www.prevu3d.com\/fr\/wp-json\/wp\/v2\/pages\/28876\/revisions"}],"wp:featuredmedia":[{"embeddable":true,"href":"https:\/\/www.prevu3d.com\/fr\/wp-json\/wp\/v2\/media\/25412"}],"wp:attachment":[{"href":"https:\/\/www.prevu3d.com\/fr\/wp-json\/wp\/v2\/media?parent=28876"}],"curies":[{"name":"wp","href":"https:\/\/api.w.org\/{rel}","templated":true}]}}