{"id":28875,"date":"2026-03-05T07:49:18","date_gmt":"2026-03-05T12:49:18","guid":{"rendered":"https:\/\/www.prevu3d.com\/digital-twins-scanner-surveyor\/"},"modified":"2026-03-24T06:42:35","modified_gmt":"2026-03-24T10:42:35","slug":"digital-twins-scanner-surveyor","status":"publish","type":"page","link":"https:\/\/www.prevu3d.com\/fr\/digital-twins-scanner-surveyor\/","title":{"rendered":"Jumeaux num\u00e9riques pour le scanner et le g\u00e9om\u00e8tre"},"content":{"rendered":"","protected":false},"excerpt":{"rendered":"<p>Jumeaux num\u00e9riques pour les \u00e9quipes de scanners et de g\u00e9om\u00e8tres. Transformez les donn\u00e9es de num\u00e9risation multi-sources en jumeaux visuels pr\u00eats \u00e0 l&#8217;emploi pour la validation et la livraison. <\/p>\n","protected":false},"author":24,"featured_media":6244,"parent":0,"menu_order":0,"comment_status":"closed","ping_status":"closed","template":"","meta":{"_acf_changed":false,"content-type":"","inline_featured_image":false,"footnotes":""},"class_list":["post-28875","page","type-page","status-publish","has-post-thumbnail","hentry"],"acf":[],"aioseo_notices":[],"aioseo_head":"\n\t\t<!-- All in One SEO Pro 4.9.5.2 - aioseo.com -->\n\t<meta name=\"description\" content=\"Jumeaux num\u00e9riques pour les \u00e9quipes de scanners et de g\u00e9om\u00e8tres. Transformez les donn\u00e9es de num\u00e9risation multi-sources en jumeaux visuels pr\u00eats \u00e0 l&#039;emploi pour la validation et la livraison.\" \/>\n\t<meta name=\"robots\" content=\"max-image-preview:large\" \/>\n\t<meta name=\"google-site-verification\" content=\"1aaBOTbZDn3PC1QZfiAz4ZTsGnMlm2ayWpksfw3hWIA\" \/>\n\t<link rel=\"canonical\" href=\"https:\/\/www.prevu3d.com\/fr\/digital-twins-scanner-surveyor\/\" \/>\n\t<meta name=\"generator\" content=\"All in One SEO Pro (AIOSEO) 4.9.5.2\" \/>\n\t\t<meta property=\"og:locale\" content=\"fr_FR\" \/>\n\t\t<meta property=\"og:site_name\" content=\"Prevu3D | Meet your digital twin\" \/>\n\t\t<meta property=\"og:type\" content=\"article\" \/>\n\t\t<meta property=\"og:title\" content=\"Jumeaux num\u00e9riques pour le scanner et le g\u00e9om\u00e8tre | Prevu3D\" \/>\n\t\t<meta property=\"og:description\" content=\"Jumeaux num\u00e9riques pour les \u00e9quipes de scanners et de g\u00e9om\u00e8tres. Transformez les donn\u00e9es de num\u00e9risation multi-sources en jumeaux visuels pr\u00eats \u00e0 l&#039;emploi pour la validation et la livraison.\" \/>\n\t\t<meta property=\"og:url\" content=\"https:\/\/www.prevu3d.com\/fr\/digital-twins-scanner-surveyor\/\" \/>\n\t\t<meta property=\"og:image\" content=\"https:\/\/www.prevu3d.com\/wp-content\/uploads\/2024\/01\/scanning_provider_software_thumbnail-1.png\" \/>\n\t\t<meta property=\"og:image:secure_url\" content=\"https:\/\/www.prevu3d.com\/wp-content\/uploads\/2024\/01\/scanning_provider_software_thumbnail-1.png\" \/>\n\t\t<meta property=\"og:image:width\" content=\"751\" \/>\n\t\t<meta property=\"og:image:height\" content=\"560\" \/>\n\t\t<meta property=\"article:published_time\" content=\"2026-03-05T12:49:18+00:00\" \/>\n\t\t<meta property=\"article:modified_time\" content=\"2026-03-24T10:42:35+00:00\" \/>\n\t\t<meta name=\"twitter:card\" content=\"summary_large_image\" \/>\n\t\t<meta name=\"twitter:title\" content=\"Jumeaux num\u00e9riques pour le scanner et le g\u00e9om\u00e8tre | Prevu3D\" \/>\n\t\t<meta name=\"twitter:description\" content=\"Jumeaux num\u00e9riques pour les \u00e9quipes de scanners et de g\u00e9om\u00e8tres. Transformez les donn\u00e9es de num\u00e9risation multi-sources en jumeaux visuels pr\u00eats \u00e0 l&#039;emploi pour la validation et la livraison.\" \/>\n\t\t<meta name=\"twitter:image\" content=\"https:\/\/www.prevu3d.com\/wp-content\/uploads\/2024\/01\/scanning_provider_software_thumbnail-1.png\" \/>\n\t\t<script type=\"application\/ld+json\" class=\"aioseo-schema\">\n\t\t\t{\"@context\":\"https:\\\/\\\/schema.org\",\"@graph\":[{\"@type\":\"BreadcrumbList\",\"@id\":\"https:\\\/\\\/www.prevu3d.com\\\/fr\\\/digital-twins-scanner-surveyor\\\/#breadcrumblist\",\"itemListElement\":[{\"@type\":\"ListItem\",\"@id\":\"https:\\\/\\\/www.prevu3d.com\\\/fr\\\/#listItem\",\"position\":1,\"name\":\"Home\",\"item\":\"https:\\\/\\\/www.prevu3d.com\\\/fr\\\/\",\"nextItem\":{\"@type\":\"ListItem\",\"@id\":\"https:\\\/\\\/www.prevu3d.com\\\/fr\\\/digital-twins-scanner-surveyor\\\/#listItem\",\"name\":\"Jumeaux num\\u00e9riques pour le scanner et le g\\u00e9om\\u00e8tre\"}},{\"@type\":\"ListItem\",\"@id\":\"https:\\\/\\\/www.prevu3d.com\\\/fr\\\/digital-twins-scanner-surveyor\\\/#listItem\",\"position\":2,\"name\":\"Jumeaux num\\u00e9riques pour le scanner et le g\\u00e9om\\u00e8tre\",\"previousItem\":{\"@type\":\"ListItem\",\"@id\":\"https:\\\/\\\/www.prevu3d.com\\\/fr\\\/#listItem\",\"name\":\"Home\"}}]},{\"@type\":\"Organization\",\"@id\":\"https:\\\/\\\/www.prevu3d.com\\\/fr\\\/#organization\",\"name\":\"Prevu3D\",\"description\":\"Enterprise 3D Digital Twin Software Solutions\",\"url\":\"https:\\\/\\\/www.prevu3d.com\\\/fr\\\/\",\"logo\":{\"@type\":\"ImageObject\",\"url\":\"https:\\\/\\\/www.prevu3d.com\\\/wp-content\\\/uploads\\\/2026\\\/02\\\/prevu3d_logo.png\",\"@id\":\"https:\\\/\\\/www.prevu3d.com\\\/fr\\\/digital-twins-scanner-surveyor\\\/#organizationLogo\",\"width\":1200,\"height\":630},\"image\":{\"@id\":\"https:\\\/\\\/www.prevu3d.com\\\/fr\\\/digital-twins-scanner-surveyor\\\/#organizationLogo\"},\"sameAs\":[\"https:\\\/\\\/www.linkedin.com\\\/company\\\/prevu3d\"]},{\"@type\":\"WebPage\",\"@id\":\"https:\\\/\\\/www.prevu3d.com\\\/fr\\\/digital-twins-scanner-surveyor\\\/#webpage\",\"url\":\"https:\\\/\\\/www.prevu3d.com\\\/fr\\\/digital-twins-scanner-surveyor\\\/\",\"name\":\"Jumeaux num\\u00e9riques pour le scanner et le g\\u00e9om\\u00e8tre | Prevu3D\",\"description\":\"Jumeaux num\\u00e9riques pour les \\u00e9quipes de scanners et de g\\u00e9om\\u00e8tres. Transformez les donn\\u00e9es de num\\u00e9risation multi-sources en jumeaux visuels pr\\u00eats \\u00e0 l'emploi pour la validation et la livraison.\",\"inLanguage\":\"fr-FR\",\"isPartOf\":{\"@id\":\"https:\\\/\\\/www.prevu3d.com\\\/fr\\\/#website\"},\"breadcrumb\":{\"@id\":\"https:\\\/\\\/www.prevu3d.com\\\/fr\\\/digital-twins-scanner-surveyor\\\/#breadcrumblist\"},\"image\":{\"@type\":\"ImageObject\",\"url\":\"https:\\\/\\\/www.prevu3d.com\\\/wp-content\\\/uploads\\\/2024\\\/01\\\/scanning_provider_software_thumbnail-1.png\",\"@id\":\"https:\\\/\\\/www.prevu3d.com\\\/fr\\\/digital-twins-scanner-surveyor\\\/#mainImage\",\"width\":751,\"height\":560,\"caption\":\"Un technicien examine les donn\\u00e9es du site \\u00e0 l'aide du logiciel du fournisseur de services de num\\u00e9risation sur un chantier r\\u00e9el.\"},\"primaryImageOfPage\":{\"@id\":\"https:\\\/\\\/www.prevu3d.com\\\/fr\\\/digital-twins-scanner-surveyor\\\/#mainImage\"},\"datePublished\":\"2026-03-05T07:49:18-05:00\",\"dateModified\":\"2026-03-24T06:42:35-04:00\"},{\"@type\":\"WebSite\",\"@id\":\"https:\\\/\\\/www.prevu3d.com\\\/fr\\\/#website\",\"url\":\"https:\\\/\\\/www.prevu3d.com\\\/fr\\\/\",\"name\":\"Prevu3D\",\"description\":\"Meet your digital twin\",\"inLanguage\":\"fr-FR\",\"publisher\":{\"@id\":\"https:\\\/\\\/www.prevu3d.com\\\/fr\\\/#organization\"}}]}\n\t\t<\/script>\n\t\t<!-- All in One SEO Pro -->\r\n\t\t<title>Jumeaux num\u00e9riques pour le scanner et le g\u00e9om\u00e8tre | Prevu3D<\/title>\n\n","aioseo_head_json":{"title":"Jumeaux num\u00e9riques pour le scanner et le g\u00e9om\u00e8tre | Prevu3D","description":"Jumeaux num\u00e9riques pour les \u00e9quipes de scanners et de g\u00e9om\u00e8tres. Transformez les donn\u00e9es de num\u00e9risation multi-sources en jumeaux visuels pr\u00eats \u00e0 l'emploi pour la validation et la livraison.","canonical_url":"https:\/\/www.prevu3d.com\/fr\/digital-twins-scanner-surveyor\/","robots":"max-image-preview:large","keywords":"","webmasterTools":{"google-site-verification":"1aaBOTbZDn3PC1QZfiAz4ZTsGnMlm2ayWpksfw3hWIA","miscellaneous":""},"schema":{"@context":"https:\/\/schema.org","@graph":[{"@type":"BreadcrumbList","@id":"https:\/\/www.prevu3d.com\/fr\/digital-twins-scanner-surveyor\/#breadcrumblist","itemListElement":[{"@type":"ListItem","@id":"https:\/\/www.prevu3d.com\/fr\/#listItem","position":1,"name":"Home","item":"https:\/\/www.prevu3d.com\/fr\/","nextItem":{"@type":"ListItem","@id":"https:\/\/www.prevu3d.com\/fr\/digital-twins-scanner-surveyor\/#listItem","name":"Jumeaux num\u00e9riques pour le scanner et le g\u00e9om\u00e8tre"}},{"@type":"ListItem","@id":"https:\/\/www.prevu3d.com\/fr\/digital-twins-scanner-surveyor\/#listItem","position":2,"name":"Jumeaux num\u00e9riques pour le scanner et le g\u00e9om\u00e8tre","previousItem":{"@type":"ListItem","@id":"https:\/\/www.prevu3d.com\/fr\/#listItem","name":"Home"}}]},{"@type":"Organization","@id":"https:\/\/www.prevu3d.com\/fr\/#organization","name":"Prevu3D","description":"Enterprise 3D Digital Twin Software Solutions","url":"https:\/\/www.prevu3d.com\/fr\/","logo":{"@type":"ImageObject","url":"https:\/\/www.prevu3d.com\/wp-content\/uploads\/2026\/02\/prevu3d_logo.png","@id":"https:\/\/www.prevu3d.com\/fr\/digital-twins-scanner-surveyor\/#organizationLogo","width":1200,"height":630},"image":{"@id":"https:\/\/www.prevu3d.com\/fr\/digital-twins-scanner-surveyor\/#organizationLogo"},"sameAs":["https:\/\/www.linkedin.com\/company\/prevu3d"]},{"@type":"WebPage","@id":"https:\/\/www.prevu3d.com\/fr\/digital-twins-scanner-surveyor\/#webpage","url":"https:\/\/www.prevu3d.com\/fr\/digital-twins-scanner-surveyor\/","name":"Jumeaux num\u00e9riques pour le scanner et le g\u00e9om\u00e8tre | Prevu3D","description":"Jumeaux num\u00e9riques pour les \u00e9quipes de scanners et de g\u00e9om\u00e8tres. Transformez les donn\u00e9es de num\u00e9risation multi-sources en jumeaux visuels pr\u00eats \u00e0 l'emploi pour la validation et la livraison.","inLanguage":"fr-FR","isPartOf":{"@id":"https:\/\/www.prevu3d.com\/fr\/#website"},"breadcrumb":{"@id":"https:\/\/www.prevu3d.com\/fr\/digital-twins-scanner-surveyor\/#breadcrumblist"},"image":{"@type":"ImageObject","url":"https:\/\/www.prevu3d.com\/wp-content\/uploads\/2024\/01\/scanning_provider_software_thumbnail-1.png","@id":"https:\/\/www.prevu3d.com\/fr\/digital-twins-scanner-surveyor\/#mainImage","width":751,"height":560,"caption":"Un technicien examine les donn\u00e9es du site \u00e0 l'aide du logiciel du fournisseur de services de num\u00e9risation sur un chantier r\u00e9el."},"primaryImageOfPage":{"@id":"https:\/\/www.prevu3d.com\/fr\/digital-twins-scanner-surveyor\/#mainImage"},"datePublished":"2026-03-05T07:49:18-05:00","dateModified":"2026-03-24T06:42:35-04:00"},{"@type":"WebSite","@id":"https:\/\/www.prevu3d.com\/fr\/#website","url":"https:\/\/www.prevu3d.com\/fr\/","name":"Prevu3D","description":"Meet your digital twin","inLanguage":"fr-FR","publisher":{"@id":"https:\/\/www.prevu3d.com\/fr\/#organization"}}]},"og:locale":"fr_FR","og:site_name":"Prevu3D | Meet your digital twin","og:type":"article","og:title":"Jumeaux num\u00e9riques pour le scanner et le g\u00e9om\u00e8tre | Prevu3D","og:description":"Jumeaux num\u00e9riques pour les \u00e9quipes de scanners et de g\u00e9om\u00e8tres. Transformez les donn\u00e9es de num\u00e9risation multi-sources en jumeaux visuels pr\u00eats \u00e0 l'emploi pour la validation et la livraison.","og:url":"https:\/\/www.prevu3d.com\/fr\/digital-twins-scanner-surveyor\/","og:image":"https:\/\/www.prevu3d.com\/wp-content\/uploads\/2024\/01\/scanning_provider_software_thumbnail-1.png","og:image:secure_url":"https:\/\/www.prevu3d.com\/wp-content\/uploads\/2024\/01\/scanning_provider_software_thumbnail-1.png","og:image:width":751,"og:image:height":560,"article:published_time":"2026-03-05T12:49:18+00:00","article:modified_time":"2026-03-24T10:42:35+00:00","twitter:card":"summary_large_image","twitter:title":"Jumeaux num\u00e9riques pour le scanner et le g\u00e9om\u00e8tre | Prevu3D","twitter:description":"Jumeaux num\u00e9riques pour les \u00e9quipes de scanners et de g\u00e9om\u00e8tres. Transformez les donn\u00e9es de num\u00e9risation multi-sources en jumeaux visuels pr\u00eats \u00e0 l'emploi pour la validation et la livraison.","twitter:image":"https:\/\/www.prevu3d.com\/wp-content\/uploads\/2024\/01\/scanning_provider_software_thumbnail-1.png"},"aioseo_meta_data":{"post_id":"28875","title":null,"description":null,"keywords":null,"keyphrases":{"focus":{"keyphrase":"digital twins for scanner surveyor","score":32,"analysis":{"keyphraseInTitle":{"score":3,"maxScore":9,"error":1},"keyphraseInDescription":{"score":3,"maxScore":9,"error":1},"keyphraseLength":{"score":6,"maxScore":9,"error":1,"length":5},"keyphraseInURL":{"score":1,"maxScore":5,"error":1},"keyphraseInIntroduction":{"score":3,"maxScore":9,"error":1},"keyphraseInSubHeadings":{"score":3,"maxScore":9,"error":1},"keyphraseInImageAlt":{"score":3,"maxScore":9,"error":1},"keywordDensity":{"score":0,"type":"low","maxScore":9,"error":1}}},"additional":[{"keyphrase":"digital twin for scanning companies","score":33,"analysis":{"keyphraseInDescription":{"score":3,"maxScore":9,"error":1},"keyphraseLength":{"score":6,"maxScore":9,"error":1,"length":5},"keyphraseInIntroduction":{"score":3,"maxScore":9,"error":1},"keyphraseInImageAlt":{"score":3,"maxScore":9,"error":1},"keywordDensity":{"score":0,"type":"low","maxScore":9,"error":1}}},{"keyphrase":"digital twin for surveying firms","score":33,"analysis":{"keyphraseInDescription":{"score":3,"maxScore":9,"error":1},"keyphraseLength":{"score":6,"maxScore":9,"error":1,"length":5},"keyphraseInIntroduction":{"score":3,"maxScore":9,"error":1},"keyphraseInImageAlt":{"score":3,"maxScore":9,"error":1},"keywordDensity":{"score":0,"type":"low","maxScore":9,"error":1}}},{"keyphrase":"scan-to-CAD workflow","score":40,"analysis":{"keyphraseInDescription":{"score":3,"maxScore":9,"error":1},"keyphraseLength":{"score":9,"maxScore":9,"error":0,"length":2},"keyphraseInIntroduction":{"score":3,"maxScore":9,"error":1},"keyphraseInImageAlt":{"score":3,"maxScore":9,"error":1},"keywordDensity":{"score":0,"type":"low","maxScore":9,"error":1}}},{"keyphrase":"validation of CAD against scan","score":33,"analysis":{"keyphraseInDescription":{"score":3,"maxScore":9,"error":1},"keyphraseLength":{"score":6,"maxScore":9,"error":1,"length":5},"keyphraseInIntroduction":{"score":3,"maxScore":9,"error":1},"keyphraseInImageAlt":{"score":3,"maxScore":9,"error":1},"keywordDensity":{"score":0,"type":"low","maxScore":9,"error":1}}},{"keyphrase":"multi-source scan composition","score":40,"analysis":{"keyphraseInDescription":{"score":3,"maxScore":9,"error":1},"keyphraseLength":{"score":9,"maxScore":9,"error":0,"length":3},"keyphraseInIntroduction":{"score":3,"maxScore":9,"error":1},"keyphraseInImageAlt":{"score":3,"maxScore":9,"error":1},"keywordDensity":{"score":0,"type":"low","maxScore":9,"error":1}}},{"keyphrase":"3D scan viewing and sharing","score":33,"analysis":{"keyphraseInDescription":{"score":3,"maxScore":9,"error":1},"keyphraseLength":{"score":6,"maxScore":9,"error":1,"length":5},"keyphraseInIntroduction":{"score":3,"maxScore":9,"error":1},"keyphraseInImageAlt":{"score":3,"maxScore":9,"error":1},"keywordDensity":{"score":0,"type":"low","maxScore":9,"error":1}}}]},"primary_term":null,"canonical_url":null,"og_title":null,"og_description":null,"og_object_type":"default","og_image_type":"default","og_image_url":null,"og_image_width":null,"og_image_height":null,"og_image_custom_url":null,"og_image_custom_fields":null,"og_video":"","og_custom_url":null,"og_article_section":null,"og_article_tags":null,"twitter_use_og":false,"twitter_card":"default","twitter_image_type":"default","twitter_image_url":null,"twitter_image_custom_url":null,"twitter_image_custom_fields":null,"twitter_title":null,"twitter_description":null,"schema":{"blockGraphs":[],"customGraphs":[],"default":{"data":{"Article":[],"Course":[],"Dataset":[],"FAQPage":[],"Movie":[],"Person":[],"Product":[],"ProductReview":[],"Car":[],"Recipe":[],"Service":[],"SoftwareApplication":[],"WebPage":[]},"graphName":"WebPage","isEnabled":true},"graphs":[]},"schema_type":"default","schema_type_options":null,"pillar_content":false,"robots_default":true,"robots_noindex":false,"robots_noarchive":false,"robots_nosnippet":false,"robots_nofollow":false,"robots_noimageindex":false,"robots_noodp":false,"robots_notranslate":false,"robots_max_snippet":"-1","robots_max_videopreview":"-1","robots_max_imagepreview":"large","priority":null,"frequency":"default","local_seo":null,"seo_analyzer_scan_date":"2026-03-24 10:50:46","breadcrumb_settings":null,"limit_modified_date":false,"reviewed_by":"0","open_ai":null,"ai":{"faqs":[],"keyPoints":[],"titles":[],"descriptions":[],"socialPosts":{"email":[],"linkedin":[],"twitter":[],"facebook":[],"instagram":[]}},"created":"2026-03-05 13:05:03","updated":"2026-03-24 10:50:46"},"aioseo_breadcrumb":"<div class=\"aioseo-breadcrumbs\"><span class=\"aioseo-breadcrumb\">\n\t<a href=\"https:\/\/www.prevu3d.com\/fr\/\" title=\"Home\">Home<\/a>\n<\/span><span class=\"aioseo-breadcrumb-separator\">|<\/span><span class=\"aioseo-breadcrumb\">\n\tJumeaux num\u00e9riques pour le scanner et le g\u00e9om\u00e8tre\n<\/span><\/div>","aioseo_breadcrumb_json":[{"label":"Home","link":"https:\/\/www.prevu3d.com\/fr\/"},{"label":"Jumeaux num\u00e9riques pour le scanner et le g\u00e9om\u00e8tre","link":"https:\/\/www.prevu3d.com\/fr\/digital-twins-scanner-surveyor\/"}],"_links":{"self":[{"href":"https:\/\/www.prevu3d.com\/fr\/wp-json\/wp\/v2\/pages\/28875","targetHints":{"allow":["GET"]}}],"collection":[{"href":"https:\/\/www.prevu3d.com\/fr\/wp-json\/wp\/v2\/pages"}],"about":[{"href":"https:\/\/www.prevu3d.com\/fr\/wp-json\/wp\/v2\/types\/page"}],"author":[{"embeddable":true,"href":"https:\/\/www.prevu3d.com\/fr\/wp-json\/wp\/v2\/users\/24"}],"replies":[{"embeddable":true,"href":"https:\/\/www.prevu3d.com\/fr\/wp-json\/wp\/v2\/comments?post=28875"}],"version-history":[{"count":0,"href":"https:\/\/www.prevu3d.com\/fr\/wp-json\/wp\/v2\/pages\/28875\/revisions"}],"wp:featuredmedia":[{"embeddable":true,"href":"https:\/\/www.prevu3d.com\/fr\/wp-json\/wp\/v2\/media\/6244"}],"wp:attachment":[{"href":"https:\/\/www.prevu3d.com\/fr\/wp-json\/wp\/v2\/media?parent=28875"}],"curies":[{"name":"wp","href":"https:\/\/api.w.org\/{rel}","templated":true}]}}