{"id":2694,"date":"2023-05-15T15:45:08","date_gmt":"2023-05-15T19:45:08","guid":{"rendered":"https:\/\/wpengine-dev.prevu3d-int.com\/?page_id=2694"},"modified":"2026-04-09T09:42:04","modified_gmt":"2026-04-09T13:42:04","slug":"livres-blancs","status":"publish","type":"page","link":"https:\/\/www.prevu3d.com\/fr\/livres-blancs\/","title":{"rendered":"Digital Twin White Papers"},"content":{"rendered":"","protected":false},"excerpt":{"rendered":"<p>Les livres blancs sur le jumeau num\u00e9rique vous permettront de mieux comprendre les innovations en mati\u00e8re de visualisation 3D, de capture de la r\u00e9alit\u00e9 et de jumeau num\u00e9rique, qui rendent l&rsquo;ing\u00e9nierie et les op\u00e9rations plus intelligentes.<\/p>\n","protected":false},"author":24,"featured_media":6590,"parent":0,"menu_order":0,"comment_status":"closed","ping_status":"closed","template":"","meta":{"_acf_changed":false,"content-type":"","inline_featured_image":false,"footnotes":""},"class_list":["post-2694","page","type-page","status-publish","has-post-thumbnail","hentry"],"acf":[],"aioseo_notices":[],"aioseo_head":"\n\t\t<!-- All in One SEO Pro 4.9.6.2 - aioseo.com -->\n\t<meta name=\"description\" content=\"Les livres blancs sur le jumeau num\u00e9rique vous permettront de mieux comprendre les innovations en mati\u00e8re de visualisation 3D, de capture de la r\u00e9alit\u00e9 et de jumeau num\u00e9rique, qui rendent l&#039;ing\u00e9nierie et les op\u00e9rations plus intelligentes.\" \/>\n\t<meta name=\"robots\" content=\"max-image-preview:large\" \/>\n\t<meta name=\"google-site-verification\" content=\"1aaBOTbZDn3PC1QZfiAz4ZTsGnMlm2ayWpksfw3hWIA\" \/>\n\t<link rel=\"canonical\" href=\"https:\/\/www.prevu3d.com\/fr\/livres-blancs\/\" \/>\n\t<meta name=\"generator\" content=\"All in One SEO Pro (AIOSEO) 4.9.6.2\" \/>\n\t\t<meta property=\"og:locale\" content=\"fr_FR\" \/>\n\t\t<meta property=\"og:site_name\" content=\"Prevu3D | Meet your digital twin\" \/>\n\t\t<meta property=\"og:type\" content=\"article\" \/>\n\t\t<meta property=\"og:title\" content=\"Digital Twin White Papers | Prevu3D\" \/>\n\t\t<meta property=\"og:description\" content=\"Les livres blancs sur le jumeau num\u00e9rique vous permettront de mieux comprendre les innovations en mati\u00e8re de visualisation 3D, de capture de la r\u00e9alit\u00e9 et de jumeau num\u00e9rique, qui rendent l&#039;ing\u00e9nierie et les op\u00e9rations plus intelligentes.\" \/>\n\t\t<meta property=\"og:url\" content=\"https:\/\/www.prevu3d.com\/fr\/livres-blancs\/\" \/>\n\t\t<meta property=\"og:image\" content=\"https:\/\/www.prevu3d.com\/wp-content\/uploads\/2024\/02\/Scanning-white-paper-Hero-visual.png\" \/>\n\t\t<meta property=\"og:image:secure_url\" content=\"https:\/\/www.prevu3d.com\/wp-content\/uploads\/2024\/02\/Scanning-white-paper-Hero-visual.png\" \/>\n\t\t<meta property=\"og:image:width\" content=\"1800\" \/>\n\t\t<meta property=\"og:image:height\" content=\"900\" \/>\n\t\t<meta property=\"article:published_time\" content=\"2023-05-15T19:45:08+00:00\" \/>\n\t\t<meta property=\"article:modified_time\" content=\"2026-04-09T13:42:04+00:00\" \/>\n\t\t<meta name=\"twitter:card\" content=\"summary_large_image\" \/>\n\t\t<meta name=\"twitter:title\" content=\"Digital Twin White Papers | Prevu3D\" \/>\n\t\t<meta name=\"twitter:description\" content=\"Les livres blancs sur le jumeau num\u00e9rique vous permettront de mieux comprendre les innovations en mati\u00e8re de visualisation 3D, de capture de la r\u00e9alit\u00e9 et de jumeau num\u00e9rique, qui rendent l&#039;ing\u00e9nierie et les op\u00e9rations plus intelligentes.\" \/>\n\t\t<meta name=\"twitter:image\" content=\"https:\/\/www.prevu3d.com\/wp-content\/uploads\/2024\/02\/Scanning-white-paper-Hero-visual.png\" \/>\n\t\t<script type=\"application\/ld+json\" class=\"aioseo-schema\">\n\t\t\t{\"@context\":\"https:\\\/\\\/schema.org\",\"@graph\":[{\"@type\":\"BreadcrumbList\",\"@id\":\"https:\\\/\\\/www.prevu3d.com\\\/fr\\\/livres-blancs\\\/#breadcrumblist\",\"itemListElement\":[{\"@type\":\"ListItem\",\"@id\":\"https:\\\/\\\/www.prevu3d.com\\\/fr\\\/#listItem\",\"position\":1,\"name\":\"Home\",\"item\":\"https:\\\/\\\/www.prevu3d.com\\\/fr\\\/\",\"nextItem\":{\"@type\":\"ListItem\",\"@id\":\"https:\\\/\\\/www.prevu3d.com\\\/fr\\\/livres-blancs\\\/#listItem\",\"name\":\"Digital Twin White Papers\"}},{\"@type\":\"ListItem\",\"@id\":\"https:\\\/\\\/www.prevu3d.com\\\/fr\\\/livres-blancs\\\/#listItem\",\"position\":2,\"name\":\"Digital Twin White Papers\",\"previousItem\":{\"@type\":\"ListItem\",\"@id\":\"https:\\\/\\\/www.prevu3d.com\\\/fr\\\/#listItem\",\"name\":\"Home\"}}]},{\"@type\":\"Organization\",\"@id\":\"https:\\\/\\\/www.prevu3d.com\\\/fr\\\/#organization\",\"name\":\"Prevu3D\",\"description\":\"Enterprise 3D Digital Twin Software Solutions\",\"url\":\"https:\\\/\\\/www.prevu3d.com\\\/fr\\\/\",\"logo\":{\"@type\":\"ImageObject\",\"url\":\"https:\\\/\\\/www.prevu3d.com\\\/wp-content\\\/uploads\\\/2026\\\/02\\\/prevu3d_logo.png\",\"@id\":\"https:\\\/\\\/www.prevu3d.com\\\/fr\\\/livres-blancs\\\/#organizationLogo\",\"width\":1200,\"height\":630},\"image\":{\"@id\":\"https:\\\/\\\/www.prevu3d.com\\\/fr\\\/livres-blancs\\\/#organizationLogo\"},\"sameAs\":[\"https:\\\/\\\/www.linkedin.com\\\/company\\\/prevu3d\"]},{\"@type\":\"WebPage\",\"@id\":\"https:\\\/\\\/www.prevu3d.com\\\/fr\\\/livres-blancs\\\/#webpage\",\"url\":\"https:\\\/\\\/www.prevu3d.com\\\/fr\\\/livres-blancs\\\/\",\"name\":\"Digital Twin White Papers | Prevu3D\",\"description\":\"Les livres blancs sur le jumeau num\\u00e9rique vous permettront de mieux comprendre les innovations en mati\\u00e8re de visualisation 3D, de capture de la r\\u00e9alit\\u00e9 et de jumeau num\\u00e9rique, qui rendent l'ing\\u00e9nierie et les op\\u00e9rations plus intelligentes.\",\"inLanguage\":\"fr-FR\",\"isPartOf\":{\"@id\":\"https:\\\/\\\/www.prevu3d.com\\\/fr\\\/#website\"},\"breadcrumb\":{\"@id\":\"https:\\\/\\\/www.prevu3d.com\\\/fr\\\/livres-blancs\\\/#breadcrumblist\"},\"image\":{\"@type\":\"ImageObject\",\"url\":\"https:\\\/\\\/www.prevu3d.com\\\/wp-content\\\/uploads\\\/2024\\\/02\\\/Scanning-white-paper-Hero-visual.png\",\"@id\":\"https:\\\/\\\/www.prevu3d.com\\\/fr\\\/livres-blancs\\\/#mainImage\",\"width\":1800,\"height\":900},\"primaryImageOfPage\":{\"@id\":\"https:\\\/\\\/www.prevu3d.com\\\/fr\\\/livres-blancs\\\/#mainImage\"},\"datePublished\":\"2023-05-15T15:45:08-04:00\",\"dateModified\":\"2026-04-09T09:42:04-04:00\"},{\"@type\":\"WebSite\",\"@id\":\"https:\\\/\\\/www.prevu3d.com\\\/fr\\\/#website\",\"url\":\"https:\\\/\\\/www.prevu3d.com\\\/fr\\\/\",\"name\":\"Prevu3D\",\"description\":\"Meet your digital twin\",\"inLanguage\":\"fr-FR\",\"publisher\":{\"@id\":\"https:\\\/\\\/www.prevu3d.com\\\/fr\\\/#organization\"}}]}\n\t\t<\/script>\n\t\t<!-- All in One SEO Pro -->\r\n\t\t<title>Digital Twin White Papers | Prevu3D<\/title>\n\n","aioseo_head_json":{"title":"Digital Twin White Papers | Prevu3D","description":"Les livres blancs sur le jumeau num\u00e9rique vous permettront de mieux comprendre les innovations en mati\u00e8re de visualisation 3D, de capture de la r\u00e9alit\u00e9 et de jumeau num\u00e9rique, qui rendent l'ing\u00e9nierie et les op\u00e9rations plus intelligentes.","canonical_url":"https:\/\/www.prevu3d.com\/fr\/livres-blancs\/","robots":"max-image-preview:large","keywords":"","webmasterTools":{"google-site-verification":"1aaBOTbZDn3PC1QZfiAz4ZTsGnMlm2ayWpksfw3hWIA","miscellaneous":""},"schema":{"@context":"https:\/\/schema.org","@graph":[{"@type":"BreadcrumbList","@id":"https:\/\/www.prevu3d.com\/fr\/livres-blancs\/#breadcrumblist","itemListElement":[{"@type":"ListItem","@id":"https:\/\/www.prevu3d.com\/fr\/#listItem","position":1,"name":"Home","item":"https:\/\/www.prevu3d.com\/fr\/","nextItem":{"@type":"ListItem","@id":"https:\/\/www.prevu3d.com\/fr\/livres-blancs\/#listItem","name":"Digital Twin White Papers"}},{"@type":"ListItem","@id":"https:\/\/www.prevu3d.com\/fr\/livres-blancs\/#listItem","position":2,"name":"Digital Twin White Papers","previousItem":{"@type":"ListItem","@id":"https:\/\/www.prevu3d.com\/fr\/#listItem","name":"Home"}}]},{"@type":"Organization","@id":"https:\/\/www.prevu3d.com\/fr\/#organization","name":"Prevu3D","description":"Enterprise 3D Digital Twin Software Solutions","url":"https:\/\/www.prevu3d.com\/fr\/","logo":{"@type":"ImageObject","url":"https:\/\/www.prevu3d.com\/wp-content\/uploads\/2026\/02\/prevu3d_logo.png","@id":"https:\/\/www.prevu3d.com\/fr\/livres-blancs\/#organizationLogo","width":1200,"height":630},"image":{"@id":"https:\/\/www.prevu3d.com\/fr\/livres-blancs\/#organizationLogo"},"sameAs":["https:\/\/www.linkedin.com\/company\/prevu3d"]},{"@type":"WebPage","@id":"https:\/\/www.prevu3d.com\/fr\/livres-blancs\/#webpage","url":"https:\/\/www.prevu3d.com\/fr\/livres-blancs\/","name":"Digital Twin White Papers | Prevu3D","description":"Les livres blancs sur le jumeau num\u00e9rique vous permettront de mieux comprendre les innovations en mati\u00e8re de visualisation 3D, de capture de la r\u00e9alit\u00e9 et de jumeau num\u00e9rique, qui rendent l'ing\u00e9nierie et les op\u00e9rations plus intelligentes.","inLanguage":"fr-FR","isPartOf":{"@id":"https:\/\/www.prevu3d.com\/fr\/#website"},"breadcrumb":{"@id":"https:\/\/www.prevu3d.com\/fr\/livres-blancs\/#breadcrumblist"},"image":{"@type":"ImageObject","url":"https:\/\/www.prevu3d.com\/wp-content\/uploads\/2024\/02\/Scanning-white-paper-Hero-visual.png","@id":"https:\/\/www.prevu3d.com\/fr\/livres-blancs\/#mainImage","width":1800,"height":900},"primaryImageOfPage":{"@id":"https:\/\/www.prevu3d.com\/fr\/livres-blancs\/#mainImage"},"datePublished":"2023-05-15T15:45:08-04:00","dateModified":"2026-04-09T09:42:04-04:00"},{"@type":"WebSite","@id":"https:\/\/www.prevu3d.com\/fr\/#website","url":"https:\/\/www.prevu3d.com\/fr\/","name":"Prevu3D","description":"Meet your digital twin","inLanguage":"fr-FR","publisher":{"@id":"https:\/\/www.prevu3d.com\/fr\/#organization"}}]},"og:locale":"fr_FR","og:site_name":"Prevu3D | Meet your digital twin","og:type":"article","og:title":"Digital Twin White Papers | Prevu3D","og:description":"Les livres blancs sur le jumeau num\u00e9rique vous permettront de mieux comprendre les innovations en mati\u00e8re de visualisation 3D, de capture de la r\u00e9alit\u00e9 et de jumeau num\u00e9rique, qui rendent l'ing\u00e9nierie et les op\u00e9rations plus intelligentes.","og:url":"https:\/\/www.prevu3d.com\/fr\/livres-blancs\/","og:image":"https:\/\/www.prevu3d.com\/wp-content\/uploads\/2024\/02\/Scanning-white-paper-Hero-visual.png","og:image:secure_url":"https:\/\/www.prevu3d.com\/wp-content\/uploads\/2024\/02\/Scanning-white-paper-Hero-visual.png","og:image:width":1800,"og:image:height":900,"article:published_time":"2023-05-15T19:45:08+00:00","article:modified_time":"2026-04-09T13:42:04+00:00","twitter:card":"summary_large_image","twitter:title":"Digital Twin White Papers | Prevu3D","twitter:description":"Les livres blancs sur le jumeau num\u00e9rique vous permettront de mieux comprendre les innovations en mati\u00e8re de visualisation 3D, de capture de la r\u00e9alit\u00e9 et de jumeau num\u00e9rique, qui rendent l'ing\u00e9nierie et les op\u00e9rations plus intelligentes.","twitter:image":"https:\/\/www.prevu3d.com\/wp-content\/uploads\/2024\/02\/Scanning-white-paper-Hero-visual.png"},"aioseo_meta_data":{"post_id":"2694","title":null,"description":null,"keywords":null,"keyphrases":{"focus":{"keyphrase":"white papers","score":60,"analysis":{"keyphraseInTitle":{"score":9,"maxScore":9,"error":0},"keyphraseInDescription":{"score":9,"maxScore":9,"error":0},"keyphraseLength":{"score":9,"maxScore":9,"error":0,"length":2},"keyphraseInURL":{"score":5,"maxScore":5,"error":0},"keyphraseInIntroduction":{"score":3,"maxScore":9,"error":1},"keyphraseInSubHeadings":{"score":3,"maxScore":9,"error":1},"keyphraseInImageAlt":{"score":3,"maxScore":9,"error":1},"keywordDensity":{"score":0,"type":"low","maxScore":9,"error":1}}},"additional":[{"keyphrase":"prevu3d white papers","score":40,"analysis":{"keyphraseInDescription":{"score":3,"maxScore":9,"error":1},"keyphraseLength":{"score":9,"maxScore":9,"error":0,"length":3},"keyphraseInIntroduction":{"score":3,"maxScore":9,"error":1},"keyphraseInImageAlt":{"score":3,"maxScore":9,"error":1},"keywordDensity":{"score":0,"type":"low","maxScore":9,"error":1}}},{"keyphrase":"technical papers","score":40,"analysis":{"keyphraseInDescription":{"score":3,"maxScore":9,"error":1},"keyphraseLength":{"score":9,"maxScore":9,"error":0,"length":2},"keyphraseInIntroduction":{"score":3,"maxScore":9,"error":1},"keyphraseInImageAlt":{"score":3,"maxScore":9,"error":1},"keywordDensity":{"score":0,"type":"low","maxScore":9,"error":1}}}]},"primary_term":null,"canonical_url":null,"og_title":null,"og_description":null,"og_object_type":"default","og_image_type":"default","og_image_url":null,"og_image_width":null,"og_image_height":null,"og_image_custom_url":null,"og_image_custom_fields":null,"og_video":"","og_custom_url":null,"og_article_section":null,"og_article_tags":null,"twitter_use_og":false,"twitter_card":"default","twitter_image_type":"default","twitter_image_url":null,"twitter_image_custom_url":null,"twitter_image_custom_fields":null,"twitter_title":null,"twitter_description":null,"schema":{"blockGraphs":[],"customGraphs":[],"default":{"data":{"Article":[],"Course":[],"Dataset":[],"FAQPage":[],"Movie":[],"Person":[],"Product":[],"ProductReview":[],"Car":[],"Recipe":[],"Service":[],"SoftwareApplication":[],"WebPage":[]},"graphName":"WebPage","isEnabled":true},"graphs":[]},"schema_type":"default","schema_type_options":null,"pillar_content":false,"robots_default":true,"robots_noindex":false,"robots_noarchive":false,"robots_nosnippet":false,"robots_nofollow":false,"robots_noimageindex":false,"robots_noodp":false,"robots_notranslate":false,"robots_max_snippet":"-1","robots_max_videopreview":"-1","robots_max_imagepreview":"large","priority":null,"frequency":"default","local_seo":null,"seo_analyzer_scan_date":"2026-04-09 12:27:52","breadcrumb_settings":null,"limit_modified_date":false,"reviewed_by":"0","open_ai":null,"ai":{"faqs":[],"keyPoints":[],"titles":[],"descriptions":[],"socialPosts":{"email":[],"linkedin":[],"twitter":[],"facebook":[],"instagram":[]}},"created":"2025-05-01 17:28:07","updated":"2026-04-09 14:23:39"},"aioseo_breadcrumb":"<div class=\"aioseo-breadcrumbs\"><span class=\"aioseo-breadcrumb\">\n\t<a href=\"https:\/\/www.prevu3d.com\/fr\/\" title=\"Home\">Home<\/a>\n<\/span><span class=\"aioseo-breadcrumb-separator\">|<\/span><span class=\"aioseo-breadcrumb\">\n\tDigital Twin White Papers\n<\/span><\/div>","aioseo_breadcrumb_json":[{"label":"Home","link":"https:\/\/www.prevu3d.com\/fr\/"},{"label":"Digital Twin White Papers","link":"https:\/\/www.prevu3d.com\/fr\/livres-blancs\/"}],"_links":{"self":[{"href":"https:\/\/www.prevu3d.com\/fr\/wp-json\/wp\/v2\/pages\/2694","targetHints":{"allow":["GET"]}}],"collection":[{"href":"https:\/\/www.prevu3d.com\/fr\/wp-json\/wp\/v2\/pages"}],"about":[{"href":"https:\/\/www.prevu3d.com\/fr\/wp-json\/wp\/v2\/types\/page"}],"author":[{"embeddable":true,"href":"https:\/\/www.prevu3d.com\/fr\/wp-json\/wp\/v2\/users\/24"}],"replies":[{"embeddable":true,"href":"https:\/\/www.prevu3d.com\/fr\/wp-json\/wp\/v2\/comments?post=2694"}],"version-history":[{"count":4,"href":"https:\/\/www.prevu3d.com\/fr\/wp-json\/wp\/v2\/pages\/2694\/revisions"}],"predecessor-version":[{"id":28865,"href":"https:\/\/www.prevu3d.com\/fr\/wp-json\/wp\/v2\/pages\/2694\/revisions\/28865"}],"wp:featuredmedia":[{"embeddable":true,"href":"https:\/\/www.prevu3d.com\/fr\/wp-json\/wp\/v2\/media\/6590"}],"wp:attachment":[{"href":"https:\/\/www.prevu3d.com\/fr\/wp-json\/wp\/v2\/media?parent=2694"}],"curies":[{"name":"wp","href":"https:\/\/api.w.org\/{rel}","templated":true}]}}