{"id":2683,"date":"2023-05-23T16:14:52","date_gmt":"2023-05-23T20:14:52","guid":{"rendered":"https:\/\/wpengine-dev.prevu3d-int.com\/modalites-et-conditions\/"},"modified":"2026-03-05T07:58:33","modified_gmt":"2026-03-05T12:58:33","slug":"terms-and-conditions","status":"publish","type":"page","link":"https:\/\/www.prevu3d.com\/fr\/terms-and-conditions\/","title":{"rendered":"Modalit\u00e9s et conditions"},"content":{"rendered":"","protected":false},"excerpt":{"rendered":"<p>Consultez les conditions g\u00e9n\u00e9rales de Prevu3D pour comprendre nos politiques d&rsquo;utilisation des services, les responsabilit\u00e9s des utilisateurs et les accords juridiques.<\/p>\n","protected":false},"author":24,"featured_media":22612,"parent":0,"menu_order":0,"comment_status":"closed","ping_status":"closed","template":"","meta":{"_acf_changed":false,"content-type":"","inline_featured_image":false,"footnotes":""},"class_list":["post-2683","page","type-page","status-publish","has-post-thumbnail","hentry"],"acf":[],"aioseo_notices":[],"aioseo_head":"\n\t\t<!-- All in One SEO Pro 4.9.6.2 - aioseo.com -->\n\t<meta name=\"description\" content=\"Consultez les conditions g\u00e9n\u00e9rales de Prevu3D pour comprendre nos politiques d&#039;utilisation des services, les responsabilit\u00e9s des utilisateurs et les accords juridiques.\" \/>\n\t<meta name=\"robots\" content=\"max-image-preview:large\" \/>\n\t<meta name=\"google-site-verification\" content=\"1aaBOTbZDn3PC1QZfiAz4ZTsGnMlm2ayWpksfw3hWIA\" \/>\n\t<link rel=\"canonical\" href=\"https:\/\/www.prevu3d.com\/fr\/terms-and-conditions\/\" \/>\n\t<meta name=\"generator\" content=\"All in One SEO Pro (AIOSEO) 4.9.6.2\" \/>\n\t\t<meta property=\"og:locale\" content=\"fr_FR\" \/>\n\t\t<meta property=\"og:site_name\" content=\"Prevu3D | Meet your digital twin\" \/>\n\t\t<meta property=\"og:type\" content=\"article\" \/>\n\t\t<meta property=\"og:title\" content=\"Modalit\u00e9s et conditions | Prevu3D\" \/>\n\t\t<meta property=\"og:description\" content=\"Consultez les conditions g\u00e9n\u00e9rales de Prevu3D pour comprendre nos politiques d&#039;utilisation des services, les responsabilit\u00e9s des utilisateurs et les accords juridiques.\" \/>\n\t\t<meta property=\"og:url\" content=\"https:\/\/www.prevu3d.com\/fr\/terms-and-conditions\/\" \/>\n\t\t<meta property=\"og:image\" content=\"https:\/\/www.prevu3d.com\/wp-content\/uploads\/2025\/08\/Modalites-et-conditions.png\" \/>\n\t\t<meta property=\"og:image:secure_url\" content=\"https:\/\/www.prevu3d.com\/wp-content\/uploads\/2025\/08\/Modalites-et-conditions.png\" \/>\n\t\t<meta property=\"og:image:width\" content=\"751\" \/>\n\t\t<meta property=\"og:image:height\" content=\"520\" \/>\n\t\t<meta property=\"article:published_time\" content=\"2023-05-23T20:14:52+00:00\" \/>\n\t\t<meta property=\"article:modified_time\" content=\"2026-03-05T12:58:33+00:00\" \/>\n\t\t<meta name=\"twitter:card\" content=\"summary_large_image\" \/>\n\t\t<meta name=\"twitter:title\" content=\"Modalit\u00e9s et conditions | Prevu3D\" \/>\n\t\t<meta name=\"twitter:description\" content=\"Consultez les conditions g\u00e9n\u00e9rales de Prevu3D pour comprendre nos politiques d&#039;utilisation des services, les responsabilit\u00e9s des utilisateurs et les accords juridiques.\" \/>\n\t\t<meta name=\"twitter:image\" content=\"https:\/\/www.prevu3d.com\/wp-content\/uploads\/2025\/08\/Modalites-et-conditions.png\" \/>\n\t\t<script type=\"application\/ld+json\" class=\"aioseo-schema\">\n\t\t\t{\"@context\":\"https:\\\/\\\/schema.org\",\"@graph\":[{\"@type\":\"BreadcrumbList\",\"@id\":\"https:\\\/\\\/www.prevu3d.com\\\/fr\\\/terms-and-conditions\\\/#breadcrumblist\",\"itemListElement\":[{\"@type\":\"ListItem\",\"@id\":\"https:\\\/\\\/www.prevu3d.com\\\/fr\\\/#listItem\",\"position\":1,\"name\":\"Home\",\"item\":\"https:\\\/\\\/www.prevu3d.com\\\/fr\\\/\",\"nextItem\":{\"@type\":\"ListItem\",\"@id\":\"https:\\\/\\\/www.prevu3d.com\\\/fr\\\/terms-and-conditions\\\/#listItem\",\"name\":\"Modalit\\u00e9s et conditions\"}},{\"@type\":\"ListItem\",\"@id\":\"https:\\\/\\\/www.prevu3d.com\\\/fr\\\/terms-and-conditions\\\/#listItem\",\"position\":2,\"name\":\"Modalit\\u00e9s et conditions\",\"previousItem\":{\"@type\":\"ListItem\",\"@id\":\"https:\\\/\\\/www.prevu3d.com\\\/fr\\\/#listItem\",\"name\":\"Home\"}}]},{\"@type\":\"Organization\",\"@id\":\"https:\\\/\\\/www.prevu3d.com\\\/fr\\\/#organization\",\"name\":\"Prevu3D\",\"description\":\"Enterprise 3D Digital Twin Software Solutions\",\"url\":\"https:\\\/\\\/www.prevu3d.com\\\/fr\\\/\",\"logo\":{\"@type\":\"ImageObject\",\"url\":\"https:\\\/\\\/www.prevu3d.com\\\/wp-content\\\/uploads\\\/2026\\\/02\\\/prevu3d_logo.png\",\"@id\":\"https:\\\/\\\/www.prevu3d.com\\\/fr\\\/terms-and-conditions\\\/#organizationLogo\",\"width\":1200,\"height\":630},\"image\":{\"@id\":\"https:\\\/\\\/www.prevu3d.com\\\/fr\\\/terms-and-conditions\\\/#organizationLogo\"},\"sameAs\":[\"https:\\\/\\\/www.linkedin.com\\\/company\\\/prevu3d\"]},{\"@type\":\"WebPage\",\"@id\":\"https:\\\/\\\/www.prevu3d.com\\\/fr\\\/terms-and-conditions\\\/#webpage\",\"url\":\"https:\\\/\\\/www.prevu3d.com\\\/fr\\\/terms-and-conditions\\\/\",\"name\":\"Modalit\\u00e9s et conditions | Prevu3D\",\"description\":\"Consultez les conditions g\\u00e9n\\u00e9rales de Prevu3D pour comprendre nos politiques d'utilisation des services, les responsabilit\\u00e9s des utilisateurs et les accords juridiques.\",\"inLanguage\":\"fr-FR\",\"isPartOf\":{\"@id\":\"https:\\\/\\\/www.prevu3d.com\\\/fr\\\/#website\"},\"breadcrumb\":{\"@id\":\"https:\\\/\\\/www.prevu3d.com\\\/fr\\\/terms-and-conditions\\\/#breadcrumblist\"},\"image\":{\"@type\":\"ImageObject\",\"url\":\"https:\\\/\\\/www.prevu3d.com\\\/wp-content\\\/uploads\\\/2025\\\/08\\\/Modalites-et-conditions.png\",\"@id\":\"https:\\\/\\\/www.prevu3d.com\\\/fr\\\/terms-and-conditions\\\/#mainImage\",\"width\":751,\"height\":520,\"caption\":\"Logo Prevu3D avec le texte \\\"Modalit\\u00e9s et conditions\\\" sur fond noir\"},\"primaryImageOfPage\":{\"@id\":\"https:\\\/\\\/www.prevu3d.com\\\/fr\\\/terms-and-conditions\\\/#mainImage\"},\"datePublished\":\"2023-05-23T16:14:52-04:00\",\"dateModified\":\"2026-03-05T07:58:33-05:00\"},{\"@type\":\"WebSite\",\"@id\":\"https:\\\/\\\/www.prevu3d.com\\\/fr\\\/#website\",\"url\":\"https:\\\/\\\/www.prevu3d.com\\\/fr\\\/\",\"name\":\"Prevu3D\",\"description\":\"Meet your digital twin\",\"inLanguage\":\"fr-FR\",\"publisher\":{\"@id\":\"https:\\\/\\\/www.prevu3d.com\\\/fr\\\/#organization\"}}]}\n\t\t<\/script>\n\t\t<!-- All in One SEO Pro -->\r\n\t\t<title>Modalit\u00e9s et conditions | Prevu3D<\/title>\n\n","aioseo_head_json":{"title":"Modalit\u00e9s et conditions | Prevu3D","description":"Consultez les conditions g\u00e9n\u00e9rales de Prevu3D pour comprendre nos politiques d'utilisation des services, les responsabilit\u00e9s des utilisateurs et les accords juridiques.","canonical_url":"https:\/\/www.prevu3d.com\/fr\/terms-and-conditions\/","robots":"max-image-preview:large","keywords":"","webmasterTools":{"google-site-verification":"1aaBOTbZDn3PC1QZfiAz4ZTsGnMlm2ayWpksfw3hWIA","miscellaneous":""},"schema":{"@context":"https:\/\/schema.org","@graph":[{"@type":"BreadcrumbList","@id":"https:\/\/www.prevu3d.com\/fr\/terms-and-conditions\/#breadcrumblist","itemListElement":[{"@type":"ListItem","@id":"https:\/\/www.prevu3d.com\/fr\/#listItem","position":1,"name":"Home","item":"https:\/\/www.prevu3d.com\/fr\/","nextItem":{"@type":"ListItem","@id":"https:\/\/www.prevu3d.com\/fr\/terms-and-conditions\/#listItem","name":"Modalit\u00e9s et conditions"}},{"@type":"ListItem","@id":"https:\/\/www.prevu3d.com\/fr\/terms-and-conditions\/#listItem","position":2,"name":"Modalit\u00e9s et conditions","previousItem":{"@type":"ListItem","@id":"https:\/\/www.prevu3d.com\/fr\/#listItem","name":"Home"}}]},{"@type":"Organization","@id":"https:\/\/www.prevu3d.com\/fr\/#organization","name":"Prevu3D","description":"Enterprise 3D Digital Twin Software Solutions","url":"https:\/\/www.prevu3d.com\/fr\/","logo":{"@type":"ImageObject","url":"https:\/\/www.prevu3d.com\/wp-content\/uploads\/2026\/02\/prevu3d_logo.png","@id":"https:\/\/www.prevu3d.com\/fr\/terms-and-conditions\/#organizationLogo","width":1200,"height":630},"image":{"@id":"https:\/\/www.prevu3d.com\/fr\/terms-and-conditions\/#organizationLogo"},"sameAs":["https:\/\/www.linkedin.com\/company\/prevu3d"]},{"@type":"WebPage","@id":"https:\/\/www.prevu3d.com\/fr\/terms-and-conditions\/#webpage","url":"https:\/\/www.prevu3d.com\/fr\/terms-and-conditions\/","name":"Modalit\u00e9s et conditions | Prevu3D","description":"Consultez les conditions g\u00e9n\u00e9rales de Prevu3D pour comprendre nos politiques d'utilisation des services, les responsabilit\u00e9s des utilisateurs et les accords juridiques.","inLanguage":"fr-FR","isPartOf":{"@id":"https:\/\/www.prevu3d.com\/fr\/#website"},"breadcrumb":{"@id":"https:\/\/www.prevu3d.com\/fr\/terms-and-conditions\/#breadcrumblist"},"image":{"@type":"ImageObject","url":"https:\/\/www.prevu3d.com\/wp-content\/uploads\/2025\/08\/Modalites-et-conditions.png","@id":"https:\/\/www.prevu3d.com\/fr\/terms-and-conditions\/#mainImage","width":751,"height":520,"caption":"Logo Prevu3D avec le texte \"Modalit\u00e9s et conditions\" sur fond noir"},"primaryImageOfPage":{"@id":"https:\/\/www.prevu3d.com\/fr\/terms-and-conditions\/#mainImage"},"datePublished":"2023-05-23T16:14:52-04:00","dateModified":"2026-03-05T07:58:33-05:00"},{"@type":"WebSite","@id":"https:\/\/www.prevu3d.com\/fr\/#website","url":"https:\/\/www.prevu3d.com\/fr\/","name":"Prevu3D","description":"Meet your digital twin","inLanguage":"fr-FR","publisher":{"@id":"https:\/\/www.prevu3d.com\/fr\/#organization"}}]},"og:locale":"fr_FR","og:site_name":"Prevu3D | Meet your digital twin","og:type":"article","og:title":"Modalit\u00e9s et conditions | Prevu3D","og:description":"Consultez les conditions g\u00e9n\u00e9rales de Prevu3D pour comprendre nos politiques d'utilisation des services, les responsabilit\u00e9s des utilisateurs et les accords juridiques.","og:url":"https:\/\/www.prevu3d.com\/fr\/terms-and-conditions\/","og:image":"https:\/\/www.prevu3d.com\/wp-content\/uploads\/2025\/08\/Modalites-et-conditions.png","og:image:secure_url":"https:\/\/www.prevu3d.com\/wp-content\/uploads\/2025\/08\/Modalites-et-conditions.png","og:image:width":751,"og:image:height":520,"article:published_time":"2023-05-23T20:14:52+00:00","article:modified_time":"2026-03-05T12:58:33+00:00","twitter:card":"summary_large_image","twitter:title":"Modalit\u00e9s et conditions | Prevu3D","twitter:description":"Consultez les conditions g\u00e9n\u00e9rales de Prevu3D pour comprendre nos politiques d'utilisation des services, les responsabilit\u00e9s des utilisateurs et les accords juridiques.","twitter:image":"https:\/\/www.prevu3d.com\/wp-content\/uploads\/2025\/08\/Modalites-et-conditions.png"},"aioseo_meta_data":{"post_id":"2683","title":null,"description":null,"keywords":null,"keyphrases":{"focus":{"keyphrase":"terms and conditions","score":70,"analysis":{"keyphraseInTitle":{"score":9,"maxScore":9,"error":0},"keyphraseInDescription":{"score":9,"maxScore":9,"error":0},"keyphraseLength":{"score":9,"maxScore":9,"error":0,"length":3},"keyphraseInURL":{"score":5,"maxScore":5,"error":0},"keyphraseInIntroduction":{"score":3,"maxScore":9,"error":1},"keyphraseInSubHeadings":[],"keyphraseInImageAlt":[],"keywordDensity":{"score":0,"type":"low","maxScore":9,"error":1}}},"additional":[]},"primary_term":null,"canonical_url":null,"og_title":null,"og_description":null,"og_object_type":"default","og_image_type":"default","og_image_url":null,"og_image_width":null,"og_image_height":null,"og_image_custom_url":null,"og_image_custom_fields":null,"og_video":"","og_custom_url":null,"og_article_section":null,"og_article_tags":null,"twitter_use_og":false,"twitter_card":"default","twitter_image_type":"default","twitter_image_url":null,"twitter_image_custom_url":null,"twitter_image_custom_fields":null,"twitter_title":null,"twitter_description":null,"schema":{"blockGraphs":[],"customGraphs":[],"default":{"data":{"Article":[],"Course":[],"Dataset":[],"FAQPage":[],"Movie":[],"Person":[],"Product":[],"ProductReview":[],"Car":[],"Recipe":[],"Service":[],"SoftwareApplication":[],"WebPage":[]},"graphName":"WebPage","isEnabled":true},"graphs":[]},"schema_type":"default","schema_type_options":null,"pillar_content":false,"robots_default":true,"robots_noindex":false,"robots_noarchive":false,"robots_nosnippet":false,"robots_nofollow":false,"robots_noimageindex":false,"robots_noodp":false,"robots_notranslate":false,"robots_max_snippet":"-1","robots_max_videopreview":"-1","robots_max_imagepreview":"large","priority":null,"frequency":"default","local_seo":null,"seo_analyzer_scan_date":"2026-03-04 11:32:54","breadcrumb_settings":null,"limit_modified_date":false,"reviewed_by":null,"open_ai":null,"ai":{"faqs":[],"keyPoints":[],"titles":[],"descriptions":[],"socialPosts":{"email":[],"linkedin":[],"twitter":[],"facebook":[],"instagram":[]}},"created":"2025-05-01 17:28:08","updated":"2026-03-05 13:13:30"},"aioseo_breadcrumb":"<div class=\"aioseo-breadcrumbs\"><span class=\"aioseo-breadcrumb\">\n\t<a href=\"https:\/\/www.prevu3d.com\/fr\/\" title=\"Home\">Home<\/a>\n<\/span><span class=\"aioseo-breadcrumb-separator\">|<\/span><span class=\"aioseo-breadcrumb\">\n\tModalit\u00e9s et conditions\n<\/span><\/div>","aioseo_breadcrumb_json":[{"label":"Home","link":"https:\/\/www.prevu3d.com\/fr\/"},{"label":"Modalit\u00e9s et conditions","link":"https:\/\/www.prevu3d.com\/fr\/terms-and-conditions\/"}],"_links":{"self":[{"href":"https:\/\/www.prevu3d.com\/fr\/wp-json\/wp\/v2\/pages\/2683","targetHints":{"allow":["GET"]}}],"collection":[{"href":"https:\/\/www.prevu3d.com\/fr\/wp-json\/wp\/v2\/pages"}],"about":[{"href":"https:\/\/www.prevu3d.com\/fr\/wp-json\/wp\/v2\/types\/page"}],"author":[{"embeddable":true,"href":"https:\/\/www.prevu3d.com\/fr\/wp-json\/wp\/v2\/users\/24"}],"replies":[{"embeddable":true,"href":"https:\/\/www.prevu3d.com\/fr\/wp-json\/wp\/v2\/comments?post=2683"}],"version-history":[{"count":1,"href":"https:\/\/www.prevu3d.com\/fr\/wp-json\/wp\/v2\/pages\/2683\/revisions"}],"predecessor-version":[{"id":28871,"href":"https:\/\/www.prevu3d.com\/fr\/wp-json\/wp\/v2\/pages\/2683\/revisions\/28871"}],"wp:featuredmedia":[{"embeddable":true,"href":"https:\/\/www.prevu3d.com\/fr\/wp-json\/wp\/v2\/media\/22612"}],"wp:attachment":[{"href":"https:\/\/www.prevu3d.com\/fr\/wp-json\/wp\/v2\/media?parent=2683"}],"curies":[{"name":"wp","href":"https:\/\/api.w.org\/{rel}","templated":true}]}}