{"id":2681,"date":"2023-05-15T15:45:19","date_gmt":"2023-05-15T19:45:19","guid":{"rendered":"https:\/\/wpengine-dev.prevu3d-int.com\/nouvelles\/"},"modified":"2026-04-07T14:02:24","modified_gmt":"2026-04-07T18:02:24","slug":"nouvelles","status":"publish","type":"page","link":"https:\/\/www.prevu3d.com\/fr\/nouvelles\/","title":{"rendered":"Nouvelles"},"content":{"rendered":"","protected":false},"excerpt":{"rendered":"<p>Restez inform\u00e9 gr\u00e2ce aux actualit\u00e9s et aux blogs sur la technologie des jumeaux num\u00e9riques, les tendances du secteur et les innovations qui fa\u00e7onnent l&rsquo;avenir de l&rsquo;intelligence spatiale.<\/p>\n","protected":false},"author":24,"featured_media":5456,"parent":0,"menu_order":0,"comment_status":"closed","ping_status":"closed","template":"","meta":{"_acf_changed":false,"content-type":"","inline_featured_image":false,"footnotes":""},"class_list":["post-2681","page","type-page","status-publish","has-post-thumbnail","hentry"],"acf":[],"aioseo_notices":[],"aioseo_head":"\n\t\t<!-- All in One SEO Pro 4.9.6.2 - aioseo.com -->\n\t<meta name=\"description\" content=\"Restez inform\u00e9 gr\u00e2ce aux actualit\u00e9s et aux blogs sur la technologie des jumeaux num\u00e9riques, les tendances du secteur et les innovations qui fa\u00e7onnent l&#039;avenir de l&#039;intelligence spatiale.\" \/>\n\t<meta name=\"robots\" content=\"max-image-preview:large\" \/>\n\t<meta name=\"google-site-verification\" content=\"1aaBOTbZDn3PC1QZfiAz4ZTsGnMlm2ayWpksfw3hWIA\" \/>\n\t<link rel=\"canonical\" href=\"https:\/\/www.prevu3d.com\/fr\/nouvelles\/\" \/>\n\t<meta name=\"generator\" content=\"All in One SEO Pro (AIOSEO) 4.9.6.2\" \/>\n\t\t<meta property=\"og:locale\" content=\"fr_FR\" \/>\n\t\t<meta property=\"og:site_name\" content=\"Prevu3D | Meet your digital twin\" \/>\n\t\t<meta property=\"og:type\" content=\"article\" \/>\n\t\t<meta property=\"og:title\" content=\"Nouvelles | Prevu3D\" \/>\n\t\t<meta property=\"og:description\" content=\"Restez inform\u00e9 gr\u00e2ce aux actualit\u00e9s et aux blogs sur la technologie des jumeaux num\u00e9riques, les tendances du secteur et les innovations qui fa\u00e7onnent l&#039;avenir de l&#039;intelligence spatiale.\" \/>\n\t\t<meta property=\"og:url\" content=\"https:\/\/www.prevu3d.com\/fr\/nouvelles\/\" \/>\n\t\t<meta property=\"og:image\" content=\"https:\/\/www.prevu3d.com\/wp-content\/uploads\/2023\/10\/Blog-postnews-tile-featured-image.png\" \/>\n\t\t<meta property=\"og:image:secure_url\" content=\"https:\/\/www.prevu3d.com\/wp-content\/uploads\/2023\/10\/Blog-postnews-tile-featured-image.png\" \/>\n\t\t<meta property=\"og:image:width\" content=\"751\" \/>\n\t\t<meta property=\"og:image:height\" content=\"560\" \/>\n\t\t<meta property=\"article:published_time\" content=\"2023-05-15T19:45:19+00:00\" \/>\n\t\t<meta property=\"article:modified_time\" content=\"2026-04-07T18:02:24+00:00\" \/>\n\t\t<meta name=\"twitter:card\" content=\"summary_large_image\" \/>\n\t\t<meta name=\"twitter:title\" content=\"Nouvelles | Prevu3D\" \/>\n\t\t<meta name=\"twitter:description\" content=\"Restez inform\u00e9 gr\u00e2ce aux actualit\u00e9s et aux blogs sur la technologie des jumeaux num\u00e9riques, les tendances du secteur et les innovations qui fa\u00e7onnent l&#039;avenir de l&#039;intelligence spatiale.\" \/>\n\t\t<meta name=\"twitter:image\" content=\"https:\/\/www.prevu3d.com\/wp-content\/uploads\/2023\/10\/Blog-postnews-tile-featured-image.png\" \/>\n\t\t<script type=\"application\/ld+json\" class=\"aioseo-schema\">\n\t\t\t{\"@context\":\"https:\\\/\\\/schema.org\",\"@graph\":[{\"@type\":\"BreadcrumbList\",\"@id\":\"https:\\\/\\\/www.prevu3d.com\\\/fr\\\/nouvelles\\\/#breadcrumblist\",\"itemListElement\":[{\"@type\":\"ListItem\",\"@id\":\"https:\\\/\\\/www.prevu3d.com\\\/fr\\\/#listItem\",\"position\":1,\"name\":\"Home\",\"item\":\"https:\\\/\\\/www.prevu3d.com\\\/fr\\\/\",\"nextItem\":{\"@type\":\"ListItem\",\"@id\":\"https:\\\/\\\/www.prevu3d.com\\\/fr\\\/nouvelles\\\/#listItem\",\"name\":\"Nouvelles\"}},{\"@type\":\"ListItem\",\"@id\":\"https:\\\/\\\/www.prevu3d.com\\\/fr\\\/nouvelles\\\/#listItem\",\"position\":2,\"name\":\"Nouvelles\",\"previousItem\":{\"@type\":\"ListItem\",\"@id\":\"https:\\\/\\\/www.prevu3d.com\\\/fr\\\/#listItem\",\"name\":\"Home\"}}]},{\"@type\":\"Organization\",\"@id\":\"https:\\\/\\\/www.prevu3d.com\\\/fr\\\/#organization\",\"name\":\"Prevu3D\",\"description\":\"Enterprise 3D Digital Twin Software Solutions\",\"url\":\"https:\\\/\\\/www.prevu3d.com\\\/fr\\\/\",\"logo\":{\"@type\":\"ImageObject\",\"url\":\"https:\\\/\\\/www.prevu3d.com\\\/wp-content\\\/uploads\\\/2026\\\/02\\\/prevu3d_logo.png\",\"@id\":\"https:\\\/\\\/www.prevu3d.com\\\/fr\\\/nouvelles\\\/#organizationLogo\",\"width\":1200,\"height\":630},\"image\":{\"@id\":\"https:\\\/\\\/www.prevu3d.com\\\/fr\\\/nouvelles\\\/#organizationLogo\"},\"sameAs\":[\"https:\\\/\\\/www.linkedin.com\\\/company\\\/prevu3d\"]},{\"@type\":\"WebPage\",\"@id\":\"https:\\\/\\\/www.prevu3d.com\\\/fr\\\/nouvelles\\\/#webpage\",\"url\":\"https:\\\/\\\/www.prevu3d.com\\\/fr\\\/nouvelles\\\/\",\"name\":\"Nouvelles | Prevu3D\",\"description\":\"Restez inform\\u00e9 gr\\u00e2ce aux actualit\\u00e9s et aux blogs sur la technologie des jumeaux num\\u00e9riques, les tendances du secteur et les innovations qui fa\\u00e7onnent l'avenir de l'intelligence spatiale.\",\"inLanguage\":\"fr-FR\",\"isPartOf\":{\"@id\":\"https:\\\/\\\/www.prevu3d.com\\\/fr\\\/#website\"},\"breadcrumb\":{\"@id\":\"https:\\\/\\\/www.prevu3d.com\\\/fr\\\/nouvelles\\\/#breadcrumblist\"},\"image\":{\"@type\":\"ImageObject\",\"url\":\"https:\\\/\\\/www.prevu3d.com\\\/wp-content\\\/uploads\\\/2023\\\/10\\\/Blog-postnews-tile-featured-image.png\",\"@id\":\"https:\\\/\\\/www.prevu3d.com\\\/fr\\\/nouvelles\\\/#mainImage\",\"width\":751,\"height\":560},\"primaryImageOfPage\":{\"@id\":\"https:\\\/\\\/www.prevu3d.com\\\/fr\\\/nouvelles\\\/#mainImage\"},\"datePublished\":\"2023-05-15T15:45:19-04:00\",\"dateModified\":\"2026-04-07T14:02:24-04:00\"},{\"@type\":\"WebSite\",\"@id\":\"https:\\\/\\\/www.prevu3d.com\\\/fr\\\/#website\",\"url\":\"https:\\\/\\\/www.prevu3d.com\\\/fr\\\/\",\"name\":\"Prevu3D\",\"description\":\"Meet your digital twin\",\"inLanguage\":\"fr-FR\",\"publisher\":{\"@id\":\"https:\\\/\\\/www.prevu3d.com\\\/fr\\\/#organization\"}}]}\n\t\t<\/script>\n\t\t<!-- All in One SEO Pro -->\r\n\t\t<title>Nouvelles | Prevu3D<\/title>\n\n","aioseo_head_json":{"title":"Nouvelles | Prevu3D","description":"Restez inform\u00e9 gr\u00e2ce aux actualit\u00e9s et aux blogs sur la technologie des jumeaux num\u00e9riques, les tendances du secteur et les innovations qui fa\u00e7onnent l'avenir de l'intelligence spatiale.","canonical_url":"https:\/\/www.prevu3d.com\/fr\/nouvelles\/","robots":"max-image-preview:large","keywords":"","webmasterTools":{"google-site-verification":"1aaBOTbZDn3PC1QZfiAz4ZTsGnMlm2ayWpksfw3hWIA","miscellaneous":""},"schema":{"@context":"https:\/\/schema.org","@graph":[{"@type":"BreadcrumbList","@id":"https:\/\/www.prevu3d.com\/fr\/nouvelles\/#breadcrumblist","itemListElement":[{"@type":"ListItem","@id":"https:\/\/www.prevu3d.com\/fr\/#listItem","position":1,"name":"Home","item":"https:\/\/www.prevu3d.com\/fr\/","nextItem":{"@type":"ListItem","@id":"https:\/\/www.prevu3d.com\/fr\/nouvelles\/#listItem","name":"Nouvelles"}},{"@type":"ListItem","@id":"https:\/\/www.prevu3d.com\/fr\/nouvelles\/#listItem","position":2,"name":"Nouvelles","previousItem":{"@type":"ListItem","@id":"https:\/\/www.prevu3d.com\/fr\/#listItem","name":"Home"}}]},{"@type":"Organization","@id":"https:\/\/www.prevu3d.com\/fr\/#organization","name":"Prevu3D","description":"Enterprise 3D Digital Twin Software Solutions","url":"https:\/\/www.prevu3d.com\/fr\/","logo":{"@type":"ImageObject","url":"https:\/\/www.prevu3d.com\/wp-content\/uploads\/2026\/02\/prevu3d_logo.png","@id":"https:\/\/www.prevu3d.com\/fr\/nouvelles\/#organizationLogo","width":1200,"height":630},"image":{"@id":"https:\/\/www.prevu3d.com\/fr\/nouvelles\/#organizationLogo"},"sameAs":["https:\/\/www.linkedin.com\/company\/prevu3d"]},{"@type":"WebPage","@id":"https:\/\/www.prevu3d.com\/fr\/nouvelles\/#webpage","url":"https:\/\/www.prevu3d.com\/fr\/nouvelles\/","name":"Nouvelles | Prevu3D","description":"Restez inform\u00e9 gr\u00e2ce aux actualit\u00e9s et aux blogs sur la technologie des jumeaux num\u00e9riques, les tendances du secteur et les innovations qui fa\u00e7onnent l'avenir de l'intelligence spatiale.","inLanguage":"fr-FR","isPartOf":{"@id":"https:\/\/www.prevu3d.com\/fr\/#website"},"breadcrumb":{"@id":"https:\/\/www.prevu3d.com\/fr\/nouvelles\/#breadcrumblist"},"image":{"@type":"ImageObject","url":"https:\/\/www.prevu3d.com\/wp-content\/uploads\/2023\/10\/Blog-postnews-tile-featured-image.png","@id":"https:\/\/www.prevu3d.com\/fr\/nouvelles\/#mainImage","width":751,"height":560},"primaryImageOfPage":{"@id":"https:\/\/www.prevu3d.com\/fr\/nouvelles\/#mainImage"},"datePublished":"2023-05-15T15:45:19-04:00","dateModified":"2026-04-07T14:02:24-04:00"},{"@type":"WebSite","@id":"https:\/\/www.prevu3d.com\/fr\/#website","url":"https:\/\/www.prevu3d.com\/fr\/","name":"Prevu3D","description":"Meet your digital twin","inLanguage":"fr-FR","publisher":{"@id":"https:\/\/www.prevu3d.com\/fr\/#organization"}}]},"og:locale":"fr_FR","og:site_name":"Prevu3D | Meet your digital twin","og:type":"article","og:title":"Nouvelles | Prevu3D","og:description":"Restez inform\u00e9 gr\u00e2ce aux actualit\u00e9s et aux blogs sur la technologie des jumeaux num\u00e9riques, les tendances du secteur et les innovations qui fa\u00e7onnent l'avenir de l'intelligence spatiale.","og:url":"https:\/\/www.prevu3d.com\/fr\/nouvelles\/","og:image":"https:\/\/www.prevu3d.com\/wp-content\/uploads\/2023\/10\/Blog-postnews-tile-featured-image.png","og:image:secure_url":"https:\/\/www.prevu3d.com\/wp-content\/uploads\/2023\/10\/Blog-postnews-tile-featured-image.png","og:image:width":751,"og:image:height":560,"article:published_time":"2023-05-15T19:45:19+00:00","article:modified_time":"2026-04-07T18:02:24+00:00","twitter:card":"summary_large_image","twitter:title":"Nouvelles | Prevu3D","twitter:description":"Restez inform\u00e9 gr\u00e2ce aux actualit\u00e9s et aux blogs sur la technologie des jumeaux num\u00e9riques, les tendances du secteur et les innovations qui fa\u00e7onnent l'avenir de l'intelligence spatiale.","twitter:image":"https:\/\/www.prevu3d.com\/wp-content\/uploads\/2023\/10\/Blog-postnews-tile-featured-image.png"},"aioseo_meta_data":{"post_id":"2681","title":"#post_title #separator_sa #site_title","description":"#post_excerpt","keywords":null,"keyphrases":{"focus":{"keyphrase":"News & Blog","score":54,"analysis":{"keyphraseInTitle":{"score":9,"maxScore":9,"error":0},"keyphraseInDescription":{"score":9,"maxScore":9,"error":0},"keyphraseLength":{"score":9,"maxScore":9,"error":0,"length":2},"keyphraseInURL":{"score":1,"maxScore":5,"error":1},"keyphraseInIntroduction":{"score":3,"maxScore":9,"error":1},"keyphraseInSubHeadings":{"score":3,"maxScore":9,"error":1},"keyphraseInImageAlt":{"score":3,"maxScore":9,"error":1},"keywordDensity":{"score":0,"type":"low","maxScore":9,"error":1}}},"additional":[{"keyphrase":"News","score":73,"analysis":{"keyphraseInDescription":{"score":9,"maxScore":9,"error":0},"keyphraseLength":{"score":9,"maxScore":9,"error":0,"length":1},"keyphraseInIntroduction":{"score":3,"maxScore":9,"error":1},"keyphraseInImageAlt":{"score":3,"maxScore":9,"error":1},"keywordDensity":{"type":"best","score":9,"maxScore":9,"error":0}}},{"keyphrase":"Blog","score":67,"analysis":{"keyphraseInDescription":{"score":9,"maxScore":9,"error":0},"keyphraseLength":{"score":9,"maxScore":9,"error":0,"length":1},"keyphraseInIntroduction":{"score":3,"maxScore":9,"error":1},"keyphraseInImageAlt":{"score":9,"maxScore":9,"error":0},"keywordDensity":{"score":0,"type":"low","maxScore":9,"error":1}}}]},"primary_term":null,"canonical_url":null,"og_title":null,"og_description":null,"og_object_type":"default","og_image_type":"default","og_image_url":null,"og_image_width":null,"og_image_height":null,"og_image_custom_url":null,"og_image_custom_fields":null,"og_video":"","og_custom_url":null,"og_article_section":null,"og_article_tags":null,"twitter_use_og":false,"twitter_card":"default","twitter_image_type":"default","twitter_image_url":null,"twitter_image_custom_url":null,"twitter_image_custom_fields":null,"twitter_title":null,"twitter_description":null,"schema":{"blockGraphs":[],"customGraphs":[],"default":{"data":{"Article":[],"Course":[],"Dataset":[],"FAQPage":[],"Movie":[],"Person":[],"Product":[],"ProductReview":[],"Car":[],"Recipe":[],"Service":[],"SoftwareApplication":[],"WebPage":[]},"graphName":"WebPage","isEnabled":true},"graphs":[]},"schema_type":"default","schema_type_options":null,"pillar_content":false,"robots_default":true,"robots_noindex":false,"robots_noarchive":false,"robots_nosnippet":false,"robots_nofollow":false,"robots_noimageindex":false,"robots_noodp":false,"robots_notranslate":false,"robots_max_snippet":"-1","robots_max_videopreview":"-1","robots_max_imagepreview":"large","priority":null,"frequency":"default","local_seo":null,"seo_analyzer_scan_date":"2026-04-07 19:06:51","breadcrumb_settings":null,"limit_modified_date":false,"reviewed_by":"0","open_ai":null,"ai":{"faqs":[],"keyPoints":[],"titles":[],"descriptions":[],"socialPosts":{"email":[],"linkedin":[],"twitter":[],"facebook":[],"instagram":[]}},"created":"2025-05-01 17:28:08","updated":"2026-04-07 19:06:51"},"aioseo_breadcrumb":"<div class=\"aioseo-breadcrumbs\"><span class=\"aioseo-breadcrumb\">\n\t<a href=\"https:\/\/www.prevu3d.com\/fr\/\" title=\"Home\">Home<\/a>\n<\/span><span class=\"aioseo-breadcrumb-separator\">|<\/span><span class=\"aioseo-breadcrumb\">\n\tNouvelles\n<\/span><\/div>","aioseo_breadcrumb_json":[{"label":"Home","link":"https:\/\/www.prevu3d.com\/fr\/"},{"label":"Nouvelles","link":"https:\/\/www.prevu3d.com\/fr\/nouvelles\/"}],"_links":{"self":[{"href":"https:\/\/www.prevu3d.com\/fr\/wp-json\/wp\/v2\/pages\/2681","targetHints":{"allow":["GET"]}}],"collection":[{"href":"https:\/\/www.prevu3d.com\/fr\/wp-json\/wp\/v2\/pages"}],"about":[{"href":"https:\/\/www.prevu3d.com\/fr\/wp-json\/wp\/v2\/types\/page"}],"author":[{"embeddable":true,"href":"https:\/\/www.prevu3d.com\/fr\/wp-json\/wp\/v2\/users\/24"}],"replies":[{"embeddable":true,"href":"https:\/\/www.prevu3d.com\/fr\/wp-json\/wp\/v2\/comments?post=2681"}],"version-history":[{"count":1,"href":"https:\/\/www.prevu3d.com\/fr\/wp-json\/wp\/v2\/pages\/2681\/revisions"}],"predecessor-version":[{"id":31203,"href":"https:\/\/www.prevu3d.com\/fr\/wp-json\/wp\/v2\/pages\/2681\/revisions\/31203"}],"wp:featuredmedia":[{"embeddable":true,"href":"https:\/\/www.prevu3d.com\/fr\/wp-json\/wp\/v2\/media\/5456"}],"wp:attachment":[{"href":"https:\/\/www.prevu3d.com\/fr\/wp-json\/wp\/v2\/media?parent=2681"}],"curies":[{"name":"wp","href":"https:\/\/api.w.org\/{rel}","templated":true}]}}