{"id":2677,"date":"2023-05-04T10:26:21","date_gmt":"2023-05-04T14:26:21","guid":{"rendered":"https:\/\/wpengine-dev.prevu3d-int.com\/politique-de-confidentialite\/"},"modified":"2026-03-04T06:21:52","modified_gmt":"2026-03-04T11:21:52","slug":"fr-privacy-policy","status":"publish","type":"page","link":"https:\/\/www.prevu3d.com\/fr\/fr-privacy-policy\/","title":{"rendered":"Politique de confidentialit\u00e9"},"content":{"rendered":"","protected":false},"excerpt":{"rendered":"<p>D\u00e9couvrez comment Prevu3D prot\u00e8ge vos donn\u00e9es personnelles et garantit la confidentialit\u00e9, la s\u00e9curit\u00e9 et la conformit\u00e9 avec le RGPD.<\/p>\n","protected":false},"author":24,"featured_media":10756,"parent":0,"menu_order":0,"comment_status":"closed","ping_status":"closed","template":"","meta":{"_acf_changed":false,"content-type":"","inline_featured_image":false,"footnotes":""},"class_list":["post-2677","page","type-page","status-publish","has-post-thumbnail","hentry"],"acf":[],"aioseo_notices":[],"aioseo_head":"\n\t\t<!-- All in One SEO Pro 4.9.6.2 - aioseo.com -->\n\t<meta name=\"description\" content=\"D\u00e9couvrez comment Prevu3D prot\u00e8ge vos donn\u00e9es personnelles et garantit la confidentialit\u00e9, la s\u00e9curit\u00e9 et la conformit\u00e9 avec le RGPD.\" \/>\n\t<meta name=\"robots\" content=\"max-image-preview:large\" \/>\n\t<meta name=\"google-site-verification\" content=\"1aaBOTbZDn3PC1QZfiAz4ZTsGnMlm2ayWpksfw3hWIA\" \/>\n\t<link rel=\"canonical\" href=\"https:\/\/www.prevu3d.com\/fr\/fr-privacy-policy\/\" \/>\n\t<meta name=\"generator\" content=\"All in One SEO Pro (AIOSEO) 4.9.6.2\" \/>\n\t\t<meta property=\"og:locale\" content=\"fr_FR\" \/>\n\t\t<meta property=\"og:site_name\" content=\"Prevu3D | Meet your digital twin\" \/>\n\t\t<meta property=\"og:type\" content=\"article\" \/>\n\t\t<meta property=\"og:title\" content=\"Politique de confidentialit\u00e9 | Prevu3D\" \/>\n\t\t<meta property=\"og:description\" content=\"D\u00e9couvrez comment Prevu3D prot\u00e8ge vos donn\u00e9es personnelles et garantit la confidentialit\u00e9, la s\u00e9curit\u00e9 et la conformit\u00e9 avec le RGPD.\" \/>\n\t\t<meta property=\"og:url\" content=\"https:\/\/www.prevu3d.com\/fr\/fr-privacy-policy\/\" \/>\n\t\t<meta property=\"og:image\" content=\"https:\/\/www.prevu3d.com\/wp-content\/uploads\/2023\/11\/GDPR-Blog-post-images.jpg\" \/>\n\t\t<meta property=\"og:image:secure_url\" content=\"https:\/\/www.prevu3d.com\/wp-content\/uploads\/2023\/11\/GDPR-Blog-post-images.jpg\" \/>\n\t\t<meta property=\"og:image:width\" content=\"1800\" \/>\n\t\t<meta property=\"og:image:height\" content=\"1029\" \/>\n\t\t<meta property=\"article:published_time\" content=\"2023-05-04T14:26:21+00:00\" \/>\n\t\t<meta property=\"article:modified_time\" content=\"2026-03-04T11:21:52+00:00\" \/>\n\t\t<meta name=\"twitter:card\" content=\"summary_large_image\" \/>\n\t\t<meta name=\"twitter:title\" content=\"Politique de confidentialit\u00e9 | Prevu3D\" \/>\n\t\t<meta name=\"twitter:description\" content=\"D\u00e9couvrez comment Prevu3D prot\u00e8ge vos donn\u00e9es personnelles et garantit la confidentialit\u00e9, la s\u00e9curit\u00e9 et la conformit\u00e9 avec le RGPD.\" \/>\n\t\t<meta name=\"twitter:image\" content=\"https:\/\/www.prevu3d.com\/wp-content\/uploads\/2023\/11\/GDPR-Blog-post-images.jpg\" \/>\n\t\t<script type=\"application\/ld+json\" class=\"aioseo-schema\">\n\t\t\t{\"@context\":\"https:\\\/\\\/schema.org\",\"@graph\":[{\"@type\":\"BreadcrumbList\",\"@id\":\"https:\\\/\\\/www.prevu3d.com\\\/fr\\\/fr-privacy-policy\\\/#breadcrumblist\",\"itemListElement\":[{\"@type\":\"ListItem\",\"@id\":\"https:\\\/\\\/www.prevu3d.com\\\/fr\\\/#listItem\",\"position\":1,\"name\":\"Home\",\"item\":\"https:\\\/\\\/www.prevu3d.com\\\/fr\\\/\",\"nextItem\":{\"@type\":\"ListItem\",\"@id\":\"https:\\\/\\\/www.prevu3d.com\\\/fr\\\/fr-privacy-policy\\\/#listItem\",\"name\":\"Politique de confidentialit\\u00e9\"}},{\"@type\":\"ListItem\",\"@id\":\"https:\\\/\\\/www.prevu3d.com\\\/fr\\\/fr-privacy-policy\\\/#listItem\",\"position\":2,\"name\":\"Politique de confidentialit\\u00e9\",\"previousItem\":{\"@type\":\"ListItem\",\"@id\":\"https:\\\/\\\/www.prevu3d.com\\\/fr\\\/#listItem\",\"name\":\"Home\"}}]},{\"@type\":\"Organization\",\"@id\":\"https:\\\/\\\/www.prevu3d.com\\\/fr\\\/#organization\",\"name\":\"Prevu3D\",\"description\":\"Enterprise 3D Digital Twin Software Solutions\",\"url\":\"https:\\\/\\\/www.prevu3d.com\\\/fr\\\/\",\"logo\":{\"@type\":\"ImageObject\",\"url\":\"https:\\\/\\\/www.prevu3d.com\\\/wp-content\\\/uploads\\\/2026\\\/02\\\/prevu3d_logo.png\",\"@id\":\"https:\\\/\\\/www.prevu3d.com\\\/fr\\\/fr-privacy-policy\\\/#organizationLogo\",\"width\":1200,\"height\":630},\"image\":{\"@id\":\"https:\\\/\\\/www.prevu3d.com\\\/fr\\\/fr-privacy-policy\\\/#organizationLogo\"},\"sameAs\":[\"https:\\\/\\\/www.linkedin.com\\\/company\\\/prevu3d\"]},{\"@type\":\"WebPage\",\"@id\":\"https:\\\/\\\/www.prevu3d.com\\\/fr\\\/fr-privacy-policy\\\/#webpage\",\"url\":\"https:\\\/\\\/www.prevu3d.com\\\/fr\\\/fr-privacy-policy\\\/\",\"name\":\"Politique de confidentialit\\u00e9 | Prevu3D\",\"description\":\"D\\u00e9couvrez comment Prevu3D prot\\u00e8ge vos donn\\u00e9es personnelles et garantit la confidentialit\\u00e9, la s\\u00e9curit\\u00e9 et la conformit\\u00e9 avec le RGPD.\",\"inLanguage\":\"fr-FR\",\"isPartOf\":{\"@id\":\"https:\\\/\\\/www.prevu3d.com\\\/fr\\\/#website\"},\"breadcrumb\":{\"@id\":\"https:\\\/\\\/www.prevu3d.com\\\/fr\\\/fr-privacy-policy\\\/#breadcrumblist\"},\"image\":{\"@type\":\"ImageObject\",\"url\":\"https:\\\/\\\/www.prevu3d.com\\\/wp-content\\\/uploads\\\/2023\\\/11\\\/GDPR-Blog-post-images.jpg\",\"@id\":\"https:\\\/\\\/www.prevu3d.com\\\/fr\\\/fr-privacy-policy\\\/#mainImage\",\"width\":1800,\"height\":1029,\"caption\":\"Visual representation of GDPR security compliance with lock icon and global map\"},\"primaryImageOfPage\":{\"@id\":\"https:\\\/\\\/www.prevu3d.com\\\/fr\\\/fr-privacy-policy\\\/#mainImage\"},\"datePublished\":\"2023-05-04T10:26:21-04:00\",\"dateModified\":\"2026-03-04T06:21:52-05:00\"},{\"@type\":\"WebSite\",\"@id\":\"https:\\\/\\\/www.prevu3d.com\\\/fr\\\/#website\",\"url\":\"https:\\\/\\\/www.prevu3d.com\\\/fr\\\/\",\"name\":\"Prevu3D\",\"description\":\"Meet your digital twin\",\"inLanguage\":\"fr-FR\",\"publisher\":{\"@id\":\"https:\\\/\\\/www.prevu3d.com\\\/fr\\\/#organization\"}}]}\n\t\t<\/script>\n\t\t<!-- All in One SEO Pro -->\r\n\t\t<title>Politique de confidentialit\u00e9 | Prevu3D<\/title>\n\n","aioseo_head_json":{"title":"Politique de confidentialit\u00e9 | Prevu3D","description":"D\u00e9couvrez comment Prevu3D prot\u00e8ge vos donn\u00e9es personnelles et garantit la confidentialit\u00e9, la s\u00e9curit\u00e9 et la conformit\u00e9 avec le RGPD.","canonical_url":"https:\/\/www.prevu3d.com\/fr\/fr-privacy-policy\/","robots":"max-image-preview:large","keywords":"","webmasterTools":{"google-site-verification":"1aaBOTbZDn3PC1QZfiAz4ZTsGnMlm2ayWpksfw3hWIA","miscellaneous":""},"schema":{"@context":"https:\/\/schema.org","@graph":[{"@type":"BreadcrumbList","@id":"https:\/\/www.prevu3d.com\/fr\/fr-privacy-policy\/#breadcrumblist","itemListElement":[{"@type":"ListItem","@id":"https:\/\/www.prevu3d.com\/fr\/#listItem","position":1,"name":"Home","item":"https:\/\/www.prevu3d.com\/fr\/","nextItem":{"@type":"ListItem","@id":"https:\/\/www.prevu3d.com\/fr\/fr-privacy-policy\/#listItem","name":"Politique de confidentialit\u00e9"}},{"@type":"ListItem","@id":"https:\/\/www.prevu3d.com\/fr\/fr-privacy-policy\/#listItem","position":2,"name":"Politique de confidentialit\u00e9","previousItem":{"@type":"ListItem","@id":"https:\/\/www.prevu3d.com\/fr\/#listItem","name":"Home"}}]},{"@type":"Organization","@id":"https:\/\/www.prevu3d.com\/fr\/#organization","name":"Prevu3D","description":"Enterprise 3D Digital Twin Software Solutions","url":"https:\/\/www.prevu3d.com\/fr\/","logo":{"@type":"ImageObject","url":"https:\/\/www.prevu3d.com\/wp-content\/uploads\/2026\/02\/prevu3d_logo.png","@id":"https:\/\/www.prevu3d.com\/fr\/fr-privacy-policy\/#organizationLogo","width":1200,"height":630},"image":{"@id":"https:\/\/www.prevu3d.com\/fr\/fr-privacy-policy\/#organizationLogo"},"sameAs":["https:\/\/www.linkedin.com\/company\/prevu3d"]},{"@type":"WebPage","@id":"https:\/\/www.prevu3d.com\/fr\/fr-privacy-policy\/#webpage","url":"https:\/\/www.prevu3d.com\/fr\/fr-privacy-policy\/","name":"Politique de confidentialit\u00e9 | Prevu3D","description":"D\u00e9couvrez comment Prevu3D prot\u00e8ge vos donn\u00e9es personnelles et garantit la confidentialit\u00e9, la s\u00e9curit\u00e9 et la conformit\u00e9 avec le RGPD.","inLanguage":"fr-FR","isPartOf":{"@id":"https:\/\/www.prevu3d.com\/fr\/#website"},"breadcrumb":{"@id":"https:\/\/www.prevu3d.com\/fr\/fr-privacy-policy\/#breadcrumblist"},"image":{"@type":"ImageObject","url":"https:\/\/www.prevu3d.com\/wp-content\/uploads\/2023\/11\/GDPR-Blog-post-images.jpg","@id":"https:\/\/www.prevu3d.com\/fr\/fr-privacy-policy\/#mainImage","width":1800,"height":1029,"caption":"Visual representation of GDPR security compliance with lock icon and global map"},"primaryImageOfPage":{"@id":"https:\/\/www.prevu3d.com\/fr\/fr-privacy-policy\/#mainImage"},"datePublished":"2023-05-04T10:26:21-04:00","dateModified":"2026-03-04T06:21:52-05:00"},{"@type":"WebSite","@id":"https:\/\/www.prevu3d.com\/fr\/#website","url":"https:\/\/www.prevu3d.com\/fr\/","name":"Prevu3D","description":"Meet your digital twin","inLanguage":"fr-FR","publisher":{"@id":"https:\/\/www.prevu3d.com\/fr\/#organization"}}]},"og:locale":"fr_FR","og:site_name":"Prevu3D | Meet your digital twin","og:type":"article","og:title":"Politique de confidentialit\u00e9 | Prevu3D","og:description":"D\u00e9couvrez comment Prevu3D prot\u00e8ge vos donn\u00e9es personnelles et garantit la confidentialit\u00e9, la s\u00e9curit\u00e9 et la conformit\u00e9 avec le RGPD.","og:url":"https:\/\/www.prevu3d.com\/fr\/fr-privacy-policy\/","og:image":"https:\/\/www.prevu3d.com\/wp-content\/uploads\/2023\/11\/GDPR-Blog-post-images.jpg","og:image:secure_url":"https:\/\/www.prevu3d.com\/wp-content\/uploads\/2023\/11\/GDPR-Blog-post-images.jpg","og:image:width":1800,"og:image:height":1029,"article:published_time":"2023-05-04T14:26:21+00:00","article:modified_time":"2026-03-04T11:21:52+00:00","twitter:card":"summary_large_image","twitter:title":"Politique de confidentialit\u00e9 | Prevu3D","twitter:description":"D\u00e9couvrez comment Prevu3D prot\u00e8ge vos donn\u00e9es personnelles et garantit la confidentialit\u00e9, la s\u00e9curit\u00e9 et la conformit\u00e9 avec le RGPD.","twitter:image":"https:\/\/www.prevu3d.com\/wp-content\/uploads\/2023\/11\/GDPR-Blog-post-images.jpg"},"aioseo_meta_data":{"post_id":"2677","title":null,"description":null,"keywords":null,"keyphrases":{"focus":{"keyphrase":"","score":0,"analysis":{"keyphraseInTitle":{"score":0,"maxScore":9,"error":1}}},"additional":[]},"primary_term":null,"canonical_url":null,"og_title":null,"og_description":null,"og_object_type":"default","og_image_type":"default","og_image_url":null,"og_image_width":null,"og_image_height":null,"og_image_custom_url":null,"og_image_custom_fields":null,"og_video":"","og_custom_url":null,"og_article_section":null,"og_article_tags":null,"twitter_use_og":false,"twitter_card":"default","twitter_image_type":"default","twitter_image_url":null,"twitter_image_custom_url":null,"twitter_image_custom_fields":null,"twitter_title":null,"twitter_description":null,"schema":{"blockGraphs":[],"customGraphs":[],"default":{"data":{"Article":[],"Course":[],"Dataset":[],"FAQPage":[],"Movie":[],"Person":[],"Product":[],"ProductReview":[],"Car":[],"Recipe":[],"Service":[],"SoftwareApplication":[],"WebPage":[]},"graphName":"WebPage","isEnabled":true},"graphs":[]},"schema_type":"default","schema_type_options":null,"pillar_content":false,"robots_default":true,"robots_noindex":false,"robots_noarchive":false,"robots_nosnippet":false,"robots_nofollow":false,"robots_noimageindex":false,"robots_noodp":false,"robots_notranslate":false,"robots_max_snippet":"-1","robots_max_videopreview":"-1","robots_max_imagepreview":"large","priority":null,"frequency":"default","local_seo":null,"seo_analyzer_scan_date":"2026-03-04 11:32:55","breadcrumb_settings":null,"limit_modified_date":false,"reviewed_by":null,"open_ai":"{\"title\":{\"suggestions\":[],\"usage\":0},\"description\":{\"suggestions\":[],\"usage\":0}}","ai":{"faqs":[],"keyPoints":[],"titles":[],"descriptions":[],"socialPosts":{"email":[],"linkedin":[],"twitter":[],"facebook":[],"instagram":[]}},"created":"2025-05-01 17:24:12","updated":"2026-03-04 11:36:45"},"aioseo_breadcrumb":"<div class=\"aioseo-breadcrumbs\"><span class=\"aioseo-breadcrumb\">\n\t<a href=\"https:\/\/www.prevu3d.com\/fr\/\" title=\"Home\">Home<\/a>\n<\/span><span class=\"aioseo-breadcrumb-separator\">|<\/span><span class=\"aioseo-breadcrumb\">\n\tPolitique de confidentialit\u00e9\n<\/span><\/div>","aioseo_breadcrumb_json":[{"label":"Home","link":"https:\/\/www.prevu3d.com\/fr\/"},{"label":"Politique de confidentialit\u00e9","link":"https:\/\/www.prevu3d.com\/fr\/fr-privacy-policy\/"}],"_links":{"self":[{"href":"https:\/\/www.prevu3d.com\/fr\/wp-json\/wp\/v2\/pages\/2677","targetHints":{"allow":["GET"]}}],"collection":[{"href":"https:\/\/www.prevu3d.com\/fr\/wp-json\/wp\/v2\/pages"}],"about":[{"href":"https:\/\/www.prevu3d.com\/fr\/wp-json\/wp\/v2\/types\/page"}],"author":[{"embeddable":true,"href":"https:\/\/www.prevu3d.com\/fr\/wp-json\/wp\/v2\/users\/24"}],"replies":[{"embeddable":true,"href":"https:\/\/www.prevu3d.com\/fr\/wp-json\/wp\/v2\/comments?post=2677"}],"version-history":[{"count":0,"href":"https:\/\/www.prevu3d.com\/fr\/wp-json\/wp\/v2\/pages\/2677\/revisions"}],"wp:featuredmedia":[{"embeddable":true,"href":"https:\/\/www.prevu3d.com\/fr\/wp-json\/wp\/v2\/media\/10756"}],"wp:attachment":[{"href":"https:\/\/www.prevu3d.com\/fr\/wp-json\/wp\/v2\/media?parent=2677"}],"curies":[{"name":"wp","href":"https:\/\/api.w.org\/{rel}","templated":true}]}}