{"id":2672,"date":"2023-05-15T15:46:01","date_gmt":"2023-05-15T19:46:01","guid":{"rendered":"https:\/\/wpengine-dev.prevu3d-int.com\/faq\/"},"modified":"2026-03-02T14:17:44","modified_gmt":"2026-03-02T19:17:44","slug":"faq","status":"publish","type":"page","link":"https:\/\/www.prevu3d.com\/fr\/faq\/","title":{"rendered":"Questions fr\u00e9quemment pos\u00e9es"},"content":{"rendered":"","protected":false},"excerpt":{"rendered":"<p>Trouvez rapidement des r\u00e9ponses gr\u00e2ce \u00e0 la page FAQ de Prevu3D. Explorez les questions les plus courantes sur les fonctionnalit\u00e9s, la configuration, les prix et l&rsquo;assistance pour tirer le meilleur parti de votre plateforme 3D. <\/p>\n","protected":false},"author":24,"featured_media":23081,"parent":0,"menu_order":0,"comment_status":"closed","ping_status":"closed","template":"","meta":{"_acf_changed":false,"content-type":"","inline_featured_image":false,"footnotes":""},"class_list":["post-2672","page","type-page","status-publish","has-post-thumbnail","hentry"],"acf":[],"aioseo_notices":[],"aioseo_head":"\n\t\t<!-- All in One SEO Pro 4.9.6.2 - aioseo.com -->\n\t<meta name=\"description\" content=\"Trouvez rapidement des r\u00e9ponses gr\u00e2ce \u00e0 la page FAQ de Prevu3D. Explorez les questions les plus courantes sur les fonctionnalit\u00e9s, la configuration, les prix et l&#039;assistance pour tirer le meilleur parti de votre plateforme 3D.\" \/>\n\t<meta name=\"robots\" content=\"max-image-preview:large\" \/>\n\t<meta name=\"google-site-verification\" content=\"1aaBOTbZDn3PC1QZfiAz4ZTsGnMlm2ayWpksfw3hWIA\" \/>\n\t<link rel=\"canonical\" href=\"https:\/\/www.prevu3d.com\/fr\/faq\/\" \/>\n\t<meta name=\"generator\" content=\"All in One SEO Pro (AIOSEO) 4.9.6.2\" \/>\n\t\t<meta property=\"og:locale\" content=\"fr_FR\" \/>\n\t\t<meta property=\"og:site_name\" content=\"Prevu3D | Meet your digital twin\" \/>\n\t\t<meta property=\"og:type\" content=\"article\" \/>\n\t\t<meta property=\"og:title\" content=\"Questions fr\u00e9quemment pos\u00e9es | Prevu3D\" \/>\n\t\t<meta property=\"og:description\" content=\"Trouvez rapidement des r\u00e9ponses gr\u00e2ce \u00e0 la page FAQ de Prevu3D. Explorez les questions les plus courantes sur les fonctionnalit\u00e9s, la configuration, les prix et l&#039;assistance pour tirer le meilleur parti de votre plateforme 3D.\" \/>\n\t\t<meta property=\"og:url\" content=\"https:\/\/www.prevu3d.com\/fr\/faq\/\" \/>\n\t\t<meta property=\"og:image\" content=\"https:\/\/www.prevu3d.com\/wp-content\/uploads\/2025\/09\/RealityPlan_clash_detection_mock-up.jpg\" \/>\n\t\t<meta property=\"og:image:secure_url\" content=\"https:\/\/www.prevu3d.com\/wp-content\/uploads\/2025\/09\/RealityPlan_clash_detection_mock-up.jpg\" \/>\n\t\t<meta property=\"og:image:width\" content=\"1800\" \/>\n\t\t<meta property=\"og:image:height\" content=\"950\" \/>\n\t\t<meta property=\"article:published_time\" content=\"2023-05-15T19:46:01+00:00\" \/>\n\t\t<meta property=\"article:modified_time\" content=\"2026-03-02T19:17:44+00:00\" \/>\n\t\t<meta name=\"twitter:card\" content=\"summary_large_image\" \/>\n\t\t<meta name=\"twitter:title\" content=\"Questions fr\u00e9quemment pos\u00e9es | Prevu3D\" \/>\n\t\t<meta name=\"twitter:description\" content=\"Trouvez rapidement des r\u00e9ponses gr\u00e2ce \u00e0 la page FAQ de Prevu3D. Explorez les questions les plus courantes sur les fonctionnalit\u00e9s, la configuration, les prix et l&#039;assistance pour tirer le meilleur parti de votre plateforme 3D.\" \/>\n\t\t<meta name=\"twitter:image\" content=\"https:\/\/www.prevu3d.com\/wp-content\/uploads\/2025\/09\/RealityPlan_clash_detection_mock-up.jpg\" \/>\n\t\t<script type=\"application\/ld+json\" class=\"aioseo-schema\">\n\t\t\t{\"@context\":\"https:\\\/\\\/schema.org\",\"@graph\":[{\"@type\":\"BreadcrumbList\",\"@id\":\"https:\\\/\\\/www.prevu3d.com\\\/fr\\\/faq\\\/#breadcrumblist\",\"itemListElement\":[{\"@type\":\"ListItem\",\"@id\":\"https:\\\/\\\/www.prevu3d.com\\\/fr\\\/#listItem\",\"position\":1,\"name\":\"Home\",\"item\":\"https:\\\/\\\/www.prevu3d.com\\\/fr\\\/\",\"nextItem\":{\"@type\":\"ListItem\",\"@id\":\"https:\\\/\\\/www.prevu3d.com\\\/fr\\\/faq\\\/#listItem\",\"name\":\"Questions fr\\u00e9quemment pos\\u00e9es\"}},{\"@type\":\"ListItem\",\"@id\":\"https:\\\/\\\/www.prevu3d.com\\\/fr\\\/faq\\\/#listItem\",\"position\":2,\"name\":\"Questions fr\\u00e9quemment pos\\u00e9es\",\"previousItem\":{\"@type\":\"ListItem\",\"@id\":\"https:\\\/\\\/www.prevu3d.com\\\/fr\\\/#listItem\",\"name\":\"Home\"}}]},{\"@type\":\"Organization\",\"@id\":\"https:\\\/\\\/www.prevu3d.com\\\/fr\\\/#organization\",\"name\":\"Prevu3D\",\"description\":\"Enterprise 3D Digital Twin Software Solutions\",\"url\":\"https:\\\/\\\/www.prevu3d.com\\\/fr\\\/\",\"logo\":{\"@type\":\"ImageObject\",\"url\":\"https:\\\/\\\/www.prevu3d.com\\\/wp-content\\\/uploads\\\/2026\\\/02\\\/prevu3d_logo.png\",\"@id\":\"https:\\\/\\\/www.prevu3d.com\\\/fr\\\/faq\\\/#organizationLogo\",\"width\":1200,\"height\":630},\"image\":{\"@id\":\"https:\\\/\\\/www.prevu3d.com\\\/fr\\\/faq\\\/#organizationLogo\"},\"sameAs\":[\"https:\\\/\\\/www.linkedin.com\\\/company\\\/prevu3d\"]},{\"@type\":\"WebPage\",\"@id\":\"https:\\\/\\\/www.prevu3d.com\\\/fr\\\/faq\\\/#webpage\",\"url\":\"https:\\\/\\\/www.prevu3d.com\\\/fr\\\/faq\\\/\",\"name\":\"Questions fr\\u00e9quemment pos\\u00e9es | Prevu3D\",\"description\":\"Trouvez rapidement des r\\u00e9ponses gr\\u00e2ce \\u00e0 la page FAQ de Prevu3D. Explorez les questions les plus courantes sur les fonctionnalit\\u00e9s, la configuration, les prix et l'assistance pour tirer le meilleur parti de votre plateforme 3D.\",\"inLanguage\":\"fr-FR\",\"isPartOf\":{\"@id\":\"https:\\\/\\\/www.prevu3d.com\\\/fr\\\/#website\"},\"breadcrumb\":{\"@id\":\"https:\\\/\\\/www.prevu3d.com\\\/fr\\\/faq\\\/#breadcrumblist\"},\"image\":{\"@type\":\"ImageObject\",\"url\":\"https:\\\/\\\/www.prevu3d.com\\\/wp-content\\\/uploads\\\/2025\\\/09\\\/RealityPlan_clash_detection_mock-up.jpg\",\"@id\":\"https:\\\/\\\/www.prevu3d.com\\\/fr\\\/faq\\\/#mainImage\",\"width\":1800,\"height\":950,\"caption\":\"Engineer using Prevu3D RealityPlan\\u2122 clash detection tool on desktop to visualize and analyze mechanical assets in a 3D scan environment.\"},\"primaryImageOfPage\":{\"@id\":\"https:\\\/\\\/www.prevu3d.com\\\/fr\\\/faq\\\/#mainImage\"},\"datePublished\":\"2023-05-15T15:46:01-04:00\",\"dateModified\":\"2026-03-02T14:17:44-05:00\"},{\"@type\":\"WebSite\",\"@id\":\"https:\\\/\\\/www.prevu3d.com\\\/fr\\\/#website\",\"url\":\"https:\\\/\\\/www.prevu3d.com\\\/fr\\\/\",\"name\":\"Prevu3D\",\"description\":\"Meet your digital twin\",\"inLanguage\":\"fr-FR\",\"publisher\":{\"@id\":\"https:\\\/\\\/www.prevu3d.com\\\/fr\\\/#organization\"}}]}\n\t\t<\/script>\n\t\t<!-- All in One SEO Pro -->\r\n\t\t<title>Questions fr\u00e9quemment pos\u00e9es | Prevu3D<\/title>\n\n","aioseo_head_json":{"title":"Questions fr\u00e9quemment pos\u00e9es | Prevu3D","description":"Trouvez rapidement des r\u00e9ponses gr\u00e2ce \u00e0 la page FAQ de Prevu3D. Explorez les questions les plus courantes sur les fonctionnalit\u00e9s, la configuration, les prix et l'assistance pour tirer le meilleur parti de votre plateforme 3D.","canonical_url":"https:\/\/www.prevu3d.com\/fr\/faq\/","robots":"max-image-preview:large","keywords":"","webmasterTools":{"google-site-verification":"1aaBOTbZDn3PC1QZfiAz4ZTsGnMlm2ayWpksfw3hWIA","miscellaneous":""},"schema":{"@context":"https:\/\/schema.org","@graph":[{"@type":"BreadcrumbList","@id":"https:\/\/www.prevu3d.com\/fr\/faq\/#breadcrumblist","itemListElement":[{"@type":"ListItem","@id":"https:\/\/www.prevu3d.com\/fr\/#listItem","position":1,"name":"Home","item":"https:\/\/www.prevu3d.com\/fr\/","nextItem":{"@type":"ListItem","@id":"https:\/\/www.prevu3d.com\/fr\/faq\/#listItem","name":"Questions fr\u00e9quemment pos\u00e9es"}},{"@type":"ListItem","@id":"https:\/\/www.prevu3d.com\/fr\/faq\/#listItem","position":2,"name":"Questions fr\u00e9quemment pos\u00e9es","previousItem":{"@type":"ListItem","@id":"https:\/\/www.prevu3d.com\/fr\/#listItem","name":"Home"}}]},{"@type":"Organization","@id":"https:\/\/www.prevu3d.com\/fr\/#organization","name":"Prevu3D","description":"Enterprise 3D Digital Twin Software Solutions","url":"https:\/\/www.prevu3d.com\/fr\/","logo":{"@type":"ImageObject","url":"https:\/\/www.prevu3d.com\/wp-content\/uploads\/2026\/02\/prevu3d_logo.png","@id":"https:\/\/www.prevu3d.com\/fr\/faq\/#organizationLogo","width":1200,"height":630},"image":{"@id":"https:\/\/www.prevu3d.com\/fr\/faq\/#organizationLogo"},"sameAs":["https:\/\/www.linkedin.com\/company\/prevu3d"]},{"@type":"WebPage","@id":"https:\/\/www.prevu3d.com\/fr\/faq\/#webpage","url":"https:\/\/www.prevu3d.com\/fr\/faq\/","name":"Questions fr\u00e9quemment pos\u00e9es | Prevu3D","description":"Trouvez rapidement des r\u00e9ponses gr\u00e2ce \u00e0 la page FAQ de Prevu3D. Explorez les questions les plus courantes sur les fonctionnalit\u00e9s, la configuration, les prix et l'assistance pour tirer le meilleur parti de votre plateforme 3D.","inLanguage":"fr-FR","isPartOf":{"@id":"https:\/\/www.prevu3d.com\/fr\/#website"},"breadcrumb":{"@id":"https:\/\/www.prevu3d.com\/fr\/faq\/#breadcrumblist"},"image":{"@type":"ImageObject","url":"https:\/\/www.prevu3d.com\/wp-content\/uploads\/2025\/09\/RealityPlan_clash_detection_mock-up.jpg","@id":"https:\/\/www.prevu3d.com\/fr\/faq\/#mainImage","width":1800,"height":950,"caption":"Engineer using Prevu3D RealityPlan\u2122 clash detection tool on desktop to visualize and analyze mechanical assets in a 3D scan environment."},"primaryImageOfPage":{"@id":"https:\/\/www.prevu3d.com\/fr\/faq\/#mainImage"},"datePublished":"2023-05-15T15:46:01-04:00","dateModified":"2026-03-02T14:17:44-05:00"},{"@type":"WebSite","@id":"https:\/\/www.prevu3d.com\/fr\/#website","url":"https:\/\/www.prevu3d.com\/fr\/","name":"Prevu3D","description":"Meet your digital twin","inLanguage":"fr-FR","publisher":{"@id":"https:\/\/www.prevu3d.com\/fr\/#organization"}}]},"og:locale":"fr_FR","og:site_name":"Prevu3D | Meet your digital twin","og:type":"article","og:title":"Questions fr\u00e9quemment pos\u00e9es | Prevu3D","og:description":"Trouvez rapidement des r\u00e9ponses gr\u00e2ce \u00e0 la page FAQ de Prevu3D. Explorez les questions les plus courantes sur les fonctionnalit\u00e9s, la configuration, les prix et l'assistance pour tirer le meilleur parti de votre plateforme 3D.","og:url":"https:\/\/www.prevu3d.com\/fr\/faq\/","og:image":"https:\/\/www.prevu3d.com\/wp-content\/uploads\/2025\/09\/RealityPlan_clash_detection_mock-up.jpg","og:image:secure_url":"https:\/\/www.prevu3d.com\/wp-content\/uploads\/2025\/09\/RealityPlan_clash_detection_mock-up.jpg","og:image:width":1800,"og:image:height":950,"article:published_time":"2023-05-15T19:46:01+00:00","article:modified_time":"2026-03-02T19:17:44+00:00","twitter:card":"summary_large_image","twitter:title":"Questions fr\u00e9quemment pos\u00e9es | Prevu3D","twitter:description":"Trouvez rapidement des r\u00e9ponses gr\u00e2ce \u00e0 la page FAQ de Prevu3D. Explorez les questions les plus courantes sur les fonctionnalit\u00e9s, la configuration, les prix et l'assistance pour tirer le meilleur parti de votre plateforme 3D.","twitter:image":"https:\/\/www.prevu3d.com\/wp-content\/uploads\/2025\/09\/RealityPlan_clash_detection_mock-up.jpg"},"aioseo_meta_data":{"post_id":"2672","title":null,"description":null,"keywords":null,"keyphrases":{"focus":{"keyphrase":"FAQ","score":81,"analysis":{"keyphraseInTitle":{"score":3,"maxScore":9,"error":1},"keyphraseInDescription":{"score":9,"maxScore":9,"error":0},"keyphraseLength":{"score":9,"maxScore":9,"error":0,"length":1},"keyphraseInURL":{"score":5,"maxScore":5,"error":0}}},"additional":[{"keyphrase":"frequently asked questions","score":67,"analysis":{"keyphraseInDescription":{"score":3,"maxScore":9,"error":1},"keyphraseLength":{"score":9,"maxScore":9,"error":0,"length":3}}},{"keyphrase":"questions","score":100,"analysis":{"keyphraseInDescription":{"score":9,"maxScore":9,"error":0},"keyphraseLength":{"score":9,"maxScore":9,"error":0,"length":1}}}]},"primary_term":null,"canonical_url":null,"og_title":null,"og_description":null,"og_object_type":"default","og_image_type":"default","og_image_url":null,"og_image_width":null,"og_image_height":null,"og_image_custom_url":null,"og_image_custom_fields":null,"og_video":"","og_custom_url":null,"og_article_section":null,"og_article_tags":null,"twitter_use_og":false,"twitter_card":"default","twitter_image_type":"default","twitter_image_url":null,"twitter_image_custom_url":null,"twitter_image_custom_fields":null,"twitter_title":null,"twitter_description":null,"schema":{"blockGraphs":[],"customGraphs":[],"default":{"data":{"Article":[],"Course":[],"Dataset":[],"FAQPage":[],"Movie":[],"Person":[],"Product":[],"ProductReview":[],"Car":[],"Recipe":[],"Service":[],"SoftwareApplication":[],"WebPage":[]},"graphName":"WebPage","isEnabled":true},"graphs":[]},"schema_type":"default","schema_type_options":null,"pillar_content":false,"robots_default":true,"robots_noindex":false,"robots_noarchive":false,"robots_nosnippet":false,"robots_nofollow":false,"robots_noimageindex":false,"robots_noodp":false,"robots_notranslate":false,"robots_max_snippet":"-1","robots_max_videopreview":"-1","robots_max_imagepreview":"large","priority":null,"frequency":"default","local_seo":null,"seo_analyzer_scan_date":"2026-02-17 10:02:26","breadcrumb_settings":null,"limit_modified_date":false,"reviewed_by":"0","open_ai":null,"ai":{"faqs":[],"keyPoints":[],"titles":[],"descriptions":[],"socialPosts":{"email":[],"linkedin":[],"twitter":[],"facebook":[],"instagram":[]}},"created":"2025-05-01 17:28:08","updated":"2026-03-02 19:27:26"},"aioseo_breadcrumb":"<div class=\"aioseo-breadcrumbs\"><span class=\"aioseo-breadcrumb\">\n\t<a href=\"https:\/\/www.prevu3d.com\/fr\/\" title=\"Home\">Home<\/a>\n<\/span><span class=\"aioseo-breadcrumb-separator\">|<\/span><span class=\"aioseo-breadcrumb\">\n\tQuestions fr\u00e9quemment pos\u00e9es\n<\/span><\/div>","aioseo_breadcrumb_json":[{"label":"Home","link":"https:\/\/www.prevu3d.com\/fr\/"},{"label":"Questions fr\u00e9quemment pos\u00e9es","link":"https:\/\/www.prevu3d.com\/fr\/faq\/"}],"_links":{"self":[{"href":"https:\/\/www.prevu3d.com\/fr\/wp-json\/wp\/v2\/pages\/2672","targetHints":{"allow":["GET"]}}],"collection":[{"href":"https:\/\/www.prevu3d.com\/fr\/wp-json\/wp\/v2\/pages"}],"about":[{"href":"https:\/\/www.prevu3d.com\/fr\/wp-json\/wp\/v2\/types\/page"}],"author":[{"embeddable":true,"href":"https:\/\/www.prevu3d.com\/fr\/wp-json\/wp\/v2\/users\/24"}],"replies":[{"embeddable":true,"href":"https:\/\/www.prevu3d.com\/fr\/wp-json\/wp\/v2\/comments?post=2672"}],"version-history":[{"count":1,"href":"https:\/\/www.prevu3d.com\/fr\/wp-json\/wp\/v2\/pages\/2672\/revisions"}],"predecessor-version":[{"id":28417,"href":"https:\/\/www.prevu3d.com\/fr\/wp-json\/wp\/v2\/pages\/2672\/revisions\/28417"}],"wp:featuredmedia":[{"embeddable":true,"href":"https:\/\/www.prevu3d.com\/fr\/wp-json\/wp\/v2\/media\/23081"}],"wp:attachment":[{"href":"https:\/\/www.prevu3d.com\/fr\/wp-json\/wp\/v2\/media?parent=2672"}],"curies":[{"name":"wp","href":"https:\/\/api.w.org\/{rel}","templated":true}]}}