{"id":2667,"date":"2023-06-09T16:06:39","date_gmt":"2023-06-09T20:06:39","guid":{"rendered":"https:\/\/wpengine-dev.prevu3d-int.com\/sous-traitants-de-donnees\/"},"modified":"2026-01-20T16:04:40","modified_gmt":"2026-01-20T21:04:40","slug":"sous-processeurs-de-donnees","status":"publish","type":"page","link":"https:\/\/www.prevu3d.com\/fr\/sous-processeurs-de-donnees\/","title":{"rendered":"Sous-traitants de donn\u00e9es"},"content":{"rendered":"","protected":false},"excerpt":{"rendered":"<p>D\u00e9couvrez comment Prevu3D travaille avec des sous-traitants de confiance pour traiter les donn\u00e9es en toute s\u00e9curit\u00e9, garantir la conformit\u00e9 et fournir un service fiable.<\/p>\n","protected":false},"author":24,"featured_media":11450,"parent":0,"menu_order":0,"comment_status":"closed","ping_status":"closed","template":"","meta":{"_acf_changed":false,"content-type":"","inline_featured_image":false,"footnotes":""},"class_list":["post-2667","page","type-page","status-publish","has-post-thumbnail","hentry"],"acf":[],"aioseo_notices":[],"aioseo_head":"\n\t\t<!-- All in One SEO Pro 4.9.6.2 - aioseo.com -->\n\t<meta name=\"description\" content=\"D\u00e9couvrez comment Prevu3D travaille avec des sous-traitants de confiance pour traiter les donn\u00e9es en toute s\u00e9curit\u00e9, garantir la conformit\u00e9 et fournir un service fiable.\" \/>\n\t<meta name=\"robots\" content=\"max-image-preview:large\" \/>\n\t<meta name=\"google-site-verification\" content=\"1aaBOTbZDn3PC1QZfiAz4ZTsGnMlm2ayWpksfw3hWIA\" \/>\n\t<link rel=\"canonical\" href=\"https:\/\/www.prevu3d.com\/fr\/sous-processeurs-de-donnees\/\" \/>\n\t<meta name=\"generator\" content=\"All in One SEO Pro (AIOSEO) 4.9.6.2\" \/>\n\t\t<meta property=\"og:locale\" content=\"fr_FR\" \/>\n\t\t<meta property=\"og:site_name\" content=\"Prevu3D | Meet your digital twin\" \/>\n\t\t<meta property=\"og:type\" content=\"article\" \/>\n\t\t<meta property=\"og:title\" content=\"Sous-traitants de donn\u00e9es | Prevu3D\" \/>\n\t\t<meta property=\"og:description\" content=\"D\u00e9couvrez comment Prevu3D travaille avec des sous-traitants de confiance pour traiter les donn\u00e9es en toute s\u00e9curit\u00e9, garantir la conformit\u00e9 et fournir un service fiable.\" \/>\n\t\t<meta property=\"og:url\" content=\"https:\/\/www.prevu3d.com\/fr\/sous-processeurs-de-donnees\/\" \/>\n\t\t<meta property=\"og:image\" content=\"https:\/\/www.prevu3d.com\/wp-content\/uploads\/2025\/04\/Prevu3D.png\" \/>\n\t\t<meta property=\"og:image:secure_url\" content=\"https:\/\/www.prevu3d.com\/wp-content\/uploads\/2025\/04\/Prevu3D.png\" \/>\n\t\t<meta property=\"og:image:width\" content=\"750\" \/>\n\t\t<meta property=\"og:image:height\" content=\"580\" \/>\n\t\t<meta property=\"article:published_time\" content=\"2023-06-09T20:06:39+00:00\" \/>\n\t\t<meta property=\"article:modified_time\" content=\"2026-01-20T21:04:40+00:00\" \/>\n\t\t<meta name=\"twitter:card\" content=\"summary_large_image\" \/>\n\t\t<meta name=\"twitter:title\" content=\"Sous-traitants de donn\u00e9es | Prevu3D\" \/>\n\t\t<meta name=\"twitter:description\" content=\"D\u00e9couvrez comment Prevu3D travaille avec des sous-traitants de confiance pour traiter les donn\u00e9es en toute s\u00e9curit\u00e9, garantir la conformit\u00e9 et fournir un service fiable.\" \/>\n\t\t<meta name=\"twitter:image\" content=\"https:\/\/www.prevu3d.com\/wp-content\/uploads\/2025\/04\/Prevu3D.png\" \/>\n\t\t<script type=\"application\/ld+json\" class=\"aioseo-schema\">\n\t\t\t{\"@context\":\"https:\\\/\\\/schema.org\",\"@graph\":[{\"@type\":\"BreadcrumbList\",\"@id\":\"https:\\\/\\\/www.prevu3d.com\\\/fr\\\/sous-processeurs-de-donnees\\\/#breadcrumblist\",\"itemListElement\":[{\"@type\":\"ListItem\",\"@id\":\"https:\\\/\\\/www.prevu3d.com\\\/fr\\\/#listItem\",\"position\":1,\"name\":\"Home\",\"item\":\"https:\\\/\\\/www.prevu3d.com\\\/fr\\\/\",\"nextItem\":{\"@type\":\"ListItem\",\"@id\":\"https:\\\/\\\/www.prevu3d.com\\\/fr\\\/sous-processeurs-de-donnees\\\/#listItem\",\"name\":\"Sous-traitants de donn\\u00e9es\"}},{\"@type\":\"ListItem\",\"@id\":\"https:\\\/\\\/www.prevu3d.com\\\/fr\\\/sous-processeurs-de-donnees\\\/#listItem\",\"position\":2,\"name\":\"Sous-traitants de donn\\u00e9es\",\"previousItem\":{\"@type\":\"ListItem\",\"@id\":\"https:\\\/\\\/www.prevu3d.com\\\/fr\\\/#listItem\",\"name\":\"Home\"}}]},{\"@type\":\"Organization\",\"@id\":\"https:\\\/\\\/www.prevu3d.com\\\/fr\\\/#organization\",\"name\":\"Prevu3D\",\"description\":\"Enterprise 3D Digital Twin Software Solutions\",\"url\":\"https:\\\/\\\/www.prevu3d.com\\\/fr\\\/\",\"logo\":{\"@type\":\"ImageObject\",\"url\":\"https:\\\/\\\/www.prevu3d.com\\\/wp-content\\\/uploads\\\/2026\\\/02\\\/prevu3d_logo.png\",\"@id\":\"https:\\\/\\\/www.prevu3d.com\\\/fr\\\/sous-processeurs-de-donnees\\\/#organizationLogo\",\"width\":1200,\"height\":630},\"image\":{\"@id\":\"https:\\\/\\\/www.prevu3d.com\\\/fr\\\/sous-processeurs-de-donnees\\\/#organizationLogo\"},\"sameAs\":[\"https:\\\/\\\/www.linkedin.com\\\/company\\\/prevu3d\"]},{\"@type\":\"WebPage\",\"@id\":\"https:\\\/\\\/www.prevu3d.com\\\/fr\\\/sous-processeurs-de-donnees\\\/#webpage\",\"url\":\"https:\\\/\\\/www.prevu3d.com\\\/fr\\\/sous-processeurs-de-donnees\\\/\",\"name\":\"Sous-traitants de donn\\u00e9es | Prevu3D\",\"description\":\"D\\u00e9couvrez comment Prevu3D travaille avec des sous-traitants de confiance pour traiter les donn\\u00e9es en toute s\\u00e9curit\\u00e9, garantir la conformit\\u00e9 et fournir un service fiable.\",\"inLanguage\":\"fr-FR\",\"isPartOf\":{\"@id\":\"https:\\\/\\\/www.prevu3d.com\\\/fr\\\/#website\"},\"breadcrumb\":{\"@id\":\"https:\\\/\\\/www.prevu3d.com\\\/fr\\\/sous-processeurs-de-donnees\\\/#breadcrumblist\"},\"image\":{\"@type\":\"ImageObject\",\"url\":\"https:\\\/\\\/www.prevu3d.com\\\/wp-content\\\/uploads\\\/2025\\\/04\\\/Prevu3D.png\",\"@id\":\"https:\\\/\\\/www.prevu3d.com\\\/fr\\\/sous-processeurs-de-donnees\\\/#mainImage\",\"width\":750,\"height\":580,\"caption\":\"Le logo officiel de Prevu3D est compos\\u00e9 d'un symbole 3D g\\u00e9om\\u00e9trique audacieux et d'une typographie \\u00e9pur\\u00e9e.\"},\"primaryImageOfPage\":{\"@id\":\"https:\\\/\\\/www.prevu3d.com\\\/fr\\\/sous-processeurs-de-donnees\\\/#mainImage\"},\"datePublished\":\"2023-06-09T16:06:39-04:00\",\"dateModified\":\"2026-01-20T16:04:40-05:00\"},{\"@type\":\"WebSite\",\"@id\":\"https:\\\/\\\/www.prevu3d.com\\\/fr\\\/#website\",\"url\":\"https:\\\/\\\/www.prevu3d.com\\\/fr\\\/\",\"name\":\"Prevu3D\",\"description\":\"Meet your digital twin\",\"inLanguage\":\"fr-FR\",\"publisher\":{\"@id\":\"https:\\\/\\\/www.prevu3d.com\\\/fr\\\/#organization\"}}]}\n\t\t<\/script>\n\t\t<!-- All in One SEO Pro -->\r\n\t\t<title>Sous-traitants de donn\u00e9es | Prevu3D<\/title>\n\n","aioseo_head_json":{"title":"Sous-traitants de donn\u00e9es | Prevu3D","description":"D\u00e9couvrez comment Prevu3D travaille avec des sous-traitants de confiance pour traiter les donn\u00e9es en toute s\u00e9curit\u00e9, garantir la conformit\u00e9 et fournir un service fiable.","canonical_url":"https:\/\/www.prevu3d.com\/fr\/sous-processeurs-de-donnees\/","robots":"max-image-preview:large","keywords":"","webmasterTools":{"google-site-verification":"1aaBOTbZDn3PC1QZfiAz4ZTsGnMlm2ayWpksfw3hWIA","miscellaneous":""},"schema":{"@context":"https:\/\/schema.org","@graph":[{"@type":"BreadcrumbList","@id":"https:\/\/www.prevu3d.com\/fr\/sous-processeurs-de-donnees\/#breadcrumblist","itemListElement":[{"@type":"ListItem","@id":"https:\/\/www.prevu3d.com\/fr\/#listItem","position":1,"name":"Home","item":"https:\/\/www.prevu3d.com\/fr\/","nextItem":{"@type":"ListItem","@id":"https:\/\/www.prevu3d.com\/fr\/sous-processeurs-de-donnees\/#listItem","name":"Sous-traitants de donn\u00e9es"}},{"@type":"ListItem","@id":"https:\/\/www.prevu3d.com\/fr\/sous-processeurs-de-donnees\/#listItem","position":2,"name":"Sous-traitants de donn\u00e9es","previousItem":{"@type":"ListItem","@id":"https:\/\/www.prevu3d.com\/fr\/#listItem","name":"Home"}}]},{"@type":"Organization","@id":"https:\/\/www.prevu3d.com\/fr\/#organization","name":"Prevu3D","description":"Enterprise 3D Digital Twin Software Solutions","url":"https:\/\/www.prevu3d.com\/fr\/","logo":{"@type":"ImageObject","url":"https:\/\/www.prevu3d.com\/wp-content\/uploads\/2026\/02\/prevu3d_logo.png","@id":"https:\/\/www.prevu3d.com\/fr\/sous-processeurs-de-donnees\/#organizationLogo","width":1200,"height":630},"image":{"@id":"https:\/\/www.prevu3d.com\/fr\/sous-processeurs-de-donnees\/#organizationLogo"},"sameAs":["https:\/\/www.linkedin.com\/company\/prevu3d"]},{"@type":"WebPage","@id":"https:\/\/www.prevu3d.com\/fr\/sous-processeurs-de-donnees\/#webpage","url":"https:\/\/www.prevu3d.com\/fr\/sous-processeurs-de-donnees\/","name":"Sous-traitants de donn\u00e9es | Prevu3D","description":"D\u00e9couvrez comment Prevu3D travaille avec des sous-traitants de confiance pour traiter les donn\u00e9es en toute s\u00e9curit\u00e9, garantir la conformit\u00e9 et fournir un service fiable.","inLanguage":"fr-FR","isPartOf":{"@id":"https:\/\/www.prevu3d.com\/fr\/#website"},"breadcrumb":{"@id":"https:\/\/www.prevu3d.com\/fr\/sous-processeurs-de-donnees\/#breadcrumblist"},"image":{"@type":"ImageObject","url":"https:\/\/www.prevu3d.com\/wp-content\/uploads\/2025\/04\/Prevu3D.png","@id":"https:\/\/www.prevu3d.com\/fr\/sous-processeurs-de-donnees\/#mainImage","width":750,"height":580,"caption":"Le logo officiel de Prevu3D est compos\u00e9 d'un symbole 3D g\u00e9om\u00e9trique audacieux et d'une typographie \u00e9pur\u00e9e."},"primaryImageOfPage":{"@id":"https:\/\/www.prevu3d.com\/fr\/sous-processeurs-de-donnees\/#mainImage"},"datePublished":"2023-06-09T16:06:39-04:00","dateModified":"2026-01-20T16:04:40-05:00"},{"@type":"WebSite","@id":"https:\/\/www.prevu3d.com\/fr\/#website","url":"https:\/\/www.prevu3d.com\/fr\/","name":"Prevu3D","description":"Meet your digital twin","inLanguage":"fr-FR","publisher":{"@id":"https:\/\/www.prevu3d.com\/fr\/#organization"}}]},"og:locale":"fr_FR","og:site_name":"Prevu3D | Meet your digital twin","og:type":"article","og:title":"Sous-traitants de donn\u00e9es | Prevu3D","og:description":"D\u00e9couvrez comment Prevu3D travaille avec des sous-traitants de confiance pour traiter les donn\u00e9es en toute s\u00e9curit\u00e9, garantir la conformit\u00e9 et fournir un service fiable.","og:url":"https:\/\/www.prevu3d.com\/fr\/sous-processeurs-de-donnees\/","og:image":"https:\/\/www.prevu3d.com\/wp-content\/uploads\/2025\/04\/Prevu3D.png","og:image:secure_url":"https:\/\/www.prevu3d.com\/wp-content\/uploads\/2025\/04\/Prevu3D.png","og:image:width":750,"og:image:height":580,"article:published_time":"2023-06-09T20:06:39+00:00","article:modified_time":"2026-01-20T21:04:40+00:00","twitter:card":"summary_large_image","twitter:title":"Sous-traitants de donn\u00e9es | Prevu3D","twitter:description":"D\u00e9couvrez comment Prevu3D travaille avec des sous-traitants de confiance pour traiter les donn\u00e9es en toute s\u00e9curit\u00e9, garantir la conformit\u00e9 et fournir un service fiable.","twitter:image":"https:\/\/www.prevu3d.com\/wp-content\/uploads\/2025\/04\/Prevu3D.png"},"aioseo_meta_data":{"post_id":"2667","title":null,"description":"#post_excerpt","keywords":null,"keyphrases":{"focus":{"keyphrase":"sous-traitants donn\u00e9es","score":0,"analysis":[]}},"primary_term":null,"canonical_url":null,"og_title":null,"og_description":null,"og_object_type":"default","og_image_type":"default","og_image_url":null,"og_image_width":null,"og_image_height":null,"og_image_custom_url":null,"og_image_custom_fields":null,"og_video":"","og_custom_url":null,"og_article_section":null,"og_article_tags":null,"twitter_use_og":false,"twitter_card":"default","twitter_image_type":"default","twitter_image_url":null,"twitter_image_custom_url":null,"twitter_image_custom_fields":null,"twitter_title":null,"twitter_description":null,"schema":{"blockGraphs":[],"customGraphs":[],"default":{"data":{"Article":[],"Course":[],"Dataset":[],"FAQPage":[],"Movie":[],"Person":[],"Product":[],"ProductReview":[],"Car":[],"Recipe":[],"Service":[],"SoftwareApplication":[],"WebPage":[]},"graphName":"WebPage","isEnabled":true},"graphs":[]},"schema_type":"default","schema_type_options":null,"pillar_content":false,"robots_default":true,"robots_noindex":false,"robots_noarchive":false,"robots_nosnippet":false,"robots_nofollow":false,"robots_noimageindex":false,"robots_noodp":false,"robots_notranslate":false,"robots_max_snippet":"-1","robots_max_videopreview":"-1","robots_max_imagepreview":"large","priority":null,"frequency":"default","local_seo":null,"seo_analyzer_scan_date":"2026-01-20 21:20:30","breadcrumb_settings":null,"limit_modified_date":false,"reviewed_by":null,"open_ai":null,"ai":{"faqs":[],"keyPoints":[],"titles":[],"descriptions":[],"socialPosts":{"email":[],"linkedin":[],"twitter":[],"facebook":[],"instagram":[]}},"created":"2025-05-01 17:30:09","updated":"2026-01-20 21:20:30"},"aioseo_breadcrumb":"<div class=\"aioseo-breadcrumbs\"><span class=\"aioseo-breadcrumb\">\n\t<a href=\"https:\/\/www.prevu3d.com\/fr\/\" title=\"Home\">Home<\/a>\n<\/span><span class=\"aioseo-breadcrumb-separator\">|<\/span><span class=\"aioseo-breadcrumb\">\n\tSous-traitants de donn\u00e9es\n<\/span><\/div>","aioseo_breadcrumb_json":[{"label":"Home","link":"https:\/\/www.prevu3d.com\/fr\/"},{"label":"Sous-traitants de donn\u00e9es","link":"https:\/\/www.prevu3d.com\/fr\/sous-processeurs-de-donnees\/"}],"_links":{"self":[{"href":"https:\/\/www.prevu3d.com\/fr\/wp-json\/wp\/v2\/pages\/2667","targetHints":{"allow":["GET"]}}],"collection":[{"href":"https:\/\/www.prevu3d.com\/fr\/wp-json\/wp\/v2\/pages"}],"about":[{"href":"https:\/\/www.prevu3d.com\/fr\/wp-json\/wp\/v2\/types\/page"}],"author":[{"embeddable":true,"href":"https:\/\/www.prevu3d.com\/fr\/wp-json\/wp\/v2\/users\/24"}],"replies":[{"embeddable":true,"href":"https:\/\/www.prevu3d.com\/fr\/wp-json\/wp\/v2\/comments?post=2667"}],"version-history":[{"count":0,"href":"https:\/\/www.prevu3d.com\/fr\/wp-json\/wp\/v2\/pages\/2667\/revisions"}],"wp:featuredmedia":[{"embeddable":true,"href":"https:\/\/www.prevu3d.com\/fr\/wp-json\/wp\/v2\/media\/11450"}],"wp:attachment":[{"href":"https:\/\/www.prevu3d.com\/fr\/wp-json\/wp\/v2\/media?parent=2667"}],"curies":[{"name":"wp","href":"https:\/\/api.w.org\/{rel}","templated":true}]}}