{"id":2663,"date":"2023-05-15T15:44:56","date_gmt":"2023-05-15T19:44:56","guid":{"rendered":"https:\/\/wpengine-dev.prevu3d-int.com\/etudes-de-cas\/"},"modified":"2026-03-16T13:48:27","modified_gmt":"2026-03-16T17:48:27","slug":"etudes-de-cas-sur-les-jumeaux-numeriques","status":"publish","type":"page","link":"https:\/\/www.prevu3d.com\/fr\/etudes-de-cas-sur-les-jumeaux-numeriques\/","title":{"rendered":"\u00c9tudes de cas sur les jumeaux num\u00e9riques"},"content":{"rendered":"","protected":false},"excerpt":{"rendered":"<p>Explorez les \u00e9tudes de cas Prevu3D qui montrent comment des entreprises de premier plan utilisent les jumeaux num\u00e9riques pour am\u00e9liorer la collaboration, l&rsquo;efficacit\u00e9 et la prise de d\u00e9cision.<\/p>\n","protected":false},"author":24,"featured_media":12630,"parent":0,"menu_order":0,"comment_status":"closed","ping_status":"closed","template":"","meta":{"_acf_changed":false,"content-type":"","inline_featured_image":false,"footnotes":""},"class_list":["post-2663","page","type-page","status-publish","has-post-thumbnail","hentry"],"acf":[],"aioseo_notices":[],"aioseo_head":"\n\t\t<!-- All in One SEO Pro 4.9.5.2 - aioseo.com -->\n\t<meta name=\"description\" content=\"Explorez les \u00e9tudes de cas Prevu3D qui montrent comment des entreprises de premier plan utilisent les jumeaux num\u00e9riques pour am\u00e9liorer la collaboration, l&#039;efficacit\u00e9 et la prise de d\u00e9cision.\" \/>\n\t<meta name=\"robots\" content=\"max-image-preview:large\" \/>\n\t<meta name=\"google-site-verification\" content=\"1aaBOTbZDn3PC1QZfiAz4ZTsGnMlm2ayWpksfw3hWIA\" \/>\n\t<link rel=\"canonical\" href=\"https:\/\/www.prevu3d.com\/fr\/etudes-de-cas-sur-les-jumeaux-numeriques\/\" \/>\n\t<meta name=\"generator\" content=\"All in One SEO Pro (AIOSEO) 4.9.5.2\" \/>\n\t\t<meta property=\"og:locale\" content=\"fr_FR\" \/>\n\t\t<meta property=\"og:site_name\" content=\"Prevu3D | Meet your digital twin\" \/>\n\t\t<meta property=\"og:type\" content=\"article\" \/>\n\t\t<meta property=\"og:title\" content=\"\u00c9tudes de cas sur les jumeaux num\u00e9riques | Prevu3D\" \/>\n\t\t<meta property=\"og:description\" content=\"Explorez les \u00e9tudes de cas Prevu3D qui montrent comment des entreprises de premier plan utilisent les jumeaux num\u00e9riques pour am\u00e9liorer la collaboration, l&#039;efficacit\u00e9 et la prise de d\u00e9cision.\" \/>\n\t\t<meta property=\"og:url\" content=\"https:\/\/www.prevu3d.com\/fr\/etudes-de-cas-sur-les-jumeaux-numeriques\/\" \/>\n\t\t<meta property=\"og:image\" content=\"https:\/\/www.prevu3d.com\/wp-content\/uploads\/2025\/06\/Case-study-tile.jpg\" \/>\n\t\t<meta property=\"og:image:secure_url\" content=\"https:\/\/www.prevu3d.com\/wp-content\/uploads\/2025\/06\/Case-study-tile.jpg\" \/>\n\t\t<meta property=\"og:image:width\" content=\"950\" \/>\n\t\t<meta property=\"og:image:height\" content=\"950\" \/>\n\t\t<meta property=\"article:published_time\" content=\"2023-05-15T19:44:56+00:00\" \/>\n\t\t<meta property=\"article:modified_time\" content=\"2026-03-16T17:48:27+00:00\" \/>\n\t\t<meta name=\"twitter:card\" content=\"summary_large_image\" \/>\n\t\t<meta name=\"twitter:title\" content=\"\u00c9tudes de cas sur les jumeaux num\u00e9riques | Prevu3D\" \/>\n\t\t<meta name=\"twitter:description\" content=\"Explorez les \u00e9tudes de cas Prevu3D qui montrent comment des entreprises de premier plan utilisent les jumeaux num\u00e9riques pour am\u00e9liorer la collaboration, l&#039;efficacit\u00e9 et la prise de d\u00e9cision.\" \/>\n\t\t<meta name=\"twitter:image\" content=\"https:\/\/www.prevu3d.com\/wp-content\/uploads\/2025\/06\/Case-study-tile.jpg\" \/>\n\t\t<script type=\"application\/ld+json\" class=\"aioseo-schema\">\n\t\t\t{\"@context\":\"https:\\\/\\\/schema.org\",\"@graph\":[{\"@type\":\"BreadcrumbList\",\"@id\":\"https:\\\/\\\/www.prevu3d.com\\\/fr\\\/etudes-de-cas-sur-les-jumeaux-numeriques\\\/#breadcrumblist\",\"itemListElement\":[{\"@type\":\"ListItem\",\"@id\":\"https:\\\/\\\/www.prevu3d.com\\\/fr\\\/#listItem\",\"position\":1,\"name\":\"Home\",\"item\":\"https:\\\/\\\/www.prevu3d.com\\\/fr\\\/\",\"nextItem\":{\"@type\":\"ListItem\",\"@id\":\"https:\\\/\\\/www.prevu3d.com\\\/fr\\\/etudes-de-cas-sur-les-jumeaux-numeriques\\\/#listItem\",\"name\":\"\\u00c9tudes de cas sur les jumeaux num\\u00e9riques\"}},{\"@type\":\"ListItem\",\"@id\":\"https:\\\/\\\/www.prevu3d.com\\\/fr\\\/etudes-de-cas-sur-les-jumeaux-numeriques\\\/#listItem\",\"position\":2,\"name\":\"\\u00c9tudes de cas sur les jumeaux num\\u00e9riques\",\"previousItem\":{\"@type\":\"ListItem\",\"@id\":\"https:\\\/\\\/www.prevu3d.com\\\/fr\\\/#listItem\",\"name\":\"Home\"}}]},{\"@type\":\"Organization\",\"@id\":\"https:\\\/\\\/www.prevu3d.com\\\/fr\\\/#organization\",\"name\":\"Prevu3D\",\"description\":\"Enterprise 3D Digital Twin Software Solutions\",\"url\":\"https:\\\/\\\/www.prevu3d.com\\\/fr\\\/\",\"logo\":{\"@type\":\"ImageObject\",\"url\":\"https:\\\/\\\/www.prevu3d.com\\\/wp-content\\\/uploads\\\/2026\\\/02\\\/prevu3d_logo.png\",\"@id\":\"https:\\\/\\\/www.prevu3d.com\\\/fr\\\/etudes-de-cas-sur-les-jumeaux-numeriques\\\/#organizationLogo\",\"width\":1200,\"height\":630},\"image\":{\"@id\":\"https:\\\/\\\/www.prevu3d.com\\\/fr\\\/etudes-de-cas-sur-les-jumeaux-numeriques\\\/#organizationLogo\"},\"sameAs\":[\"https:\\\/\\\/www.linkedin.com\\\/company\\\/prevu3d\"]},{\"@type\":\"WebPage\",\"@id\":\"https:\\\/\\\/www.prevu3d.com\\\/fr\\\/etudes-de-cas-sur-les-jumeaux-numeriques\\\/#webpage\",\"url\":\"https:\\\/\\\/www.prevu3d.com\\\/fr\\\/etudes-de-cas-sur-les-jumeaux-numeriques\\\/\",\"name\":\"\\u00c9tudes de cas sur les jumeaux num\\u00e9riques | Prevu3D\",\"description\":\"Explorez les \\u00e9tudes de cas Prevu3D qui montrent comment des entreprises de premier plan utilisent les jumeaux num\\u00e9riques pour am\\u00e9liorer la collaboration, l'efficacit\\u00e9 et la prise de d\\u00e9cision.\",\"inLanguage\":\"fr-FR\",\"isPartOf\":{\"@id\":\"https:\\\/\\\/www.prevu3d.com\\\/fr\\\/#website\"},\"breadcrumb\":{\"@id\":\"https:\\\/\\\/www.prevu3d.com\\\/fr\\\/etudes-de-cas-sur-les-jumeaux-numeriques\\\/#breadcrumblist\"},\"image\":{\"@type\":\"ImageObject\",\"url\":\"https:\\\/\\\/www.prevu3d.com\\\/wp-content\\\/uploads\\\/2025\\\/06\\\/Case-study-tile.jpg\",\"@id\":\"https:\\\/\\\/www.prevu3d.com\\\/fr\\\/etudes-de-cas-sur-les-jumeaux-numeriques\\\/#mainImage\",\"width\":950,\"height\":950,\"caption\":\"Young professional woman using a tablet during a meeting in a bright office setting.\"},\"primaryImageOfPage\":{\"@id\":\"https:\\\/\\\/www.prevu3d.com\\\/fr\\\/etudes-de-cas-sur-les-jumeaux-numeriques\\\/#mainImage\"},\"datePublished\":\"2023-05-15T15:44:56-04:00\",\"dateModified\":\"2026-03-16T13:48:27-04:00\"},{\"@type\":\"WebSite\",\"@id\":\"https:\\\/\\\/www.prevu3d.com\\\/fr\\\/#website\",\"url\":\"https:\\\/\\\/www.prevu3d.com\\\/fr\\\/\",\"name\":\"Prevu3D\",\"description\":\"Meet your digital twin\",\"inLanguage\":\"fr-FR\",\"publisher\":{\"@id\":\"https:\\\/\\\/www.prevu3d.com\\\/fr\\\/#organization\"}}]}\n\t\t<\/script>\n\t\t<!-- All in One SEO Pro -->\r\n\t\t<title>\u00c9tudes de cas sur les jumeaux num\u00e9riques | Prevu3D<\/title>\n\n","aioseo_head_json":{"title":"\u00c9tudes de cas sur les jumeaux num\u00e9riques | Prevu3D","description":"Explorez les \u00e9tudes de cas Prevu3D qui montrent comment des entreprises de premier plan utilisent les jumeaux num\u00e9riques pour am\u00e9liorer la collaboration, l'efficacit\u00e9 et la prise de d\u00e9cision.","canonical_url":"https:\/\/www.prevu3d.com\/fr\/etudes-de-cas-sur-les-jumeaux-numeriques\/","robots":"max-image-preview:large","keywords":"","webmasterTools":{"google-site-verification":"1aaBOTbZDn3PC1QZfiAz4ZTsGnMlm2ayWpksfw3hWIA","miscellaneous":""},"schema":{"@context":"https:\/\/schema.org","@graph":[{"@type":"BreadcrumbList","@id":"https:\/\/www.prevu3d.com\/fr\/etudes-de-cas-sur-les-jumeaux-numeriques\/#breadcrumblist","itemListElement":[{"@type":"ListItem","@id":"https:\/\/www.prevu3d.com\/fr\/#listItem","position":1,"name":"Home","item":"https:\/\/www.prevu3d.com\/fr\/","nextItem":{"@type":"ListItem","@id":"https:\/\/www.prevu3d.com\/fr\/etudes-de-cas-sur-les-jumeaux-numeriques\/#listItem","name":"\u00c9tudes de cas sur les jumeaux num\u00e9riques"}},{"@type":"ListItem","@id":"https:\/\/www.prevu3d.com\/fr\/etudes-de-cas-sur-les-jumeaux-numeriques\/#listItem","position":2,"name":"\u00c9tudes de cas sur les jumeaux num\u00e9riques","previousItem":{"@type":"ListItem","@id":"https:\/\/www.prevu3d.com\/fr\/#listItem","name":"Home"}}]},{"@type":"Organization","@id":"https:\/\/www.prevu3d.com\/fr\/#organization","name":"Prevu3D","description":"Enterprise 3D Digital Twin Software Solutions","url":"https:\/\/www.prevu3d.com\/fr\/","logo":{"@type":"ImageObject","url":"https:\/\/www.prevu3d.com\/wp-content\/uploads\/2026\/02\/prevu3d_logo.png","@id":"https:\/\/www.prevu3d.com\/fr\/etudes-de-cas-sur-les-jumeaux-numeriques\/#organizationLogo","width":1200,"height":630},"image":{"@id":"https:\/\/www.prevu3d.com\/fr\/etudes-de-cas-sur-les-jumeaux-numeriques\/#organizationLogo"},"sameAs":["https:\/\/www.linkedin.com\/company\/prevu3d"]},{"@type":"WebPage","@id":"https:\/\/www.prevu3d.com\/fr\/etudes-de-cas-sur-les-jumeaux-numeriques\/#webpage","url":"https:\/\/www.prevu3d.com\/fr\/etudes-de-cas-sur-les-jumeaux-numeriques\/","name":"\u00c9tudes de cas sur les jumeaux num\u00e9riques | Prevu3D","description":"Explorez les \u00e9tudes de cas Prevu3D qui montrent comment des entreprises de premier plan utilisent les jumeaux num\u00e9riques pour am\u00e9liorer la collaboration, l'efficacit\u00e9 et la prise de d\u00e9cision.","inLanguage":"fr-FR","isPartOf":{"@id":"https:\/\/www.prevu3d.com\/fr\/#website"},"breadcrumb":{"@id":"https:\/\/www.prevu3d.com\/fr\/etudes-de-cas-sur-les-jumeaux-numeriques\/#breadcrumblist"},"image":{"@type":"ImageObject","url":"https:\/\/www.prevu3d.com\/wp-content\/uploads\/2025\/06\/Case-study-tile.jpg","@id":"https:\/\/www.prevu3d.com\/fr\/etudes-de-cas-sur-les-jumeaux-numeriques\/#mainImage","width":950,"height":950,"caption":"Young professional woman using a tablet during a meeting in a bright office setting."},"primaryImageOfPage":{"@id":"https:\/\/www.prevu3d.com\/fr\/etudes-de-cas-sur-les-jumeaux-numeriques\/#mainImage"},"datePublished":"2023-05-15T15:44:56-04:00","dateModified":"2026-03-16T13:48:27-04:00"},{"@type":"WebSite","@id":"https:\/\/www.prevu3d.com\/fr\/#website","url":"https:\/\/www.prevu3d.com\/fr\/","name":"Prevu3D","description":"Meet your digital twin","inLanguage":"fr-FR","publisher":{"@id":"https:\/\/www.prevu3d.com\/fr\/#organization"}}]},"og:locale":"fr_FR","og:site_name":"Prevu3D | Meet your digital twin","og:type":"article","og:title":"\u00c9tudes de cas sur les jumeaux num\u00e9riques | Prevu3D","og:description":"Explorez les \u00e9tudes de cas Prevu3D qui montrent comment des entreprises de premier plan utilisent les jumeaux num\u00e9riques pour am\u00e9liorer la collaboration, l'efficacit\u00e9 et la prise de d\u00e9cision.","og:url":"https:\/\/www.prevu3d.com\/fr\/etudes-de-cas-sur-les-jumeaux-numeriques\/","og:image":"https:\/\/www.prevu3d.com\/wp-content\/uploads\/2025\/06\/Case-study-tile.jpg","og:image:secure_url":"https:\/\/www.prevu3d.com\/wp-content\/uploads\/2025\/06\/Case-study-tile.jpg","og:image:width":950,"og:image:height":950,"article:published_time":"2023-05-15T19:44:56+00:00","article:modified_time":"2026-03-16T17:48:27+00:00","twitter:card":"summary_large_image","twitter:title":"\u00c9tudes de cas sur les jumeaux num\u00e9riques | Prevu3D","twitter:description":"Explorez les \u00e9tudes de cas Prevu3D qui montrent comment des entreprises de premier plan utilisent les jumeaux num\u00e9riques pour am\u00e9liorer la collaboration, l'efficacit\u00e9 et la prise de d\u00e9cision.","twitter:image":"https:\/\/www.prevu3d.com\/wp-content\/uploads\/2025\/06\/Case-study-tile.jpg"},"aioseo_meta_data":{"post_id":"2663","title":null,"description":null,"keywords":null,"keyphrases":{"focus":{"keyphrase":"case studies","score":60,"analysis":{"keyphraseInTitle":{"score":9,"maxScore":9,"error":0},"keyphraseInDescription":{"score":9,"maxScore":9,"error":0},"keyphraseLength":{"score":9,"maxScore":9,"error":0,"length":2},"keyphraseInURL":{"score":5,"maxScore":5,"error":0},"keyphraseInIntroduction":{"score":3,"maxScore":9,"error":1},"keyphraseInSubHeadings":{"score":3,"maxScore":9,"error":1},"keyphraseInImageAlt":{"score":3,"maxScore":9,"error":1},"keywordDensity":{"score":0,"type":"low","maxScore":9,"error":1}}},"additional":[{"keyphrase":"prevu3d case studies","score":53,"analysis":{"keyphraseInDescription":{"score":9,"maxScore":9,"error":0},"keyphraseLength":{"score":9,"maxScore":9,"error":0,"length":3},"keyphraseInIntroduction":{"score":3,"maxScore":9,"error":1},"keyphraseInImageAlt":{"score":3,"maxScore":9,"error":1},"keywordDensity":{"score":0,"type":"low","maxScore":9,"error":1}}},{"keyphrase":"digital twin success stories","score":40,"analysis":{"keyphraseInDescription":{"score":3,"maxScore":9,"error":1},"keyphraseLength":{"score":9,"maxScore":9,"error":0,"length":4},"keyphraseInIntroduction":{"score":3,"maxScore":9,"error":1},"keyphraseInImageAlt":{"score":3,"maxScore":9,"error":1},"keywordDensity":{"score":0,"type":"low","maxScore":9,"error":1}}},{"keyphrase":"prevu3d customer results","score":40,"analysis":{"keyphraseInDescription":{"score":3,"maxScore":9,"error":1},"keyphraseLength":{"score":9,"maxScore":9,"error":0,"length":3},"keyphraseInIntroduction":{"score":3,"maxScore":9,"error":1},"keyphraseInImageAlt":{"score":3,"maxScore":9,"error":1},"keywordDensity":{"score":0,"type":"low","maxScore":9,"error":1}}}]},"primary_term":null,"canonical_url":null,"og_title":null,"og_description":null,"og_object_type":"default","og_image_type":"default","og_image_url":null,"og_image_width":null,"og_image_height":null,"og_image_custom_url":null,"og_image_custom_fields":null,"og_video":"","og_custom_url":null,"og_article_section":null,"og_article_tags":null,"twitter_use_og":false,"twitter_card":"default","twitter_image_type":"default","twitter_image_url":null,"twitter_image_custom_url":null,"twitter_image_custom_fields":null,"twitter_title":null,"twitter_description":null,"schema":{"blockGraphs":[],"customGraphs":[],"default":{"data":{"Article":[],"Course":[],"Dataset":[],"FAQPage":[],"Movie":[],"Person":[],"Product":[],"ProductReview":[],"Car":[],"Recipe":[],"Service":[],"SoftwareApplication":[],"WebPage":[]},"graphName":"WebPage","isEnabled":true},"graphs":[]},"schema_type":"default","schema_type_options":null,"pillar_content":false,"robots_default":true,"robots_noindex":false,"robots_noarchive":false,"robots_nosnippet":false,"robots_nofollow":false,"robots_noimageindex":false,"robots_noodp":false,"robots_notranslate":false,"robots_max_snippet":"-1","robots_max_videopreview":"-1","robots_max_imagepreview":"large","priority":null,"frequency":"default","local_seo":null,"seo_analyzer_scan_date":"2026-03-16 18:04:30","breadcrumb_settings":null,"limit_modified_date":false,"reviewed_by":null,"open_ai":null,"ai":{"faqs":[],"keyPoints":[],"titles":[],"descriptions":[],"socialPosts":{"email":[],"linkedin":[],"twitter":[],"facebook":[],"instagram":[]}},"created":"2025-05-01 17:26:07","updated":"2026-03-16 18:04:30"},"aioseo_breadcrumb":"<div class=\"aioseo-breadcrumbs\"><span class=\"aioseo-breadcrumb\">\n\t<a href=\"https:\/\/www.prevu3d.com\/fr\/\" title=\"Home\">Home<\/a>\n<\/span><span class=\"aioseo-breadcrumb-separator\">|<\/span><span class=\"aioseo-breadcrumb\">\n\t\u00c9tudes de cas sur les jumeaux num\u00e9riques\n<\/span><\/div>","aioseo_breadcrumb_json":[{"label":"Home","link":"https:\/\/www.prevu3d.com\/fr\/"},{"label":"\u00c9tudes de cas sur les jumeaux num\u00e9riques","link":"https:\/\/www.prevu3d.com\/fr\/etudes-de-cas-sur-les-jumeaux-numeriques\/"}],"_links":{"self":[{"href":"https:\/\/www.prevu3d.com\/fr\/wp-json\/wp\/v2\/pages\/2663","targetHints":{"allow":["GET"]}}],"collection":[{"href":"https:\/\/www.prevu3d.com\/fr\/wp-json\/wp\/v2\/pages"}],"about":[{"href":"https:\/\/www.prevu3d.com\/fr\/wp-json\/wp\/v2\/types\/page"}],"author":[{"embeddable":true,"href":"https:\/\/www.prevu3d.com\/fr\/wp-json\/wp\/v2\/users\/24"}],"replies":[{"embeddable":true,"href":"https:\/\/www.prevu3d.com\/fr\/wp-json\/wp\/v2\/comments?post=2663"}],"version-history":[{"count":2,"href":"https:\/\/www.prevu3d.com\/fr\/wp-json\/wp\/v2\/pages\/2663\/revisions"}],"predecessor-version":[{"id":28866,"href":"https:\/\/www.prevu3d.com\/fr\/wp-json\/wp\/v2\/pages\/2663\/revisions\/28866"}],"wp:featuredmedia":[{"embeddable":true,"href":"https:\/\/www.prevu3d.com\/fr\/wp-json\/wp\/v2\/media\/12630"}],"wp:attachment":[{"href":"https:\/\/www.prevu3d.com\/fr\/wp-json\/wp\/v2\/media?parent=2663"}],"curies":[{"name":"wp","href":"https:\/\/api.w.org\/{rel}","templated":true}]}}