{"id":25700,"date":"2025-10-23T09:48:08","date_gmt":"2025-10-23T13:48:08","guid":{"rendered":"https:\/\/www.prevu3d.com\/?page_id=25700"},"modified":"2026-04-07T14:02:53","modified_gmt":"2026-04-07T18:02:53","slug":"pricing","status":"publish","type":"page","link":"https:\/\/www.prevu3d.com\/fr\/pricing\/","title":{"rendered":"Prix de Prevu3D : Plans et forfaits"},"content":{"rendered":"","protected":false},"excerpt":{"rendered":"<p>D\u00e9couvrez les tarifs de Prevu3D pour les fournisseurs de services de num\u00e9risation, les \u00e9quipes d&rsquo;ing\u00e9nieurs et les entreprises. Comparez les forfaits d&rsquo;h\u00e9bergement, de traitement et RealityTwin. <\/p>\n","protected":false},"author":20,"featured_media":25892,"parent":0,"menu_order":0,"comment_status":"closed","ping_status":"closed","template":"","meta":{"_acf_changed":false,"content-type":"","inline_featured_image":false,"footnotes":""},"class_list":["post-25700","page","type-page","status-publish","has-post-thumbnail","hentry"],"acf":[],"aioseo_notices":[],"aioseo_head":"\n\t\t<!-- All in One SEO Pro 4.9.6.2 - aioseo.com -->\n\t<meta name=\"description\" content=\"D\u00e9couvrez les tarifs de Prevu3D pour les fournisseurs de services de num\u00e9risation, les \u00e9quipes d&#039;ing\u00e9nieurs et les entreprises. Comparez les forfaits d&#039;h\u00e9bergement, de traitement et RealityTwin.\" \/>\n\t<meta name=\"robots\" content=\"max-image-preview:large\" \/>\n\t<meta name=\"google-site-verification\" content=\"1aaBOTbZDn3PC1QZfiAz4ZTsGnMlm2ayWpksfw3hWIA\" \/>\n\t<link rel=\"canonical\" href=\"https:\/\/www.prevu3d.com\/fr\/pricing\/\" \/>\n\t<meta name=\"generator\" content=\"All in One SEO Pro (AIOSEO) 4.9.6.2\" \/>\n\t\t<meta property=\"og:locale\" content=\"fr_FR\" \/>\n\t\t<meta property=\"og:site_name\" content=\"Prevu3D | Meet your digital twin\" \/>\n\t\t<meta property=\"og:type\" content=\"article\" \/>\n\t\t<meta property=\"og:title\" content=\"Prix de Prevu3D : Plans et forfaits | Prevu3D\" \/>\n\t\t<meta property=\"og:description\" content=\"D\u00e9couvrez les tarifs de Prevu3D pour les fournisseurs de services de num\u00e9risation, les \u00e9quipes d&#039;ing\u00e9nieurs et les entreprises. Comparez les forfaits d&#039;h\u00e9bergement, de traitement et RealityTwin.\" \/>\n\t\t<meta property=\"og:url\" content=\"https:\/\/www.prevu3d.com\/fr\/pricing\/\" \/>\n\t\t<meta property=\"og:image\" content=\"https:\/\/www.prevu3d.com\/wp-content\/uploads\/2025\/11\/Copy-of-Blog-News-post-tile-751x560-1.png\" \/>\n\t\t<meta property=\"og:image:secure_url\" content=\"https:\/\/www.prevu3d.com\/wp-content\/uploads\/2025\/11\/Copy-of-Blog-News-post-tile-751x560-1.png\" \/>\n\t\t<meta property=\"og:image:width\" content=\"751\" \/>\n\t\t<meta property=\"og:image:height\" content=\"560\" \/>\n\t\t<meta property=\"article:published_time\" content=\"2025-10-23T13:48:08+00:00\" \/>\n\t\t<meta property=\"article:modified_time\" content=\"2026-04-07T18:02:53+00:00\" \/>\n\t\t<meta name=\"twitter:card\" content=\"summary_large_image\" \/>\n\t\t<meta name=\"twitter:title\" content=\"Prix de Prevu3D : Plans et forfaits | Prevu3D\" \/>\n\t\t<meta name=\"twitter:description\" content=\"D\u00e9couvrez les tarifs de Prevu3D pour les fournisseurs de services de num\u00e9risation, les \u00e9quipes d&#039;ing\u00e9nieurs et les entreprises. Comparez les forfaits d&#039;h\u00e9bergement, de traitement et RealityTwin.\" \/>\n\t\t<meta name=\"twitter:image\" content=\"https:\/\/www.prevu3d.com\/wp-content\/uploads\/2025\/11\/Copy-of-Blog-News-post-tile-751x560-1.png\" \/>\n\t\t<script type=\"application\/ld+json\" class=\"aioseo-schema\">\n\t\t\t{\"@context\":\"https:\\\/\\\/schema.org\",\"@graph\":[{\"@type\":\"BreadcrumbList\",\"@id\":\"https:\\\/\\\/www.prevu3d.com\\\/fr\\\/pricing\\\/#breadcrumblist\",\"itemListElement\":[{\"@type\":\"ListItem\",\"@id\":\"https:\\\/\\\/www.prevu3d.com\\\/fr\\\/#listItem\",\"position\":1,\"name\":\"Home\",\"item\":\"https:\\\/\\\/www.prevu3d.com\\\/fr\\\/\",\"nextItem\":{\"@type\":\"ListItem\",\"@id\":\"https:\\\/\\\/www.prevu3d.com\\\/fr\\\/pricing\\\/#listItem\",\"name\":\"Prix de Prevu3D : Plans et forfaits\"}},{\"@type\":\"ListItem\",\"@id\":\"https:\\\/\\\/www.prevu3d.com\\\/fr\\\/pricing\\\/#listItem\",\"position\":2,\"name\":\"Prix de Prevu3D : Plans et forfaits\",\"previousItem\":{\"@type\":\"ListItem\",\"@id\":\"https:\\\/\\\/www.prevu3d.com\\\/fr\\\/#listItem\",\"name\":\"Home\"}}]},{\"@type\":\"Organization\",\"@id\":\"https:\\\/\\\/www.prevu3d.com\\\/fr\\\/#organization\",\"name\":\"Prevu3D\",\"description\":\"Enterprise 3D Digital Twin Software Solutions\",\"url\":\"https:\\\/\\\/www.prevu3d.com\\\/fr\\\/\",\"logo\":{\"@type\":\"ImageObject\",\"url\":\"https:\\\/\\\/www.prevu3d.com\\\/wp-content\\\/uploads\\\/2026\\\/02\\\/prevu3d_logo.png\",\"@id\":\"https:\\\/\\\/www.prevu3d.com\\\/fr\\\/pricing\\\/#organizationLogo\",\"width\":1200,\"height\":630},\"image\":{\"@id\":\"https:\\\/\\\/www.prevu3d.com\\\/fr\\\/pricing\\\/#organizationLogo\"},\"sameAs\":[\"https:\\\/\\\/www.linkedin.com\\\/company\\\/prevu3d\"]},{\"@type\":\"WebPage\",\"@id\":\"https:\\\/\\\/www.prevu3d.com\\\/fr\\\/pricing\\\/#webpage\",\"url\":\"https:\\\/\\\/www.prevu3d.com\\\/fr\\\/pricing\\\/\",\"name\":\"Prix de Prevu3D : Plans et forfaits | Prevu3D\",\"description\":\"D\\u00e9couvrez les tarifs de Prevu3D pour les fournisseurs de services de num\\u00e9risation, les \\u00e9quipes d'ing\\u00e9nieurs et les entreprises. Comparez les forfaits d'h\\u00e9bergement, de traitement et RealityTwin.\",\"inLanguage\":\"fr-FR\",\"isPartOf\":{\"@id\":\"https:\\\/\\\/www.prevu3d.com\\\/fr\\\/#website\"},\"breadcrumb\":{\"@id\":\"https:\\\/\\\/www.prevu3d.com\\\/fr\\\/pricing\\\/#breadcrumblist\"},\"image\":{\"@type\":\"ImageObject\",\"url\":\"https:\\\/\\\/www.prevu3d.com\\\/wp-content\\\/uploads\\\/2025\\\/11\\\/Copy-of-Blog-News-post-tile-751x560-1.png\",\"@id\":\"https:\\\/\\\/www.prevu3d.com\\\/fr\\\/pricing\\\/#mainImage\",\"width\":751,\"height\":560,\"caption\":\"Image miniature de la page des plans tarifaires de Prevu3D couvrant la num\\u00e9risation, l'ing\\u00e9nierie et les op\\u00e9rations.\"},\"primaryImageOfPage\":{\"@id\":\"https:\\\/\\\/www.prevu3d.com\\\/fr\\\/pricing\\\/#mainImage\"},\"datePublished\":\"2025-10-23T09:48:08-04:00\",\"dateModified\":\"2026-04-07T14:02:53-04:00\"},{\"@type\":\"WebSite\",\"@id\":\"https:\\\/\\\/www.prevu3d.com\\\/fr\\\/#website\",\"url\":\"https:\\\/\\\/www.prevu3d.com\\\/fr\\\/\",\"name\":\"Prevu3D\",\"description\":\"Meet your digital twin\",\"inLanguage\":\"fr-FR\",\"publisher\":{\"@id\":\"https:\\\/\\\/www.prevu3d.com\\\/fr\\\/#organization\"}}]}\n\t\t<\/script>\n\t\t<!-- All in One SEO Pro -->\r\n\t\t<title>Prix de Prevu3D : Plans et forfaits | Prevu3D<\/title>\n\n","aioseo_head_json":{"title":"Prix de Prevu3D : Plans et forfaits | Prevu3D","description":"D\u00e9couvrez les tarifs de Prevu3D pour les fournisseurs de services de num\u00e9risation, les \u00e9quipes d'ing\u00e9nieurs et les entreprises. Comparez les forfaits d'h\u00e9bergement, de traitement et RealityTwin.","canonical_url":"https:\/\/www.prevu3d.com\/fr\/pricing\/","robots":"max-image-preview:large","keywords":"","webmasterTools":{"google-site-verification":"1aaBOTbZDn3PC1QZfiAz4ZTsGnMlm2ayWpksfw3hWIA","miscellaneous":""},"schema":{"@context":"https:\/\/schema.org","@graph":[{"@type":"BreadcrumbList","@id":"https:\/\/www.prevu3d.com\/fr\/pricing\/#breadcrumblist","itemListElement":[{"@type":"ListItem","@id":"https:\/\/www.prevu3d.com\/fr\/#listItem","position":1,"name":"Home","item":"https:\/\/www.prevu3d.com\/fr\/","nextItem":{"@type":"ListItem","@id":"https:\/\/www.prevu3d.com\/fr\/pricing\/#listItem","name":"Prix de Prevu3D : Plans et forfaits"}},{"@type":"ListItem","@id":"https:\/\/www.prevu3d.com\/fr\/pricing\/#listItem","position":2,"name":"Prix de Prevu3D : Plans et forfaits","previousItem":{"@type":"ListItem","@id":"https:\/\/www.prevu3d.com\/fr\/#listItem","name":"Home"}}]},{"@type":"Organization","@id":"https:\/\/www.prevu3d.com\/fr\/#organization","name":"Prevu3D","description":"Enterprise 3D Digital Twin Software Solutions","url":"https:\/\/www.prevu3d.com\/fr\/","logo":{"@type":"ImageObject","url":"https:\/\/www.prevu3d.com\/wp-content\/uploads\/2026\/02\/prevu3d_logo.png","@id":"https:\/\/www.prevu3d.com\/fr\/pricing\/#organizationLogo","width":1200,"height":630},"image":{"@id":"https:\/\/www.prevu3d.com\/fr\/pricing\/#organizationLogo"},"sameAs":["https:\/\/www.linkedin.com\/company\/prevu3d"]},{"@type":"WebPage","@id":"https:\/\/www.prevu3d.com\/fr\/pricing\/#webpage","url":"https:\/\/www.prevu3d.com\/fr\/pricing\/","name":"Prix de Prevu3D : Plans et forfaits | Prevu3D","description":"D\u00e9couvrez les tarifs de Prevu3D pour les fournisseurs de services de num\u00e9risation, les \u00e9quipes d'ing\u00e9nieurs et les entreprises. Comparez les forfaits d'h\u00e9bergement, de traitement et RealityTwin.","inLanguage":"fr-FR","isPartOf":{"@id":"https:\/\/www.prevu3d.com\/fr\/#website"},"breadcrumb":{"@id":"https:\/\/www.prevu3d.com\/fr\/pricing\/#breadcrumblist"},"image":{"@type":"ImageObject","url":"https:\/\/www.prevu3d.com\/wp-content\/uploads\/2025\/11\/Copy-of-Blog-News-post-tile-751x560-1.png","@id":"https:\/\/www.prevu3d.com\/fr\/pricing\/#mainImage","width":751,"height":560,"caption":"Image miniature de la page des plans tarifaires de Prevu3D couvrant la num\u00e9risation, l'ing\u00e9nierie et les op\u00e9rations."},"primaryImageOfPage":{"@id":"https:\/\/www.prevu3d.com\/fr\/pricing\/#mainImage"},"datePublished":"2025-10-23T09:48:08-04:00","dateModified":"2026-04-07T14:02:53-04:00"},{"@type":"WebSite","@id":"https:\/\/www.prevu3d.com\/fr\/#website","url":"https:\/\/www.prevu3d.com\/fr\/","name":"Prevu3D","description":"Meet your digital twin","inLanguage":"fr-FR","publisher":{"@id":"https:\/\/www.prevu3d.com\/fr\/#organization"}}]},"og:locale":"fr_FR","og:site_name":"Prevu3D | Meet your digital twin","og:type":"article","og:title":"Prix de Prevu3D : Plans et forfaits | Prevu3D","og:description":"D\u00e9couvrez les tarifs de Prevu3D pour les fournisseurs de services de num\u00e9risation, les \u00e9quipes d'ing\u00e9nieurs et les entreprises. Comparez les forfaits d'h\u00e9bergement, de traitement et RealityTwin.","og:url":"https:\/\/www.prevu3d.com\/fr\/pricing\/","og:image":"https:\/\/www.prevu3d.com\/wp-content\/uploads\/2025\/11\/Copy-of-Blog-News-post-tile-751x560-1.png","og:image:secure_url":"https:\/\/www.prevu3d.com\/wp-content\/uploads\/2025\/11\/Copy-of-Blog-News-post-tile-751x560-1.png","og:image:width":751,"og:image:height":560,"article:published_time":"2025-10-23T13:48:08+00:00","article:modified_time":"2026-04-07T18:02:53+00:00","twitter:card":"summary_large_image","twitter:title":"Prix de Prevu3D : Plans et forfaits | Prevu3D","twitter:description":"D\u00e9couvrez les tarifs de Prevu3D pour les fournisseurs de services de num\u00e9risation, les \u00e9quipes d'ing\u00e9nieurs et les entreprises. Comparez les forfaits d'h\u00e9bergement, de traitement et RealityTwin.","twitter:image":"https:\/\/www.prevu3d.com\/wp-content\/uploads\/2025\/11\/Copy-of-Blog-News-post-tile-751x560-1.png"},"aioseo_meta_data":{"post_id":"25700","title":null,"description":null,"keywords":null,"keyphrases":{"focus":{"keyphrase":"pricing","score":100,"analysis":{"keyphraseInTitle":{"score":9,"maxScore":9,"error":0},"keyphraseInDescription":{"score":9,"maxScore":9,"error":0},"keyphraseLength":{"score":9,"maxScore":9,"error":0,"length":1},"keyphraseInURL":{"score":5,"maxScore":5,"error":0},"keyphraseInIntroduction":{"score":9,"maxScore":9,"error":0},"keyphraseInSubHeadings":{"score":9,"maxScore":9,"error":0},"keyphraseInImageAlt":[],"keywordDensity":{"type":"best","score":9,"maxScore":9,"error":0}}},"additional":[{"keyphrase":"Prevu3D Pricing","score":58,"analysis":{"keyphraseInDescription":{"score":9,"maxScore":9,"error":0},"keyphraseLength":{"score":9,"maxScore":9,"error":0,"length":2},"keyphraseInIntroduction":{"score":3,"maxScore":9,"error":1},"keyphraseInImageAlt":[],"keywordDensity":{"score":0,"type":"low","maxScore":9,"error":1}}},{"keyphrase":"3D scanning software pricing","score":42,"analysis":{"keyphraseInDescription":{"score":3,"maxScore":9,"error":1},"keyphraseLength":{"score":9,"maxScore":9,"error":0,"length":4},"keyphraseInIntroduction":{"score":3,"maxScore":9,"error":1},"keyphraseInImageAlt":[],"keywordDensity":{"score":0,"type":"low","maxScore":9,"error":1}}},{"keyphrase":"Digital twin pricing","score":42,"analysis":{"keyphraseInDescription":{"score":3,"maxScore":9,"error":1},"keyphraseLength":{"score":9,"maxScore":9,"error":0,"length":3},"keyphraseInIntroduction":{"score":3,"maxScore":9,"error":1},"keyphraseInImageAlt":[],"keywordDensity":{"score":0,"type":"low","maxScore":9,"error":1}}},{"keyphrase":"Point cloud hosting pricing","score":42,"analysis":{"keyphraseInDescription":{"score":3,"maxScore":9,"error":1},"keyphraseLength":{"score":9,"maxScore":9,"error":0,"length":4},"keyphraseInIntroduction":{"score":3,"maxScore":9,"error":1},"keyphraseInImageAlt":[],"keywordDensity":{"score":0,"type":"low","maxScore":9,"error":1}}},{"keyphrase":"Point cloud processing pricing","score":42,"analysis":{"keyphraseInDescription":{"score":3,"maxScore":9,"error":1},"keyphraseLength":{"score":9,"maxScore":9,"error":0,"length":4},"keyphraseInIntroduction":{"score":3,"maxScore":9,"error":1},"keyphraseInImageAlt":[],"keywordDensity":{"score":0,"type":"low","maxScore":9,"error":1}}},{"keyphrase":"Cloud 3D visualization pricing","score":42,"analysis":{"keyphraseInDescription":{"score":3,"maxScore":9,"error":1},"keyphraseLength":{"score":9,"maxScore":9,"error":0,"length":4},"keyphraseInIntroduction":{"score":3,"maxScore":9,"error":1},"keyphraseInImageAlt":[],"keywordDensity":{"score":0,"type":"low","maxScore":9,"error":1}}},{"keyphrase":"RealityTwin packages","score":58,"analysis":{"keyphraseInDescription":{"score":9,"maxScore":9,"error":0},"keyphraseLength":{"score":9,"maxScore":9,"error":0,"length":2},"keyphraseInIntroduction":{"score":3,"maxScore":9,"error":1},"keyphraseInImageAlt":[],"keywordDensity":{"score":0,"type":"low","maxScore":9,"error":1}}},{"keyphrase":"hosting and processing","score":42,"analysis":{"keyphraseInDescription":{"score":3,"maxScore":9,"error":1},"keyphraseLength":{"score":9,"maxScore":9,"error":0,"length":3},"keyphraseInIntroduction":{"score":3,"maxScore":9,"error":1},"keyphraseInImageAlt":[],"keywordDensity":{"score":0,"type":"low","maxScore":9,"error":1}}}]},"primary_term":null,"canonical_url":null,"og_title":null,"og_description":null,"og_object_type":"default","og_image_type":"default","og_image_url":null,"og_image_width":null,"og_image_height":null,"og_image_custom_url":null,"og_image_custom_fields":null,"og_video":"","og_custom_url":null,"og_article_section":null,"og_article_tags":null,"twitter_use_og":false,"twitter_card":"default","twitter_image_type":"default","twitter_image_url":null,"twitter_image_custom_url":null,"twitter_image_custom_fields":null,"twitter_title":null,"twitter_description":null,"schema":{"blockGraphs":[],"customGraphs":[],"default":{"data":{"Article":[],"Course":[],"Dataset":[],"FAQPage":[],"Movie":[],"Person":[],"Product":[],"ProductReview":[],"Car":[],"Recipe":[],"Service":[],"SoftwareApplication":[],"WebPage":[]},"graphName":"WebPage","isEnabled":true},"graphs":[]},"schema_type":"default","schema_type_options":null,"pillar_content":false,"robots_default":true,"robots_noindex":false,"robots_noarchive":false,"robots_nosnippet":false,"robots_nofollow":false,"robots_noimageindex":false,"robots_noodp":false,"robots_notranslate":false,"robots_max_snippet":"-1","robots_max_videopreview":"-1","robots_max_imagepreview":"large","priority":null,"frequency":"default","local_seo":null,"seo_analyzer_scan_date":"2026-04-02 12:56:53","breadcrumb_settings":null,"limit_modified_date":false,"reviewed_by":null,"open_ai":null,"ai":{"faqs":[],"keyPoints":[],"titles":[],"descriptions":[],"socialPosts":{"email":[],"linkedin":[],"twitter":[],"facebook":[],"instagram":[]}},"created":"2025-11-25 20:56:17","updated":"2026-04-07 18:24:41"},"aioseo_breadcrumb":"<div class=\"aioseo-breadcrumbs\"><span class=\"aioseo-breadcrumb\">\n\t<a href=\"https:\/\/www.prevu3d.com\/fr\/\" title=\"Home\">Home<\/a>\n<\/span><span class=\"aioseo-breadcrumb-separator\">|<\/span><span class=\"aioseo-breadcrumb\">\n\tPrix de Prevu3D : Plans et forfaits\n<\/span><\/div>","aioseo_breadcrumb_json":[{"label":"Home","link":"https:\/\/www.prevu3d.com\/fr\/"},{"label":"Prix de Prevu3D : Plans et forfaits","link":"https:\/\/www.prevu3d.com\/fr\/pricing\/"}],"_links":{"self":[{"href":"https:\/\/www.prevu3d.com\/fr\/wp-json\/wp\/v2\/pages\/25700","targetHints":{"allow":["GET"]}}],"collection":[{"href":"https:\/\/www.prevu3d.com\/fr\/wp-json\/wp\/v2\/pages"}],"about":[{"href":"https:\/\/www.prevu3d.com\/fr\/wp-json\/wp\/v2\/types\/page"}],"author":[{"embeddable":true,"href":"https:\/\/www.prevu3d.com\/fr\/wp-json\/wp\/v2\/users\/20"}],"replies":[{"embeddable":true,"href":"https:\/\/www.prevu3d.com\/fr\/wp-json\/wp\/v2\/comments?post=25700"}],"version-history":[{"count":1,"href":"https:\/\/www.prevu3d.com\/fr\/wp-json\/wp\/v2\/pages\/25700\/revisions"}],"predecessor-version":[{"id":29539,"href":"https:\/\/www.prevu3d.com\/fr\/wp-json\/wp\/v2\/pages\/25700\/revisions\/29539"}],"wp:featuredmedia":[{"embeddable":true,"href":"https:\/\/www.prevu3d.com\/fr\/wp-json\/wp\/v2\/media\/25892"}],"wp:attachment":[{"href":"https:\/\/www.prevu3d.com\/fr\/wp-json\/wp\/v2\/media?parent=25700"}],"curies":[{"name":"wp","href":"https:\/\/api.w.org\/{rel}","templated":true}]}}