{"id":2404,"date":"2023-06-08T18:56:28","date_gmt":"2023-06-08T22:56:28","guid":{"rendered":"https:\/\/wpengine-dev.prevu3d-int.com\/reserver-une-demo\/"},"modified":"2026-04-09T07:53:43","modified_gmt":"2026-04-09T11:53:43","slug":"reservez-demo","status":"publish","type":"page","link":"https:\/\/www.prevu3d.com\/fr\/reservez-demo\/","title":{"rendered":"R\u00e9server une d\u00e9mo"},"content":{"rendered":"","protected":false},"excerpt":{"rendered":"<p>R\u00e9servez une d\u00e9monstration avec Prevu3D pour voir comment les \u00e9quipes d&rsquo;ing\u00e9nieurs r\u00e9duisent le temps de conception, les visites sur site et \u00e9vitent des erreurs co\u00fbteuses gr\u00e2ce \u00e0 des environnements 3D immersifs.<\/p>\n","protected":false},"author":24,"featured_media":11450,"parent":0,"menu_order":0,"comment_status":"closed","ping_status":"closed","template":"","meta":{"_acf_changed":false,"content-type":"","inline_featured_image":false,"footnotes":""},"class_list":["post-2404","page","type-page","status-publish","has-post-thumbnail","hentry"],"acf":[],"aioseo_notices":[],"aioseo_head":"\n\t\t<!-- All in One SEO Pro 4.9.5.2 - aioseo.com -->\n\t<meta name=\"description\" content=\"R\u00e9servez une d\u00e9monstration avec Prevu3D pour voir comment les \u00e9quipes d&#039;ing\u00e9nieurs r\u00e9duisent le temps de conception, les visites sur site et \u00e9vitent des erreurs co\u00fbteuses gr\u00e2ce \u00e0 des environnements 3D immersifs.\" \/>\n\t<meta name=\"robots\" content=\"max-image-preview:large\" \/>\n\t<meta name=\"google-site-verification\" content=\"1aaBOTbZDn3PC1QZfiAz4ZTsGnMlm2ayWpksfw3hWIA\" \/>\n\t<link rel=\"canonical\" href=\"https:\/\/www.prevu3d.com\/fr\/reservez-demo\/\" \/>\n\t<meta name=\"generator\" content=\"All in One SEO Pro (AIOSEO) 4.9.5.2\" \/>\n\t\t<meta property=\"og:locale\" content=\"fr_FR\" \/>\n\t\t<meta property=\"og:site_name\" content=\"Prevu3D | Meet your digital twin\" \/>\n\t\t<meta property=\"og:type\" content=\"article\" \/>\n\t\t<meta property=\"og:title\" content=\"R\u00e9server une d\u00e9mo | Prevu3D\" \/>\n\t\t<meta property=\"og:description\" content=\"R\u00e9servez une d\u00e9monstration avec Prevu3D pour voir comment les \u00e9quipes d&#039;ing\u00e9nieurs r\u00e9duisent le temps de conception, les visites sur site et \u00e9vitent des erreurs co\u00fbteuses gr\u00e2ce \u00e0 des environnements 3D immersifs.\" \/>\n\t\t<meta property=\"og:url\" content=\"https:\/\/www.prevu3d.com\/fr\/reservez-demo\/\" \/>\n\t\t<meta property=\"og:image\" content=\"https:\/\/www.prevu3d.com\/wp-content\/uploads\/2025\/04\/Prevu3D.png\" \/>\n\t\t<meta property=\"og:image:secure_url\" content=\"https:\/\/www.prevu3d.com\/wp-content\/uploads\/2025\/04\/Prevu3D.png\" \/>\n\t\t<meta property=\"og:image:width\" content=\"750\" \/>\n\t\t<meta property=\"og:image:height\" content=\"580\" \/>\n\t\t<meta property=\"article:published_time\" content=\"2023-06-08T22:56:28+00:00\" \/>\n\t\t<meta property=\"article:modified_time\" content=\"2026-04-09T11:53:43+00:00\" \/>\n\t\t<meta name=\"twitter:card\" content=\"summary_large_image\" \/>\n\t\t<meta name=\"twitter:title\" content=\"R\u00e9server une d\u00e9mo | Prevu3D\" \/>\n\t\t<meta name=\"twitter:description\" content=\"R\u00e9servez une d\u00e9monstration avec Prevu3D pour voir comment les \u00e9quipes d&#039;ing\u00e9nieurs r\u00e9duisent le temps de conception, les visites sur site et \u00e9vitent des erreurs co\u00fbteuses gr\u00e2ce \u00e0 des environnements 3D immersifs.\" \/>\n\t\t<meta name=\"twitter:image\" content=\"https:\/\/www.prevu3d.com\/wp-content\/uploads\/2025\/04\/Prevu3D.png\" \/>\n\t\t<script type=\"application\/ld+json\" class=\"aioseo-schema\">\n\t\t\t{\"@context\":\"https:\\\/\\\/schema.org\",\"@graph\":[{\"@type\":\"BreadcrumbList\",\"@id\":\"https:\\\/\\\/www.prevu3d.com\\\/fr\\\/reservez-demo\\\/#breadcrumblist\",\"itemListElement\":[{\"@type\":\"ListItem\",\"@id\":\"https:\\\/\\\/www.prevu3d.com\\\/fr\\\/#listItem\",\"position\":1,\"name\":\"Home\",\"item\":\"https:\\\/\\\/www.prevu3d.com\\\/fr\\\/\",\"nextItem\":{\"@type\":\"ListItem\",\"@id\":\"https:\\\/\\\/www.prevu3d.com\\\/fr\\\/reservez-demo\\\/#listItem\",\"name\":\"R\\u00e9server une d\\u00e9mo\"}},{\"@type\":\"ListItem\",\"@id\":\"https:\\\/\\\/www.prevu3d.com\\\/fr\\\/reservez-demo\\\/#listItem\",\"position\":2,\"name\":\"R\\u00e9server une d\\u00e9mo\",\"previousItem\":{\"@type\":\"ListItem\",\"@id\":\"https:\\\/\\\/www.prevu3d.com\\\/fr\\\/#listItem\",\"name\":\"Home\"}}]},{\"@type\":\"Organization\",\"@id\":\"https:\\\/\\\/www.prevu3d.com\\\/fr\\\/#organization\",\"name\":\"Prevu3D\",\"description\":\"Enterprise 3D Digital Twin Software Solutions\",\"url\":\"https:\\\/\\\/www.prevu3d.com\\\/fr\\\/\",\"logo\":{\"@type\":\"ImageObject\",\"url\":\"https:\\\/\\\/www.prevu3d.com\\\/wp-content\\\/uploads\\\/2026\\\/02\\\/prevu3d_logo.png\",\"@id\":\"https:\\\/\\\/www.prevu3d.com\\\/fr\\\/reservez-demo\\\/#organizationLogo\",\"width\":1200,\"height\":630},\"image\":{\"@id\":\"https:\\\/\\\/www.prevu3d.com\\\/fr\\\/reservez-demo\\\/#organizationLogo\"},\"sameAs\":[\"https:\\\/\\\/www.linkedin.com\\\/company\\\/prevu3d\"]},{\"@type\":\"WebPage\",\"@id\":\"https:\\\/\\\/www.prevu3d.com\\\/fr\\\/reservez-demo\\\/#webpage\",\"url\":\"https:\\\/\\\/www.prevu3d.com\\\/fr\\\/reservez-demo\\\/\",\"name\":\"R\\u00e9server une d\\u00e9mo | Prevu3D\",\"description\":\"R\\u00e9servez une d\\u00e9monstration avec Prevu3D pour voir comment les \\u00e9quipes d'ing\\u00e9nieurs r\\u00e9duisent le temps de conception, les visites sur site et \\u00e9vitent des erreurs co\\u00fbteuses gr\\u00e2ce \\u00e0 des environnements 3D immersifs.\",\"inLanguage\":\"fr-FR\",\"isPartOf\":{\"@id\":\"https:\\\/\\\/www.prevu3d.com\\\/fr\\\/#website\"},\"breadcrumb\":{\"@id\":\"https:\\\/\\\/www.prevu3d.com\\\/fr\\\/reservez-demo\\\/#breadcrumblist\"},\"image\":{\"@type\":\"ImageObject\",\"url\":\"https:\\\/\\\/www.prevu3d.com\\\/wp-content\\\/uploads\\\/2025\\\/04\\\/Prevu3D.png\",\"@id\":\"https:\\\/\\\/www.prevu3d.com\\\/fr\\\/reservez-demo\\\/#mainImage\",\"width\":750,\"height\":580,\"caption\":\"Le logo officiel de Prevu3D est compos\\u00e9 d'un symbole 3D g\\u00e9om\\u00e9trique audacieux et d'une typographie \\u00e9pur\\u00e9e.\"},\"primaryImageOfPage\":{\"@id\":\"https:\\\/\\\/www.prevu3d.com\\\/fr\\\/reservez-demo\\\/#mainImage\"},\"datePublished\":\"2023-06-08T18:56:28-04:00\",\"dateModified\":\"2026-04-09T07:53:43-04:00\"},{\"@type\":\"WebSite\",\"@id\":\"https:\\\/\\\/www.prevu3d.com\\\/fr\\\/#website\",\"url\":\"https:\\\/\\\/www.prevu3d.com\\\/fr\\\/\",\"name\":\"Prevu3D\",\"description\":\"Meet your digital twin\",\"inLanguage\":\"fr-FR\",\"publisher\":{\"@id\":\"https:\\\/\\\/www.prevu3d.com\\\/fr\\\/#organization\"}}]}\n\t\t<\/script>\n\t\t<!-- All in One SEO Pro -->\r\n\t\t<title>R\u00e9server une d\u00e9mo | Prevu3D<\/title>\n\n","aioseo_head_json":{"title":"R\u00e9server une d\u00e9mo | Prevu3D","description":"R\u00e9servez une d\u00e9monstration avec Prevu3D pour voir comment les \u00e9quipes d'ing\u00e9nieurs r\u00e9duisent le temps de conception, les visites sur site et \u00e9vitent des erreurs co\u00fbteuses gr\u00e2ce \u00e0 des environnements 3D immersifs.","canonical_url":"https:\/\/www.prevu3d.com\/fr\/reservez-demo\/","robots":"max-image-preview:large","keywords":"","webmasterTools":{"google-site-verification":"1aaBOTbZDn3PC1QZfiAz4ZTsGnMlm2ayWpksfw3hWIA","miscellaneous":""},"schema":{"@context":"https:\/\/schema.org","@graph":[{"@type":"BreadcrumbList","@id":"https:\/\/www.prevu3d.com\/fr\/reservez-demo\/#breadcrumblist","itemListElement":[{"@type":"ListItem","@id":"https:\/\/www.prevu3d.com\/fr\/#listItem","position":1,"name":"Home","item":"https:\/\/www.prevu3d.com\/fr\/","nextItem":{"@type":"ListItem","@id":"https:\/\/www.prevu3d.com\/fr\/reservez-demo\/#listItem","name":"R\u00e9server une d\u00e9mo"}},{"@type":"ListItem","@id":"https:\/\/www.prevu3d.com\/fr\/reservez-demo\/#listItem","position":2,"name":"R\u00e9server une d\u00e9mo","previousItem":{"@type":"ListItem","@id":"https:\/\/www.prevu3d.com\/fr\/#listItem","name":"Home"}}]},{"@type":"Organization","@id":"https:\/\/www.prevu3d.com\/fr\/#organization","name":"Prevu3D","description":"Enterprise 3D Digital Twin Software Solutions","url":"https:\/\/www.prevu3d.com\/fr\/","logo":{"@type":"ImageObject","url":"https:\/\/www.prevu3d.com\/wp-content\/uploads\/2026\/02\/prevu3d_logo.png","@id":"https:\/\/www.prevu3d.com\/fr\/reservez-demo\/#organizationLogo","width":1200,"height":630},"image":{"@id":"https:\/\/www.prevu3d.com\/fr\/reservez-demo\/#organizationLogo"},"sameAs":["https:\/\/www.linkedin.com\/company\/prevu3d"]},{"@type":"WebPage","@id":"https:\/\/www.prevu3d.com\/fr\/reservez-demo\/#webpage","url":"https:\/\/www.prevu3d.com\/fr\/reservez-demo\/","name":"R\u00e9server une d\u00e9mo | Prevu3D","description":"R\u00e9servez une d\u00e9monstration avec Prevu3D pour voir comment les \u00e9quipes d'ing\u00e9nieurs r\u00e9duisent le temps de conception, les visites sur site et \u00e9vitent des erreurs co\u00fbteuses gr\u00e2ce \u00e0 des environnements 3D immersifs.","inLanguage":"fr-FR","isPartOf":{"@id":"https:\/\/www.prevu3d.com\/fr\/#website"},"breadcrumb":{"@id":"https:\/\/www.prevu3d.com\/fr\/reservez-demo\/#breadcrumblist"},"image":{"@type":"ImageObject","url":"https:\/\/www.prevu3d.com\/wp-content\/uploads\/2025\/04\/Prevu3D.png","@id":"https:\/\/www.prevu3d.com\/fr\/reservez-demo\/#mainImage","width":750,"height":580,"caption":"Le logo officiel de Prevu3D est compos\u00e9 d'un symbole 3D g\u00e9om\u00e9trique audacieux et d'une typographie \u00e9pur\u00e9e."},"primaryImageOfPage":{"@id":"https:\/\/www.prevu3d.com\/fr\/reservez-demo\/#mainImage"},"datePublished":"2023-06-08T18:56:28-04:00","dateModified":"2026-04-09T07:53:43-04:00"},{"@type":"WebSite","@id":"https:\/\/www.prevu3d.com\/fr\/#website","url":"https:\/\/www.prevu3d.com\/fr\/","name":"Prevu3D","description":"Meet your digital twin","inLanguage":"fr-FR","publisher":{"@id":"https:\/\/www.prevu3d.com\/fr\/#organization"}}]},"og:locale":"fr_FR","og:site_name":"Prevu3D | Meet your digital twin","og:type":"article","og:title":"R\u00e9server une d\u00e9mo | Prevu3D","og:description":"R\u00e9servez une d\u00e9monstration avec Prevu3D pour voir comment les \u00e9quipes d'ing\u00e9nieurs r\u00e9duisent le temps de conception, les visites sur site et \u00e9vitent des erreurs co\u00fbteuses gr\u00e2ce \u00e0 des environnements 3D immersifs.","og:url":"https:\/\/www.prevu3d.com\/fr\/reservez-demo\/","og:image":"https:\/\/www.prevu3d.com\/wp-content\/uploads\/2025\/04\/Prevu3D.png","og:image:secure_url":"https:\/\/www.prevu3d.com\/wp-content\/uploads\/2025\/04\/Prevu3D.png","og:image:width":750,"og:image:height":580,"article:published_time":"2023-06-08T22:56:28+00:00","article:modified_time":"2026-04-09T11:53:43+00:00","twitter:card":"summary_large_image","twitter:title":"R\u00e9server une d\u00e9mo | Prevu3D","twitter:description":"R\u00e9servez une d\u00e9monstration avec Prevu3D pour voir comment les \u00e9quipes d'ing\u00e9nieurs r\u00e9duisent le temps de conception, les visites sur site et \u00e9vitent des erreurs co\u00fbteuses gr\u00e2ce \u00e0 des environnements 3D immersifs.","twitter:image":"https:\/\/www.prevu3d.com\/wp-content\/uploads\/2025\/04\/Prevu3D.png"},"aioseo_meta_data":{"post_id":"2404","title":null,"description":null,"keywords":null,"keyphrases":{"focus":{"keyphrase":"book a demo","score":83,"analysis":{"keyphraseInTitle":{"score":9,"maxScore":9,"error":0},"keyphraseInDescription":{"score":9,"maxScore":9,"error":0},"keyphraseLength":{"score":9,"maxScore":9,"error":0,"length":3},"keyphraseInURL":{"score":1,"maxScore":5,"error":1},"keyphraseInIntroduction":{"score":9,"maxScore":9,"error":0},"keyphraseInSubHeadings":[],"keyphraseInImageAlt":{"score":3,"maxScore":9,"error":1},"keywordDensity":{"type":"best","score":9,"maxScore":9,"error":0}}},"additional":[{"keyphrase":"Book demo","score":40,"analysis":{"keyphraseInDescription":{"score":3,"maxScore":9,"error":1},"keyphraseLength":{"score":9,"maxScore":9,"error":0,"length":2},"keyphraseInIntroduction":{"score":3,"maxScore":9,"error":1},"keyphraseInImageAlt":{"score":3,"maxScore":9,"error":1},"keywordDensity":{"score":0,"type":"low","maxScore":9,"error":1}}}]},"primary_term":null,"canonical_url":null,"og_title":null,"og_description":null,"og_object_type":"default","og_image_type":"default","og_image_url":null,"og_image_width":null,"og_image_height":null,"og_image_custom_url":null,"og_image_custom_fields":null,"og_video":"","og_custom_url":null,"og_article_section":null,"og_article_tags":null,"twitter_use_og":false,"twitter_card":"default","twitter_image_type":"default","twitter_image_url":null,"twitter_image_custom_url":null,"twitter_image_custom_fields":null,"twitter_title":null,"twitter_description":null,"schema":{"blockGraphs":[],"customGraphs":[],"default":{"data":{"Article":[],"Course":[],"Dataset":[],"FAQPage":[],"Movie":[],"Person":[],"Product":[],"ProductReview":[],"Car":[],"Recipe":[],"Service":[],"SoftwareApplication":[],"WebPage":[]},"graphName":"WebPage","isEnabled":true},"graphs":[]},"schema_type":"default","schema_type_options":null,"pillar_content":false,"robots_default":true,"robots_noindex":false,"robots_noarchive":false,"robots_nosnippet":false,"robots_nofollow":false,"robots_noimageindex":false,"robots_noodp":false,"robots_notranslate":false,"robots_max_snippet":"-1","robots_max_videopreview":"-1","robots_max_imagepreview":"large","priority":null,"frequency":"default","local_seo":null,"seo_analyzer_scan_date":"2026-03-23 17:23:51","breadcrumb_settings":null,"limit_modified_date":false,"reviewed_by":"0","open_ai":null,"ai":{"faqs":[],"keyPoints":[],"titles":[],"descriptions":[],"socialPosts":{"email":[],"linkedin":[],"twitter":[],"facebook":[],"instagram":[]}},"created":"2025-05-01 17:30:09","updated":"2026-04-09 12:28:52"},"aioseo_breadcrumb":"<div class=\"aioseo-breadcrumbs\"><span class=\"aioseo-breadcrumb\">\n\t<a href=\"https:\/\/www.prevu3d.com\/fr\/\" title=\"Home\">Home<\/a>\n<\/span><span class=\"aioseo-breadcrumb-separator\">|<\/span><span class=\"aioseo-breadcrumb\">\n\tR\u00e9server une d\u00e9mo\n<\/span><\/div>","aioseo_breadcrumb_json":[{"label":"Home","link":"https:\/\/www.prevu3d.com\/fr\/"},{"label":"R\u00e9server une d\u00e9mo","link":"https:\/\/www.prevu3d.com\/fr\/reservez-demo\/"}],"_links":{"self":[{"href":"https:\/\/www.prevu3d.com\/fr\/wp-json\/wp\/v2\/pages\/2404","targetHints":{"allow":["GET"]}}],"collection":[{"href":"https:\/\/www.prevu3d.com\/fr\/wp-json\/wp\/v2\/pages"}],"about":[{"href":"https:\/\/www.prevu3d.com\/fr\/wp-json\/wp\/v2\/types\/page"}],"author":[{"embeddable":true,"href":"https:\/\/www.prevu3d.com\/fr\/wp-json\/wp\/v2\/users\/24"}],"replies":[{"embeddable":true,"href":"https:\/\/www.prevu3d.com\/fr\/wp-json\/wp\/v2\/comments?post=2404"}],"version-history":[{"count":2,"href":"https:\/\/www.prevu3d.com\/fr\/wp-json\/wp\/v2\/pages\/2404\/revisions"}],"predecessor-version":[{"id":29545,"href":"https:\/\/www.prevu3d.com\/fr\/wp-json\/wp\/v2\/pages\/2404\/revisions\/29545"}],"wp:featuredmedia":[{"embeddable":true,"href":"https:\/\/www.prevu3d.com\/fr\/wp-json\/wp\/v2\/media\/11450"}],"wp:attachment":[{"href":"https:\/\/www.prevu3d.com\/fr\/wp-json\/wp\/v2\/media?parent=2404"}],"curies":[{"name":"wp","href":"https:\/\/api.w.org\/{rel}","templated":true}]}}