{"id":14227,"date":"2026-04-08T11:41:24","date_gmt":"2026-04-08T15:41:24","guid":{"rendered":"https:\/\/wpengine-dev.prevu3d-int.com\/page-daccueil-2\/"},"modified":"2026-04-09T09:08:24","modified_gmt":"2026-04-09T13:08:24","slug":"page-daccueil-2","status":"publish","type":"page","link":"https:\/\/www.prevu3d.com\/fr\/","title":{"rendered":"Accueil"},"content":{"rendered":"","protected":false},"excerpt":{"rendered":"<p>Solutions logicielles de jumeaux num\u00e9riques 3D d&rsquo;entreprise qui transforment la capture de la r\u00e9alit\u00e9 en une source unique de v\u00e9rit\u00e9. Connectez les donn\u00e9es CAO et op\u00e9rationnelles dans un environnement 3D dynamique. <\/p>\n","protected":false},"author":24,"featured_media":11450,"parent":0,"menu_order":0,"comment_status":"closed","ping_status":"closed","template":"","meta":{"_acf_changed":false,"content-type":"","inline_featured_image":false,"footnotes":""},"class_list":["post-14227","page","type-page","status-publish","has-post-thumbnail","hentry"],"acf":[],"aioseo_notices":[],"aioseo_head":"\n\t\t<!-- All in One SEO Pro 4.9.5.2 - aioseo.com -->\n\t<meta name=\"description\" content=\"Solutions logicielles de jumeaux num\u00e9riques 3D d&#039;entreprise qui transforment la capture de la r\u00e9alit\u00e9 en une source unique de v\u00e9rit\u00e9. Connectez les donn\u00e9es CAO et op\u00e9rationnelles dans un environnement 3D dynamique.\" \/>\n\t<meta name=\"robots\" content=\"max-image-preview:large\" \/>\n\t<meta name=\"google-site-verification\" content=\"1aaBOTbZDn3PC1QZfiAz4ZTsGnMlm2ayWpksfw3hWIA\" \/>\n\t<link rel=\"canonical\" href=\"https:\/\/www.prevu3d.com\/fr\/\" \/>\n\t<meta name=\"generator\" content=\"All in One SEO Pro (AIOSEO) 4.9.5.2\" \/>\n\t\t<meta property=\"og:locale\" content=\"fr_FR\" \/>\n\t\t<meta property=\"og:site_name\" content=\"Prevu3D | Meet your digital twin\" \/>\n\t\t<meta property=\"og:type\" content=\"website\" \/>\n\t\t<meta property=\"og:title\" content=\"Solutions logicielles d&#039;entreprise pour les jumeaux num\u00e9riques 3D | Prevu3D\" \/>\n\t\t<meta property=\"og:description\" content=\"Solutions logicielles de jumeaux num\u00e9riques 3D d&#039;entreprise qui transforment la capture de la r\u00e9alit\u00e9 en une source unique de v\u00e9rit\u00e9. Connectez les donn\u00e9es CAO et op\u00e9rationnelles dans un environnement 3D dynamique.\" \/>\n\t\t<meta property=\"og:url\" content=\"https:\/\/www.prevu3d.com\/fr\/\" \/>\n\t\t<meta property=\"og:image\" content=\"https:\/\/www.prevu3d.com\/wp-content\/uploads\/2025\/04\/Prevu3D.png\" \/>\n\t\t<meta property=\"og:image:secure_url\" content=\"https:\/\/www.prevu3d.com\/wp-content\/uploads\/2025\/04\/Prevu3D.png\" \/>\n\t\t<meta name=\"twitter:card\" content=\"summary_large_image\" \/>\n\t\t<meta name=\"twitter:title\" content=\"Solutions logicielles d&#039;entreprise pour les jumeaux num\u00e9riques 3D | Prevu3D\" \/>\n\t\t<meta name=\"twitter:description\" content=\"Solutions logicielles de jumeaux num\u00e9riques 3D d&#039;entreprise qui transforment la capture de la r\u00e9alit\u00e9 en une source unique de v\u00e9rit\u00e9. Connectez les donn\u00e9es CAO et op\u00e9rationnelles dans un environnement 3D dynamique.\" \/>\n\t\t<meta name=\"twitter:image\" content=\"https:\/\/www.prevu3d.com\/wp-content\/uploads\/2025\/04\/Prevu3D.png\" \/>\n\t\t<script type=\"application\/ld+json\" class=\"aioseo-schema\">\n\t\t\t{\"@context\":\"https:\\\/\\\/schema.org\",\"@graph\":[{\"@type\":\"BreadcrumbList\",\"@id\":\"https:\\\/\\\/www.prevu3d.com\\\/fr\\\/#breadcrumblist\",\"itemListElement\":[{\"@type\":\"ListItem\",\"@id\":\"https:\\\/\\\/www.prevu3d.com\\\/fr\\\/#listItem\",\"position\":1,\"name\":\"Home\",\"item\":\"https:\\\/\\\/www.prevu3d.com\\\/fr\\\/\",\"nextItem\":{\"@type\":\"ListItem\",\"@id\":\"https:\\\/\\\/www.prevu3d.com\\\/fr\\\/#listItem\",\"name\":\"Accueil\"}},{\"@type\":\"ListItem\",\"@id\":\"https:\\\/\\\/www.prevu3d.com\\\/fr\\\/#listItem\",\"position\":2,\"name\":\"Accueil\",\"previousItem\":{\"@type\":\"ListItem\",\"@id\":\"https:\\\/\\\/www.prevu3d.com\\\/fr\\\/#listItem\",\"name\":\"Home\"}}]},{\"@type\":\"LocalBusiness\",\"@id\":\"https:\\\/\\\/www.prevu3d.com\\\/fr\\\/#localbusiness\",\"name\":\"Prevu3D\",\"brand\":{\"@id\":\"https:\\\/\\\/www.prevu3d.com\\\/fr\\\/#organization\"},\"url\":\"https:\\\/\\\/www.prevu3d.com\\\/fr\\\/\",\"image\":\"https:\\\/\\\/www.prevu3d.com\\\/wp-content\\\/uploads\\\/2026\\\/02\\\/prevu3d_logo.png\",\"logo\":\"https:\\\/\\\/www.prevu3d.com\\\/fr\\\/#logo\",\"openingHoursSpecification\":[{\"@type\":\"OpeningHoursSpecification\",\"dayOfWeek\":[\"https:\\\/\\\/schema.org\\\/Monday\"],\"opens\":\"09:00\",\"closes\":\"17:00\"},{\"@type\":\"OpeningHoursSpecification\",\"dayOfWeek\":[\"https:\\\/\\\/schema.org\\\/Tuesday\"],\"opens\":\"09:00\",\"closes\":\"17:00\"},{\"@type\":\"OpeningHoursSpecification\",\"dayOfWeek\":[\"https:\\\/\\\/schema.org\\\/Wednesday\"],\"opens\":\"09:00\",\"closes\":\"17:00\"},{\"@type\":\"OpeningHoursSpecification\",\"dayOfWeek\":[\"https:\\\/\\\/schema.org\\\/Thursday\"],\"opens\":\"09:00\",\"closes\":\"17:00\"},{\"@type\":\"OpeningHoursSpecification\",\"dayOfWeek\":[\"https:\\\/\\\/schema.org\\\/Friday\"],\"opens\":\"09:00\",\"closes\":\"17:00\"},{\"@type\":\"OpeningHoursSpecification\",\"dayOfWeek\":[\"https:\\\/\\\/schema.org\\\/Saturday\"],\"opens\":\"09:00\",\"closes\":\"17:00\"},{\"@type\":\"OpeningHoursSpecification\",\"dayOfWeek\":[\"https:\\\/\\\/schema.org\\\/Sunday\"],\"opens\":\"09:00\",\"closes\":\"17:00\"}]},{\"@type\":\"Organization\",\"@id\":\"https:\\\/\\\/www.prevu3d.com\\\/fr\\\/#organization\",\"name\":\"Prevu3D\",\"description\":\"Enterprise 3D Digital Twin Software Solutions\",\"url\":\"https:\\\/\\\/www.prevu3d.com\\\/fr\\\/\",\"logo\":{\"@type\":\"ImageObject\",\"url\":\"https:\\\/\\\/www.prevu3d.com\\\/wp-content\\\/uploads\\\/2026\\\/02\\\/prevu3d_logo.png\",\"@id\":\"https:\\\/\\\/www.prevu3d.com\\\/fr\\\/#organizationLogo\",\"width\":1200,\"height\":630},\"image\":{\"@id\":\"https:\\\/\\\/www.prevu3d.com\\\/fr\\\/#organizationLogo\"},\"sameAs\":[\"https:\\\/\\\/www.linkedin.com\\\/company\\\/prevu3d\"]},{\"@type\":\"WebPage\",\"@id\":\"https:\\\/\\\/www.prevu3d.com\\\/fr\\\/#webpage\",\"url\":\"https:\\\/\\\/www.prevu3d.com\\\/fr\\\/\",\"name\":\"Solutions logicielles d'entreprise pour les jumeaux num\\u00e9riques 3D | Prevu3D\",\"description\":\"Solutions logicielles de jumeaux num\\u00e9riques 3D d'entreprise qui transforment la capture de la r\\u00e9alit\\u00e9 en une source unique de v\\u00e9rit\\u00e9. Connectez les donn\\u00e9es CAO et op\\u00e9rationnelles dans un environnement 3D dynamique.\",\"inLanguage\":\"fr-FR\",\"isPartOf\":{\"@id\":\"https:\\\/\\\/www.prevu3d.com\\\/fr\\\/#website\"},\"breadcrumb\":{\"@id\":\"https:\\\/\\\/www.prevu3d.com\\\/fr\\\/#breadcrumblist\"},\"image\":{\"@type\":\"ImageObject\",\"url\":\"https:\\\/\\\/www.prevu3d.com\\\/wp-content\\\/uploads\\\/2025\\\/04\\\/Prevu3D.png\",\"@id\":\"https:\\\/\\\/www.prevu3d.com\\\/fr\\\/#mainImage\",\"width\":750,\"height\":580,\"caption\":\"Le logo officiel de Prevu3D est compos\\u00e9 d'un symbole 3D g\\u00e9om\\u00e9trique audacieux et d'une typographie \\u00e9pur\\u00e9e.\"},\"primaryImageOfPage\":{\"@id\":\"https:\\\/\\\/www.prevu3d.com\\\/fr\\\/#mainImage\"},\"datePublished\":\"2026-04-08T11:41:24-04:00\",\"dateModified\":\"2026-04-09T09:08:24-04:00\"},{\"@type\":\"WebSite\",\"@id\":\"https:\\\/\\\/www.prevu3d.com\\\/fr\\\/#website\",\"url\":\"https:\\\/\\\/www.prevu3d.com\\\/fr\\\/\",\"name\":\"Prevu3D\",\"description\":\"Meet your digital twin\",\"inLanguage\":\"fr-FR\",\"publisher\":{\"@id\":\"https:\\\/\\\/www.prevu3d.com\\\/fr\\\/#organization\"}}]}\n\t\t<\/script>\n\t\t<!-- All in One SEO Pro -->\r\n\t\t<title>Solutions logicielles d'entreprise pour les jumeaux num\u00e9riques 3D | Prevu3D<\/title>\n\n","aioseo_head_json":{"title":"Solutions logicielles d'entreprise pour les jumeaux num\u00e9riques 3D | Prevu3D","description":"Solutions logicielles de jumeaux num\u00e9riques 3D d'entreprise qui transforment la capture de la r\u00e9alit\u00e9 en une source unique de v\u00e9rit\u00e9. Connectez les donn\u00e9es CAO et op\u00e9rationnelles dans un environnement 3D dynamique.","canonical_url":"https:\/\/www.prevu3d.com\/fr\/","robots":"max-image-preview:large","keywords":"","webmasterTools":{"google-site-verification":"1aaBOTbZDn3PC1QZfiAz4ZTsGnMlm2ayWpksfw3hWIA","miscellaneous":""},"schema":{"@context":"https:\/\/schema.org","@graph":[{"@type":"BreadcrumbList","@id":"https:\/\/www.prevu3d.com\/fr\/#breadcrumblist","itemListElement":[{"@type":"ListItem","@id":"https:\/\/www.prevu3d.com\/fr\/#listItem","position":1,"name":"Home","item":"https:\/\/www.prevu3d.com\/fr\/","nextItem":{"@type":"ListItem","@id":"https:\/\/www.prevu3d.com\/fr\/#listItem","name":"Accueil"}},{"@type":"ListItem","@id":"https:\/\/www.prevu3d.com\/fr\/#listItem","position":2,"name":"Accueil","previousItem":{"@type":"ListItem","@id":"https:\/\/www.prevu3d.com\/fr\/#listItem","name":"Home"}}]},{"@type":"LocalBusiness","@id":"https:\/\/www.prevu3d.com\/fr\/#localbusiness","name":"Prevu3D","brand":{"@id":"https:\/\/www.prevu3d.com\/fr\/#organization"},"url":"https:\/\/www.prevu3d.com\/fr\/","image":"https:\/\/www.prevu3d.com\/wp-content\/uploads\/2026\/02\/prevu3d_logo.png","logo":"https:\/\/www.prevu3d.com\/fr\/#logo","openingHoursSpecification":[{"@type":"OpeningHoursSpecification","dayOfWeek":["https:\/\/schema.org\/Monday"],"opens":"09:00","closes":"17:00"},{"@type":"OpeningHoursSpecification","dayOfWeek":["https:\/\/schema.org\/Tuesday"],"opens":"09:00","closes":"17:00"},{"@type":"OpeningHoursSpecification","dayOfWeek":["https:\/\/schema.org\/Wednesday"],"opens":"09:00","closes":"17:00"},{"@type":"OpeningHoursSpecification","dayOfWeek":["https:\/\/schema.org\/Thursday"],"opens":"09:00","closes":"17:00"},{"@type":"OpeningHoursSpecification","dayOfWeek":["https:\/\/schema.org\/Friday"],"opens":"09:00","closes":"17:00"},{"@type":"OpeningHoursSpecification","dayOfWeek":["https:\/\/schema.org\/Saturday"],"opens":"09:00","closes":"17:00"},{"@type":"OpeningHoursSpecification","dayOfWeek":["https:\/\/schema.org\/Sunday"],"opens":"09:00","closes":"17:00"}]},{"@type":"Organization","@id":"https:\/\/www.prevu3d.com\/fr\/#organization","name":"Prevu3D","description":"Enterprise 3D Digital Twin Software Solutions","url":"https:\/\/www.prevu3d.com\/fr\/","logo":{"@type":"ImageObject","url":"https:\/\/www.prevu3d.com\/wp-content\/uploads\/2026\/02\/prevu3d_logo.png","@id":"https:\/\/www.prevu3d.com\/fr\/#organizationLogo","width":1200,"height":630},"image":{"@id":"https:\/\/www.prevu3d.com\/fr\/#organizationLogo"},"sameAs":["https:\/\/www.linkedin.com\/company\/prevu3d"]},{"@type":"WebPage","@id":"https:\/\/www.prevu3d.com\/fr\/#webpage","url":"https:\/\/www.prevu3d.com\/fr\/","name":"Solutions logicielles d'entreprise pour les jumeaux num\u00e9riques 3D | Prevu3D","description":"Solutions logicielles de jumeaux num\u00e9riques 3D d'entreprise qui transforment la capture de la r\u00e9alit\u00e9 en une source unique de v\u00e9rit\u00e9. Connectez les donn\u00e9es CAO et op\u00e9rationnelles dans un environnement 3D dynamique.","inLanguage":"fr-FR","isPartOf":{"@id":"https:\/\/www.prevu3d.com\/fr\/#website"},"breadcrumb":{"@id":"https:\/\/www.prevu3d.com\/fr\/#breadcrumblist"},"image":{"@type":"ImageObject","url":"https:\/\/www.prevu3d.com\/wp-content\/uploads\/2025\/04\/Prevu3D.png","@id":"https:\/\/www.prevu3d.com\/fr\/#mainImage","width":750,"height":580,"caption":"Le logo officiel de Prevu3D est compos\u00e9 d'un symbole 3D g\u00e9om\u00e9trique audacieux et d'une typographie \u00e9pur\u00e9e."},"primaryImageOfPage":{"@id":"https:\/\/www.prevu3d.com\/fr\/#mainImage"},"datePublished":"2026-04-08T11:41:24-04:00","dateModified":"2026-04-09T09:08:24-04:00"},{"@type":"WebSite","@id":"https:\/\/www.prevu3d.com\/fr\/#website","url":"https:\/\/www.prevu3d.com\/fr\/","name":"Prevu3D","description":"Meet your digital twin","inLanguage":"fr-FR","publisher":{"@id":"https:\/\/www.prevu3d.com\/fr\/#organization"}}]},"og:locale":"fr_FR","og:site_name":"Prevu3D | Meet your digital twin","og:type":"website","og:title":"Solutions logicielles d'entreprise pour les jumeaux num\u00e9riques 3D | Prevu3D","og:description":"Solutions logicielles de jumeaux num\u00e9riques 3D d'entreprise qui transforment la capture de la r\u00e9alit\u00e9 en une source unique de v\u00e9rit\u00e9. Connectez les donn\u00e9es CAO et op\u00e9rationnelles dans un environnement 3D dynamique.","og:url":"https:\/\/www.prevu3d.com\/fr\/","og:image":"https:\/\/www.prevu3d.com\/wp-content\/uploads\/2025\/04\/Prevu3D.png","og:image:secure_url":"https:\/\/www.prevu3d.com\/wp-content\/uploads\/2025\/04\/Prevu3D.png","twitter:card":"summary_large_image","twitter:title":"Solutions logicielles d'entreprise pour les jumeaux num\u00e9riques 3D | Prevu3D","twitter:description":"Solutions logicielles de jumeaux num\u00e9riques 3D d'entreprise qui transforment la capture de la r\u00e9alit\u00e9 en une source unique de v\u00e9rit\u00e9. Connectez les donn\u00e9es CAO et op\u00e9rationnelles dans un environnement 3D dynamique.","twitter:image":"https:\/\/www.prevu3d.com\/wp-content\/uploads\/2025\/04\/Prevu3D.png"},"aioseo_meta_data":{"post_id":"14227","title":"Solutions logicielles d'entreprise pour les jumeaux num\u00e9riques 3D #separator_sa #site_title","description":null,"keywords":null,"keyphrases":{"focus":{"keyphrase":"digital twin software","score":90,"analysis":{"keyphraseInTitle":{"score":9,"maxScore":9,"error":0},"keyphraseInDescription":{"score":9,"maxScore":9,"error":0},"keyphraseLength":{"score":9,"maxScore":9,"error":0,"length":3},"keyphraseInIntroduction":{"score":9,"maxScore":9,"error":0},"keyphraseInSubHeadings":{"score":3,"maxScore":9,"error":1},"keyphraseInImageAlt":{"score":9,"maxScore":9,"error":0},"keywordDensity":{"type":"best","score":9,"maxScore":9,"error":0}}},"additional":[]},"primary_term":null,"canonical_url":null,"og_title":null,"og_description":null,"og_object_type":"website","og_image_type":"featured","og_image_url":"https:\/\/www.prevu3d.com\/wp-content\/uploads\/2025\/04\/Prevu3D.png","og_image_width":"0","og_image_height":"0","og_image_custom_url":null,"og_image_custom_fields":null,"og_video":"","og_custom_url":null,"og_article_section":null,"og_article_tags":null,"twitter_use_og":false,"twitter_card":"default","twitter_image_type":"default","twitter_image_url":null,"twitter_image_custom_url":null,"twitter_image_custom_fields":null,"twitter_title":null,"twitter_description":null,"schema":{"blockGraphs":[],"customGraphs":[],"default":{"data":{"Article":[],"Course":[],"Dataset":[],"FAQPage":[],"Movie":[],"Person":[],"Product":[],"ProductReview":[],"Car":[],"Recipe":[],"Service":[],"SoftwareApplication":[],"WebPage":[]},"graphName":"WebPage","isEnabled":true},"graphs":[]},"schema_type":"default","schema_type_options":null,"pillar_content":false,"robots_default":true,"robots_noindex":false,"robots_noarchive":false,"robots_nosnippet":false,"robots_nofollow":false,"robots_noimageindex":false,"robots_noodp":false,"robots_notranslate":false,"robots_max_snippet":"-1","robots_max_videopreview":"-1","robots_max_imagepreview":"large","priority":null,"frequency":"default","local_seo":null,"seo_analyzer_scan_date":"2026-04-09 13:29:36","breadcrumb_settings":null,"limit_modified_date":false,"reviewed_by":"0","open_ai":null,"ai":{"faqs":[],"keyPoints":[],"titles":[],"descriptions":[],"socialPosts":{"email":[],"linkedin":[],"twitter":[],"facebook":[],"instagram":[]}},"created":"2025-10-23 18:54:09","updated":"2026-04-09 13:33:02"},"aioseo_breadcrumb":"<div class=\"aioseo-breadcrumbs\"><span class=\"aioseo-breadcrumb\">\n\t<a href=\"https:\/\/www.prevu3d.com\/fr\/\" title=\"Home\">Home<\/a>\n<\/span><span class=\"aioseo-breadcrumb-separator\">|<\/span><span class=\"aioseo-breadcrumb\">\n\tAccueil\n<\/span><\/div>","aioseo_breadcrumb_json":[{"label":"Home","link":"https:\/\/www.prevu3d.com\/fr\/"},{"label":"Accueil","link":"https:\/\/www.prevu3d.com\/fr\/"}],"_links":{"self":[{"href":"https:\/\/www.prevu3d.com\/fr\/wp-json\/wp\/v2\/pages\/14227","targetHints":{"allow":["GET"]}}],"collection":[{"href":"https:\/\/www.prevu3d.com\/fr\/wp-json\/wp\/v2\/pages"}],"about":[{"href":"https:\/\/www.prevu3d.com\/fr\/wp-json\/wp\/v2\/types\/page"}],"author":[{"embeddable":true,"href":"https:\/\/www.prevu3d.com\/fr\/wp-json\/wp\/v2\/users\/24"}],"replies":[{"embeddable":true,"href":"https:\/\/www.prevu3d.com\/fr\/wp-json\/wp\/v2\/comments?post=14227"}],"version-history":[{"count":3,"href":"https:\/\/www.prevu3d.com\/fr\/wp-json\/wp\/v2\/pages\/14227\/revisions"}],"predecessor-version":[{"id":31564,"href":"https:\/\/www.prevu3d.com\/fr\/wp-json\/wp\/v2\/pages\/14227\/revisions\/31564"}],"wp:featuredmedia":[{"embeddable":true,"href":"https:\/\/www.prevu3d.com\/fr\/wp-json\/wp\/v2\/media\/11450"}],"wp:attachment":[{"href":"https:\/\/www.prevu3d.com\/fr\/wp-json\/wp\/v2\/media?parent=14227"}],"curies":[{"name":"wp","href":"https:\/\/api.w.org\/{rel}","templated":true}]}}